{"id":8623,"date":"2025-03-17T20:21:46","date_gmt":"2025-03-17T20:21:46","guid":{"rendered":"https:\/\/toit.uk\/?post_type=product&#038;p=8623"},"modified":"2025-03-17T20:29:27","modified_gmt":"2025-03-17T20:29:27","slug":"eutanasia-de-spike-copy-copy","status":"publish","type":"product","link":"https:\/\/toit.uk\/pt-br\/produto\/eutanasia-de-spike-copy-copy\/","title":{"rendered":"Eutan\u00e1sia de Spike (Copy) (Copy)"},"content":{"rendered":"<p>Esse produto \u00e9 de excepcional qualidade e resist\u00eancia. Com um design de a\u00e7o inoxid\u00e1vel 316 de grau cir\u00fargico em uma \u00fanica pe\u00e7a. Este produto faz parte de nossa linha Toit Modular. O \u00e2ngulo de ponta raso diminui os hematomas e garante uma penetra\u00e7\u00e3o r\u00e1pida e sem esfor\u00e7o em qualquer carne de peixe ao despach\u00e1-lo durante a colheita. Sempre garanta que o produto seja armazenado com seguran\u00e7a quando n\u00e3o estiver em uso. O design bidirecional na extremidade da pin\u00e7a permite que a extremidade do espig\u00e3o seja armazenada dentro da al\u00e7a reta. O a\u00e7o inoxid\u00e1vel 316 proporcionar\u00e1 uma \u00f3tima resist\u00eancia \u00e0 corros\u00e3o.<\/p>\n","protected":false},"excerpt":{"rendered":"<p>Eutan\u00e1sia de Spike. Fabricado em a\u00e7o inoxid\u00e1vel 316. Sistema de pin\u00e7a inovador, parte do sistema modular de ferramentas Toit. Pin\u00e7a bidirecional, permite o armazenamento seguro na al\u00e7a reta quando n\u00e3o estiver em uso. Use o produto em conjunto com o acess\u00f3rio de produto modular de al\u00e7a reta ou em T. Use o espig\u00e3o Eunthanizing para eliminar humanamente qualquer peixe que voc\u00ea capturar. N\u00e3o \u00e9 adequado para uso infantil.<\/p>\n","protected":false},"featured_media":8412,"comment_status":"open","ping_status":"closed","template":"","meta":{"_acf_changed":false,"_kad_blocks_custom_css":"","_kad_blocks_head_custom_js":"","_kad_blocks_body_custom_js":"","_kad_blocks_footer_custom_js":"","_kad_post_transparent":"default","_kad_post_title":"","_kad_post_layout":"default","_kad_post_sidebar_id":"","_kad_post_content_style":"default","_kad_post_vertical_padding":"default","_kad_post_feature":"","_kad_post_feature_position":"","_kad_post_header":false,"_kad_post_footer":false,"_kad_post_classname":""},"product_brand":[],"product_cat":[63],"product_tag":[],"class_list":{"0":"post-8623","1":"product","2":"type-product","3":"status-publish","4":"has-post-thumbnail","6":"product_cat-acessorios","8":"first","9":"instock","10":"taxable","11":"shipping-taxable","12":"purchasable","13":"product-type-simple","14":"entry","15":"content-bg","16":"loop-entry"},"acf":[],"taxonomy_info":{"product_cat":[{"value":63,"label":"Acess\u00f3rios"}]},"featured_image_src_large":["https:\/\/toit.uk\/wp-content\/uploads\/2025\/03\/Toit-71-2-1.jpg",800,800,false],"author_info":[],"comment_info":0,"_links":{"self":[{"href":"https:\/\/toit.uk\/pt-br\/wp-json\/wp\/v2\/product\/8623","targetHints":{"allow":["GET"]}}],"collection":[{"href":"https:\/\/toit.uk\/pt-br\/wp-json\/wp\/v2\/product"}],"about":[{"href":"https:\/\/toit.uk\/pt-br\/wp-json\/wp\/v2\/types\/product"}],"replies":[{"embeddable":true,"href":"https:\/\/toit.uk\/pt-br\/wp-json\/wp\/v2\/comments?post=8623"}],"wp:featuredmedia":[{"embeddable":true,"href":"https:\/\/toit.uk\/pt-br\/wp-json\/wp\/v2\/media\/8412"}],"wp:attachment":[{"href":"https:\/\/toit.uk\/pt-br\/wp-json\/wp\/v2\/media?parent=8623"}],"wp:term":[{"taxonomy":"product_brand","embeddable":true,"href":"https:\/\/toit.uk\/pt-br\/wp-json\/wp\/v2\/product_brand?post=8623"},{"taxonomy":"product_cat","embeddable":true,"href":"https:\/\/toit.uk\/pt-br\/wp-json\/wp\/v2\/product_cat?post=8623"},{"taxonomy":"product_tag","embeddable":true,"href":"https:\/\/toit.uk\/pt-br\/wp-json\/wp\/v2\/product_tag?post=8623"}],"curies":[{"name":"wp","href":"https:\/\/api.w.org\/{rel}","templated":true}]}}