{"id":6363,"date":"2023-12-22T13:16:24","date_gmt":"2023-12-22T13:16:24","guid":{"rendered":"https:\/\/toit.uk\/product\/kit-de-alicates-para-aneis-divididos-ss-black\/"},"modified":"2025-08-18T16:45:14","modified_gmt":"2025-08-18T15:45:14","slug":"kit-de-alicates-para-aneis-divididos-ss-black","status":"publish","type":"product","link":"https:\/\/toit.uk\/pt-br\/produto\/kit-de-alicates-para-aneis-divididos-ss-black\/","title":{"rendered":"Kit de alicates para an\u00e9is divididos SS-Black"},"content":{"rendered":"<p>Apresentando a linha de ferramentas &#8220;ONLY&#8221; da Toit Fishing. Fabricado no Reino Unido. Este exclusivo alicate para an\u00e9is bipartidos resume as proezas da engenharia brit\u00e2nica. A viagem come\u00e7a no cora\u00e7\u00e3o pulsante de Sheffield. Esses alicates s\u00e3o forjados em a\u00e7o inoxid\u00e1vel 17-4 e, dos vales do Devon, saem as 9 pastilhas de a\u00e7o inoxid\u00e1vel 60HRC, capazes de abrir an\u00e9is de fenda de tamanhos entre 1 e 12. Depois de forjadas, as al\u00e7as s\u00e3o usinadas em Cambridgeshire usando a tecnologia CNC de 5 eixos e, em seguida, s\u00e3o revestidas com DLC. Alojado em um estojo r\u00edgido de EVA \u00e0 prova d&#8217;\u00e1gua e fornecido com uma chave inglesa Gedore de 6 mm. A tecnologia patenteada \u00e9 a base da maior evolu\u00e7\u00e3o no design inovador de alicates deste s\u00e9culo, com um conceito de mand\u00edbula remov\u00edvel e detalhes do cone do nariz que definem uma nova era de excel\u00eancia brit\u00e2nica.<\/p>\n","protected":false},"excerpt":{"rendered":"<p>Alicate modular para an\u00e9is bipartidos. Tamanhos de abertura de anel bipartido #1-#12, cabos de a\u00e7o inoxid\u00e1vel forjado 17-4 com revestimento DLC, 9 inser\u00e7\u00f5es de a\u00e7o inoxid\u00e1vel de 60 durezas Rockwell, chave de boca de cromo van\u00e1dio, estojo r\u00edgido com inserto de EVA<\/p>\n","protected":false},"featured_media":5758,"comment_status":"open","ping_status":"closed","template":"","meta":{"_acf_changed":false,"_kad_blocks_custom_css":"","_kad_blocks_head_custom_js":"","_kad_blocks_body_custom_js":"","_kad_blocks_footer_custom_js":"","_kad_post_transparent":"","_kad_post_title":"","_kad_post_layout":"","_kad_post_sidebar_id":"","_kad_post_content_style":"","_kad_post_vertical_padding":"","_kad_post_feature":"","_kad_post_feature_position":"","_kad_post_header":false,"_kad_post_footer":false,"_kad_post_classname":""},"product_brand":[],"product_cat":[59],"product_tag":[],"class_list":{"0":"post-6363","1":"product","2":"type-product","3":"status-publish","4":"has-post-thumbnail","6":"product_cat-only-pt-br","8":"first","9":"instock","10":"taxable","11":"shipping-taxable","12":"purchasable","13":"product-type-simple","14":"entry","15":"content-bg","16":"loop-entry"},"acf":[],"taxonomy_info":{"product_cat":[{"value":59,"label":"Only"}]},"featured_image_src_large":["https:\/\/toit.uk\/wp-content\/uploads\/2023\/12\/Toit-110-6.jpg",800,800,false],"author_info":[],"comment_info":0,"_links":{"self":[{"href":"https:\/\/toit.uk\/pt-br\/wp-json\/wp\/v2\/product\/6363","targetHints":{"allow":["GET"]}}],"collection":[{"href":"https:\/\/toit.uk\/pt-br\/wp-json\/wp\/v2\/product"}],"about":[{"href":"https:\/\/toit.uk\/pt-br\/wp-json\/wp\/v2\/types\/product"}],"replies":[{"embeddable":true,"href":"https:\/\/toit.uk\/pt-br\/wp-json\/wp\/v2\/comments?post=6363"}],"wp:featuredmedia":[{"embeddable":true,"href":"https:\/\/toit.uk\/pt-br\/wp-json\/wp\/v2\/media\/5758"}],"wp:attachment":[{"href":"https:\/\/toit.uk\/pt-br\/wp-json\/wp\/v2\/media?parent=6363"}],"wp:term":[{"taxonomy":"product_brand","embeddable":true,"href":"https:\/\/toit.uk\/pt-br\/wp-json\/wp\/v2\/product_brand?post=6363"},{"taxonomy":"product_cat","embeddable":true,"href":"https:\/\/toit.uk\/pt-br\/wp-json\/wp\/v2\/product_cat?post=6363"},{"taxonomy":"product_tag","embeddable":true,"href":"https:\/\/toit.uk\/pt-br\/wp-json\/wp\/v2\/product_tag?post=6363"}],"curies":[{"name":"wp","href":"https:\/\/api.w.org\/{rel}","templated":true}]}}