{"id":6000,"date":"2023-12-22T13:16:27","date_gmt":"2023-12-22T13:16:27","guid":{"rendered":"https:\/\/toit.uk\/product\/ferramenta-de-torcao-haywire-eco\/"},"modified":"2024-05-25T17:36:16","modified_gmt":"2024-05-25T16:36:16","slug":"ferramenta-de-torcao-haywire-eco","status":"publish","type":"product","link":"https:\/\/toit.uk\/pt-br\/produto\/ferramenta-de-torcao-haywire-eco\/","title":{"rendered":"Ferramenta de tor\u00e7\u00e3o Haywire &#8211; Eco"},"content":{"rendered":"<p>Possivelmente uma das conex\u00f5es mais subestimadas que qualquer pescador tem em seu arsenal, a Haywire Twist. Se voc\u00ea estiver inseguro ou n\u00e3o tiver confian\u00e7a para fazer um Haywire Twists, essa ferramenta certamente acabar\u00e1 com isso. Ele foi projetado para criar 3 tamanhos diferentes de Haywire Twists. Nossa ferramenta forjada em a\u00e7o inoxid\u00e1vel incorpora uma mand\u00edbula de forma, que ajuda a criar um loop inicial perfeito para a conex\u00e3o Haywire Twist. A vida \u00e9 simples se voc\u00ea conseguir segurar seu Haywire Twist com facilidade. Essa ferramenta pode ser usada para fabricar um Shark Rig, Pike Rig ou qualquer outro equipamento para criaturas dentu\u00e7as. Nossa Haywire Twist Tool tamb\u00e9m pode ser usada para fazer um Tokyo Rig ou um Dingle Dangle Rig, para citar apenas alguns exemplos. Impedir que a extremidade do la\u00e7o se mova enquanto voc\u00ea tenta criar envolt\u00f3rios uniformes em dois planos \u00e9 fundamental para o sucesso dessa ferramenta.<\/p>\n","protected":false},"excerpt":{"rendered":"<p>A\u00e7o inoxid\u00e1vel 410 J1 Drop Forging, Usado para fazer uma tor\u00e7\u00e3o Haywire, Usado para formar um \u00fanico fio, Op\u00e7\u00e3o de 3 di\u00e2metros, Mola interna para facilitar a opera\u00e7\u00e3o, Design ergon\u00f4mico com acabamento manual, Projetado para conforto da m\u00e3o\/do punho, Leve, Projetado para encaixar a bainha de couro Toit (vendida separadamente), Produto ecologicamente correto, sem cabo de borracha\/pl\u00e1stico\/silicone, Design todo em metal &#8211; Sem pl\u00e1stico para cair, encolher ou danificar, Acabamento de superf\u00edcie altamente polido<\/p>\n","protected":false},"featured_media":6672,"comment_status":"open","ping_status":"closed","template":"","meta":{"_acf_changed":false,"_kad_blocks_custom_css":"","_kad_blocks_head_custom_js":"","_kad_blocks_body_custom_js":"","_kad_blocks_footer_custom_js":"","_kad_post_transparent":"","_kad_post_title":"","_kad_post_layout":"","_kad_post_sidebar_id":"","_kad_post_content_style":"","_kad_post_vertical_padding":"","_kad_post_feature":"","_kad_post_feature_position":"","_kad_post_header":false,"_kad_post_footer":false,"_kad_post_classname":""},"product_brand":[],"product_cat":[64],"product_tag":[],"class_list":{"0":"post-6000","1":"product","2":"type-product","3":"status-publish","4":"has-post-thumbnail","6":"product_cat-eco-pt-br","8":"first","9":"instock","10":"taxable","11":"shipping-taxable","12":"purchasable","13":"product-type-simple","14":"entry","15":"content-bg","16":"loop-entry"},"acf":[],"taxonomy_info":{"product_cat":[{"value":64,"label":"Eco"}]},"featured_image_src_large":["https:\/\/toit.uk\/wp-content\/uploads\/2023\/12\/Toit-204-16.jpg",800,800,false],"author_info":[],"comment_info":0,"_links":{"self":[{"href":"https:\/\/toit.uk\/pt-br\/wp-json\/wp\/v2\/product\/6000","targetHints":{"allow":["GET"]}}],"collection":[{"href":"https:\/\/toit.uk\/pt-br\/wp-json\/wp\/v2\/product"}],"about":[{"href":"https:\/\/toit.uk\/pt-br\/wp-json\/wp\/v2\/types\/product"}],"replies":[{"embeddable":true,"href":"https:\/\/toit.uk\/pt-br\/wp-json\/wp\/v2\/comments?post=6000"}],"wp:featuredmedia":[{"embeddable":true,"href":"https:\/\/toit.uk\/pt-br\/wp-json\/wp\/v2\/media\/6672"}],"wp:attachment":[{"href":"https:\/\/toit.uk\/pt-br\/wp-json\/wp\/v2\/media?parent=6000"}],"wp:term":[{"taxonomy":"product_brand","embeddable":true,"href":"https:\/\/toit.uk\/pt-br\/wp-json\/wp\/v2\/product_brand?post=6000"},{"taxonomy":"product_cat","embeddable":true,"href":"https:\/\/toit.uk\/pt-br\/wp-json\/wp\/v2\/product_cat?post=6000"},{"taxonomy":"product_tag","embeddable":true,"href":"https:\/\/toit.uk\/pt-br\/wp-json\/wp\/v2\/product_tag?post=6000"}],"curies":[{"name":"wp","href":"https:\/\/api.w.org\/{rel}","templated":true}]}}