{"id":5997,"date":"2023-12-22T13:16:28","date_gmt":"2023-12-22T13:16:28","guid":{"rendered":"https:\/\/toit.uk\/product\/micro-crimpers-eco\/"},"modified":"2024-05-25T17:36:10","modified_gmt":"2024-05-25T16:36:10","slug":"micro-crimpers-eco","status":"publish","type":"product","link":"https:\/\/toit.uk\/pt-br\/produto\/micro-crimpers-eco\/","title":{"rendered":"Micro Crimpers &#8211; Eco"},"content":{"rendered":"<p>Se voc\u00ea estiver procurando novos alicates crimpadores, alicates de crimpagem ou um Swager, fa\u00e7a algumas perguntas primeiro. O que \u00e9 torque e resist\u00eancia \u00e0 compress\u00e3o? A for\u00e7a rotacional do torque representa a capacidade da for\u00e7a de afetar algo em um movimento rotacional. A resist\u00eancia \u00e0 compress\u00e3o \u00e9 basicamente a quantidade de carga que uma \u00e1rea espec\u00edfica de um material pode suportar. Essas duas \u00e1reas foram os problemas mais importantes a serem resolvidos com a estrat\u00e9gia de design do nosso alicate de crimpagem. A \u00e1rea de superf\u00edcie reduzida na extremidade do neg\u00f3cio, em conjunto com a curta dist\u00e2ncia at\u00e9 o fulcro do alicate (ponto de articula\u00e7\u00e3o onde o alicate gira), nos permitiu maximizar o torque e deformar os engastes. Isso nos permite crimpar facilmente cabos inoxid\u00e1veis multifilares de 150 lb e material l\u00edder mono ou fluorado de 150 lb usando crimpagens de alum\u00ednio, cobre ou lat\u00e3o. Voc\u00ea tamb\u00e9m pode crimpar fios de a\u00e7o inoxid\u00e1vel de fio \u00fanico e fios de tit\u00e2nio. E cabe no seu bolso! Projetados especificamente para crimpagem, eles s\u00e3o perfeitos para viagens de pesca no exterior e passeios de barco, economizando espa\u00e7o e peso. D\u00ea uma olhada na nossa t\u00e9cnica de crimpagem &#8220;Toit&#8221; usada em todas as crimpagens de alum\u00ednio.<\/p>\n","protected":false},"excerpt":{"rendered":"<p>\u00c1rea de superf\u00edcie de crimpagem focada, adequado para crimpagem de cabos mono de 150 lb, cabo de fl\u00faor e cabo inoxid\u00e1vel multifilar de 150 lb, cabo de a\u00e7o inoxid\u00e1vel de fio \u00fanico e cabo de tit\u00e2nio. Adequado para crimpagens ovais de alum\u00ednio e crimpagens de cobre e lat\u00e3o de barril simples e duplo, forjamento em a\u00e7o inoxid\u00e1vel 410 J1, mola interna para facilitar a opera\u00e7\u00e3o, design ergon\u00f4mico com acabamento manual, projetado para conforto da m\u00e3o\/do punho, leve, projetado para encaixar na bainha de couro Toit e no suporte do alicate Toit (vendidos separadamente), produto ecologicamente correto, sem cabo de borracha\/pl\u00e1stico\/silicone, design totalmente met\u00e1lico &#8211; sem pl\u00e1stico para cair, encolher ou danificar, acabamento de superf\u00edcie altamente polido<\/p>\n","protected":false},"featured_media":5458,"comment_status":"open","ping_status":"closed","template":"","meta":{"_acf_changed":false,"_kad_blocks_custom_css":"","_kad_blocks_head_custom_js":"","_kad_blocks_body_custom_js":"","_kad_blocks_footer_custom_js":"","_kad_post_transparent":"","_kad_post_title":"","_kad_post_layout":"","_kad_post_sidebar_id":"","_kad_post_content_style":"","_kad_post_vertical_padding":"","_kad_post_feature":"","_kad_post_feature_position":"","_kad_post_header":false,"_kad_post_footer":false,"_kad_post_classname":""},"product_brand":[],"product_cat":[64],"product_tag":[],"class_list":{"0":"post-5997","1":"product","2":"type-product","3":"status-publish","4":"has-post-thumbnail","6":"product_cat-eco-pt-br","8":"first","9":"instock","10":"taxable","11":"shipping-taxable","12":"purchasable","13":"product-type-simple","14":"entry","15":"content-bg","16":"loop-entry"},"acf":[],"taxonomy_info":{"product_cat":[{"value":64,"label":"Eco"}]},"featured_image_src_large":["https:\/\/toit.uk\/wp-content\/uploads\/2024\/03\/Toit-209-7.jpg",800,800,false],"author_info":[],"comment_info":0,"_links":{"self":[{"href":"https:\/\/toit.uk\/pt-br\/wp-json\/wp\/v2\/product\/5997","targetHints":{"allow":["GET"]}}],"collection":[{"href":"https:\/\/toit.uk\/pt-br\/wp-json\/wp\/v2\/product"}],"about":[{"href":"https:\/\/toit.uk\/pt-br\/wp-json\/wp\/v2\/types\/product"}],"replies":[{"embeddable":true,"href":"https:\/\/toit.uk\/pt-br\/wp-json\/wp\/v2\/comments?post=5997"}],"wp:featuredmedia":[{"embeddable":true,"href":"https:\/\/toit.uk\/pt-br\/wp-json\/wp\/v2\/media\/5458"}],"wp:attachment":[{"href":"https:\/\/toit.uk\/pt-br\/wp-json\/wp\/v2\/media?parent=5997"}],"wp:term":[{"taxonomy":"product_brand","embeddable":true,"href":"https:\/\/toit.uk\/pt-br\/wp-json\/wp\/v2\/product_brand?post=5997"},{"taxonomy":"product_cat","embeddable":true,"href":"https:\/\/toit.uk\/pt-br\/wp-json\/wp\/v2\/product_cat?post=5997"},{"taxonomy":"product_tag","embeddable":true,"href":"https:\/\/toit.uk\/pt-br\/wp-json\/wp\/v2\/product_tag?post=5997"}],"curies":[{"name":"wp","href":"https:\/\/api.w.org\/{rel}","templated":true}]}}