{"id":5991,"date":"2023-12-22T13:16:28","date_gmt":"2023-12-22T13:16:28","guid":{"rendered":"https:\/\/toit.uk\/product\/bainha-de-alicate-simples-eco\/"},"modified":"2024-05-25T17:36:00","modified_gmt":"2024-05-25T16:36:00","slug":"bainha-de-alicate-simples-eco","status":"publish","type":"product","link":"https:\/\/toit.uk\/pt-br\/produto\/bainha-de-alicate-simples-eco\/","title":{"rendered":"Bainha de alicate simples &#8211; Eco"},"content":{"rendered":"<p>Fabricado com o melhor couro de b\u00fafalo indiano, couro vegetal curtido, com costura dupla, ilh\u00f3s de lat\u00e3o, polido e lustrado com os melhores \u00f3leos vegetais. A linha Toit ECO \u00e9 perfeita para todos os nossos alicates Toit de 6&#8243;. A al\u00e7a de cinto com costura dupla proporciona seguran\u00e7a adicional para a carga preciosa. Nossa linha ECO oferece um pre\u00e7o acess\u00edvel sem comprometer a qualidade. O que mais voc\u00ea precisa? Dependendo dos produtos de tratamento de couro, voc\u00ea poder\u00e1 colocar sua pr\u00f3pria marca nesse produto \u00e0 medida que ele envelhece com o tempo.<\/p>\n","protected":false},"excerpt":{"rendered":"<p>Couro de b\u00fafalo curtido a vegetal, perfil externo com costura dupla, ilh\u00f3s de lat\u00e3o com di\u00e2metro de 6 mm, presilha de couro completa para cinto, projetado para caber em todos os nossos alicates de bico de 6&#8243; e amarras (vendidos separadamente). Design todo em couro &#8211; somente o couro verdadeiro melhora com o tempo<\/p>\n","protected":false},"featured_media":5530,"comment_status":"open","ping_status":"closed","template":"","meta":{"_acf_changed":false,"_kad_blocks_custom_css":"","_kad_blocks_head_custom_js":"","_kad_blocks_body_custom_js":"","_kad_blocks_footer_custom_js":"","_kad_post_transparent":"","_kad_post_title":"","_kad_post_layout":"","_kad_post_sidebar_id":"","_kad_post_content_style":"","_kad_post_vertical_padding":"","_kad_post_feature":"","_kad_post_feature_position":"","_kad_post_header":false,"_kad_post_footer":false,"_kad_post_classname":""},"product_brand":[],"product_cat":[64],"product_tag":[],"class_list":{"0":"post-5991","1":"product","2":"type-product","3":"status-publish","4":"has-post-thumbnail","6":"product_cat-eco-pt-br","8":"first","9":"instock","10":"taxable","11":"shipping-taxable","12":"purchasable","13":"product-type-simple","14":"entry","15":"content-bg","16":"loop-entry"},"acf":[],"taxonomy_info":{"product_cat":[{"value":64,"label":"Eco"}]},"featured_image_src_large":["https:\/\/toit.uk\/wp-content\/uploads\/2024\/03\/Toit-207-6.jpg",800,800,false],"author_info":[],"comment_info":0,"_links":{"self":[{"href":"https:\/\/toit.uk\/pt-br\/wp-json\/wp\/v2\/product\/5991","targetHints":{"allow":["GET"]}}],"collection":[{"href":"https:\/\/toit.uk\/pt-br\/wp-json\/wp\/v2\/product"}],"about":[{"href":"https:\/\/toit.uk\/pt-br\/wp-json\/wp\/v2\/types\/product"}],"replies":[{"embeddable":true,"href":"https:\/\/toit.uk\/pt-br\/wp-json\/wp\/v2\/comments?post=5991"}],"wp:featuredmedia":[{"embeddable":true,"href":"https:\/\/toit.uk\/pt-br\/wp-json\/wp\/v2\/media\/5530"}],"wp:attachment":[{"href":"https:\/\/toit.uk\/pt-br\/wp-json\/wp\/v2\/media?parent=5991"}],"wp:term":[{"taxonomy":"product_brand","embeddable":true,"href":"https:\/\/toit.uk\/pt-br\/wp-json\/wp\/v2\/product_brand?post=5991"},{"taxonomy":"product_cat","embeddable":true,"href":"https:\/\/toit.uk\/pt-br\/wp-json\/wp\/v2\/product_cat?post=5991"},{"taxonomy":"product_tag","embeddable":true,"href":"https:\/\/toit.uk\/pt-br\/wp-json\/wp\/v2\/product_tag?post=5991"}],"curies":[{"name":"wp","href":"https:\/\/api.w.org\/{rel}","templated":true}]}}