{"id":5968,"date":"2023-12-29T09:11:11","date_gmt":"2023-12-29T09:11:11","guid":{"rendered":"https:\/\/toit.uk\/product\/corda-de-toit\/"},"modified":"2024-05-25T17:35:50","modified_gmt":"2024-05-25T16:35:50","slug":"corda-de-toit","status":"publish","type":"product","link":"https:\/\/toit.uk\/pt-br\/produto\/corda-de-toit\/","title":{"rendered":"Corda de toit"},"content":{"rendered":"<p>Dispon\u00edvel em azul claro (m\u00e9dio) e preto claro (grande) Ent\u00e3o, o que diferencia nossos cord\u00f5es para alicates ou ferramentas do restante do pacote? Optamos por Quicklinks de a\u00e7o inoxid\u00e1vel M3.5 em vez do mosquet\u00e3o normal, pois eles t\u00eam menos \u00e1reas de areia, gr\u00e3os e sujeira para afetar a funcionalidade da conex\u00e3o. A bobina de TPU transparente tem \u00d84 mm e se esfor\u00e7a ao m\u00e1ximo para retornar ao seu formato original, ao contr\u00e1rio de algumas bobinas de 1 mm a 2 mm de di\u00e2metro. A corda tem um cabo de a\u00e7o inoxid\u00e1vel revestido com elast\u00f4mero de poliuretano termopl\u00e1stico azul claro ou preto claro para formar uma corda em espiral de \u00d84 mm. Ele \u00e9 perfeitamente adequado para todos os nossos alicates Toit de 6&#8243;, nossa bainha de couro Toit e nossos suportes para alicates Toit.<\/p>\n","protected":false},"excerpt":{"rendered":"<p>Fio revestido de TPU Clear Blue Tether, comprimento retra\u00eddo de 10&#8243;, comprimento estendido de 36&#8243;, fio revestido de TPU Clear Black Tether, comprimento retra\u00eddo de 14&#8243;, comprimento estendido de 69&#8243;, Quicklinks de a\u00e7o inoxid\u00e1vel M3.5, projetados para suportar os extremos da pesca em \u00e1gua salgada, engastes de alum\u00ednio com tampas de vinil, projetados para se adaptarem \u00e0 bainha de couro Toit, ao suporte do alicate Toit e \u00e0s ferramentas de 6&#8243; (vendidas separadamente), cabo espiral revestido de \u00d84 mm, proporcionando uma bobina el\u00e1stica superior<\/p>\n","protected":false},"featured_media":5572,"comment_status":"open","ping_status":"closed","template":"","meta":{"_acf_changed":false,"_kad_blocks_custom_css":"","_kad_blocks_head_custom_js":"","_kad_blocks_body_custom_js":"","_kad_blocks_footer_custom_js":"","_kad_post_transparent":"","_kad_post_title":"","_kad_post_layout":"","_kad_post_sidebar_id":"","_kad_post_content_style":"","_kad_post_vertical_padding":"","_kad_post_feature":"","_kad_post_feature_position":"","_kad_post_header":false,"_kad_post_footer":false,"_kad_post_classname":""},"product_brand":[],"product_cat":[63],"product_tag":[],"class_list":{"0":"post-5968","1":"product","2":"type-product","3":"status-publish","4":"has-post-thumbnail","6":"product_cat-acessorios","8":"first","9":"instock","10":"taxable","11":"shipping-taxable","12":"purchasable","13":"product-type-variable","14":"entry","15":"content-bg","16":"loop-entry"},"acf":[],"taxonomy_info":{"product_cat":[{"value":63,"label":"Acess\u00f3rios"}]},"featured_image_src_large":["https:\/\/toit.uk\/wp-content\/uploads\/2024\/03\/Toit-Tether-Medium-and-Large-Comparison-3.jpg",800,800,false],"author_info":[],"comment_info":0,"_links":{"self":[{"href":"https:\/\/toit.uk\/pt-br\/wp-json\/wp\/v2\/product\/5968","targetHints":{"allow":["GET"]}}],"collection":[{"href":"https:\/\/toit.uk\/pt-br\/wp-json\/wp\/v2\/product"}],"about":[{"href":"https:\/\/toit.uk\/pt-br\/wp-json\/wp\/v2\/types\/product"}],"replies":[{"embeddable":true,"href":"https:\/\/toit.uk\/pt-br\/wp-json\/wp\/v2\/comments?post=5968"}],"wp:featuredmedia":[{"embeddable":true,"href":"https:\/\/toit.uk\/pt-br\/wp-json\/wp\/v2\/media\/5572"}],"wp:attachment":[{"href":"https:\/\/toit.uk\/pt-br\/wp-json\/wp\/v2\/media?parent=5968"}],"wp:term":[{"taxonomy":"product_brand","embeddable":true,"href":"https:\/\/toit.uk\/pt-br\/wp-json\/wp\/v2\/product_brand?post=5968"},{"taxonomy":"product_cat","embeddable":true,"href":"https:\/\/toit.uk\/pt-br\/wp-json\/wp\/v2\/product_cat?post=5968"},{"taxonomy":"product_tag","embeddable":true,"href":"https:\/\/toit.uk\/pt-br\/wp-json\/wp\/v2\/product_tag?post=5968"}],"curies":[{"name":"wp","href":"https:\/\/api.w.org\/{rel}","templated":true}]}}