{"id":5949,"date":"2023-12-29T06:52:04","date_gmt":"2023-12-29T06:52:04","guid":{"rendered":"https:\/\/toit.uk\/product\/alicate-para-aneis-de-fenda-eco\/"},"modified":"2024-05-25T17:35:59","modified_gmt":"2024-05-25T16:35:59","slug":"alicate-para-aneis-de-fenda-eco","status":"publish","type":"product","link":"https:\/\/toit.uk\/pt-br\/produto\/alicate-para-aneis-de-fenda-eco\/","title":{"rendered":"Alicate para an\u00e9is de fenda &#8211; Eco"},"content":{"rendered":"<p>Frustrado por anos e anos cavando as unhas ou for\u00e7ando os anz\u00f3is entre os Split Rings porque a abertura do seu Split Ring nunca \u00e9 grande o suficiente, ou o Split Ring fica balan\u00e7ando enquanto voc\u00ea tenta montar a isca. Voc\u00ea est\u00e1 incomodado com o fato de danificar e arranhar os an\u00e9is de fenda ou os revestimentos de superf\u00edcie dos an\u00e9is de fenda com a borda afiada de um tri\u00e2ngulo bidimensional ou com as serrilhas de um alicate de bico longo? Deixe-me apresentar a voc\u00ea nosso pr\u00f3prio alicate de anel dividido, projetado e patenteado. Come\u00e7ando com um detalhe tridimensional do cone do nariz. Isso permite que voc\u00ea trabalhe de forma r\u00edgida, segurando, no nosso caso, um Split Ring, e que o Split Ring n\u00e3o fique oscilando. Funcionalidade opcional de 2 est\u00e1gios, incluindo microajuste para movimento controlado e dimensionamento controlado de sua abertura. Voc\u00ea precisa de uma abertura extra? Bem, basta voc\u00ea dar uma volta com o alicate de anel dividido e o anel dividido no ajuste opcional do segundo est\u00e1gio. O alicate Toit Split Ring vem em tr\u00eas tamanhos: pequeno, m\u00e9dio e grande. Feito de um forjamento de a\u00e7o inoxid\u00e1vel 410 J1. A vida \u00e9 simples se voc\u00ea conseguir abrir um Split Ring com facilidade. Na tabela de tamanhos de Split Ring abaixo, voc\u00ea encontrar\u00e1 o tamanho de ferramenta que precisa para o seu Split Ring.<\/p>\n","protected":false},"excerpt":{"rendered":"<p>Tecnologia patenteada revolucion\u00e1ria (GB2113512.4), 3 tamanhos \u00e0 sua escolha, pequeno, m\u00e9dio e grande, funcionalidade opcional de 2 est\u00e1gios, 2 estrat\u00e9gias para obter a abertura m\u00e1xima, fixa\u00e7\u00e3o r\u00edgida do trabalho no Est\u00e1gio 1 e no Est\u00e1gio 2, o anel dividido \u00e9 mantido com firmeza, microajuste, saiba os limites de quanto voc\u00ea pode abrir o anel dividido de sua escolha, movimento controlado, estabilidade total do anel dividido durante o uso, forjamento de gota de a\u00e7o inoxid\u00e1vel 410 J1, Carregado internamente por mola para facilitar a opera\u00e7\u00e3o, design ergon\u00f4mico com acabamento manual, projetado para o conforto da m\u00e3o\/do punho, leve, projetado para se encaixar na bainha de couro Toit (vendida separadamente), produto ecologicamente correto, sem cabo de borracha\/pl\u00e1stico\/silicone, design todo em metal &#8211; sem pl\u00e1stico para cair, encolher ou se danificar, acabamento de superf\u00edcie altamente polido<\/p>\n","protected":false},"featured_media":6939,"comment_status":"open","ping_status":"closed","template":"","meta":{"_acf_changed":false,"_kad_blocks_custom_css":"","_kad_blocks_head_custom_js":"","_kad_blocks_body_custom_js":"","_kad_blocks_footer_custom_js":"","_kad_post_transparent":"","_kad_post_title":"","_kad_post_layout":"","_kad_post_sidebar_id":"","_kad_post_content_style":"","_kad_post_vertical_padding":"","_kad_post_feature":"","_kad_post_feature_position":"","_kad_post_header":false,"_kad_post_footer":false,"_kad_post_classname":""},"product_brand":[],"product_cat":[64],"product_tag":[],"class_list":{"0":"post-5949","1":"product","2":"type-product","3":"status-publish","4":"has-post-thumbnail","6":"product_cat-eco-pt-br","8":"first","9":"instock","10":"taxable","11":"shipping-taxable","12":"purchasable","13":"product-type-variable","14":"entry","15":"content-bg","16":"loop-entry"},"acf":[],"taxonomy_info":{"product_cat":[{"value":64,"label":"Eco"}]},"featured_image_src_large":["https:\/\/toit.uk\/wp-content\/uploads\/2023\/12\/Split-Ring-Pliers-ECO-1-1-800x800-1.jpg",800,800,false],"author_info":[],"comment_info":0,"_links":{"self":[{"href":"https:\/\/toit.uk\/pt-br\/wp-json\/wp\/v2\/product\/5949","targetHints":{"allow":["GET"]}}],"collection":[{"href":"https:\/\/toit.uk\/pt-br\/wp-json\/wp\/v2\/product"}],"about":[{"href":"https:\/\/toit.uk\/pt-br\/wp-json\/wp\/v2\/types\/product"}],"replies":[{"embeddable":true,"href":"https:\/\/toit.uk\/pt-br\/wp-json\/wp\/v2\/comments?post=5949"}],"wp:featuredmedia":[{"embeddable":true,"href":"https:\/\/toit.uk\/pt-br\/wp-json\/wp\/v2\/media\/6939"}],"wp:attachment":[{"href":"https:\/\/toit.uk\/pt-br\/wp-json\/wp\/v2\/media?parent=5949"}],"wp:term":[{"taxonomy":"product_brand","embeddable":true,"href":"https:\/\/toit.uk\/pt-br\/wp-json\/wp\/v2\/product_brand?post=5949"},{"taxonomy":"product_cat","embeddable":true,"href":"https:\/\/toit.uk\/pt-br\/wp-json\/wp\/v2\/product_cat?post=5949"},{"taxonomy":"product_tag","embeddable":true,"href":"https:\/\/toit.uk\/pt-br\/wp-json\/wp\/v2\/product_tag?post=5949"}],"curies":[{"name":"wp","href":"https:\/\/api.w.org\/{rel}","templated":true}]}}