{"id":5944,"date":"2023-12-29T09:11:11","date_gmt":"2023-12-29T09:11:11","guid":{"rendered":"https:\/\/toit.uk\/product\/alicate-para-aneis-bipartidos-al-kit\/"},"modified":"2024-05-25T17:35:41","modified_gmt":"2024-05-25T16:35:41","slug":"alicate-para-aneis-bipartidos-al-kit","status":"publish","type":"product","link":"https:\/\/toit.uk\/pt-br\/produto\/alicate-para-aneis-bipartidos-al-kit\/","title":{"rendered":"Alicate para an\u00e9is bipartidos AL-Kit"},"content":{"rendered":"<p>Apresentando a linha de ferramentas &#8220;ONLY&#8221; da Toit Fishing. Fabricado no Reino Unido. Esse exclusivo alicate para an\u00e9is divididos resume a proeza da engenhosidade e da engenharia do design brit\u00e2nico. A al\u00e7a \u00e9 usinada com precis\u00e3o para toler\u00e2ncias exatas, incorporando a tecnologia CNC de 5 eixos e usinada em tarugo de alum\u00ednio 6082-T6. O kit inclui 9 insertos de a\u00e7o inoxid\u00e1vel 60HRC, capazes de abrir an\u00e9is de fenda com tamanhos que variam de 1 a 12. Exibindo um revestimento exclusivo com tecnologia de pol\u00edmero cer\u00e2mico &#8211; Cerakote na cor prussiana &#8211; o revestimento melhora a resist\u00eancia \u00e0 corros\u00e3o, a durabilidade e a dureza, \u00e9 est\u00e1vel aos raios ultravioleta e tem resist\u00eancia qu\u00edmica e estabilidade t\u00e9rmica. Alojado em um estojo externo termoformado de poli\u00e9ster azul com uma inser\u00e7\u00e3o de EVA na tampa e na base. Fornecido com uma chave Gedore-Red de 6 mm de cromo van\u00e1dio. A tecnologia de patente pendente sustenta a maior evolu\u00e7\u00e3o no design inovador de alicates deste s\u00e9culo, com um conceito de mand\u00edbula remov\u00edvel e detalhes do cone do nariz que definem uma nova era de excel\u00eancia brit\u00e2nica. Vencedor do pr\u00eamio &#8220;Best Game Fishing Accesory&#8221; na premia\u00e7\u00e3o AFTA de 2023 na Austr\u00e1lia.<\/p>\n","protected":false},"excerpt":{"rendered":"<p>Kit de alicates modulares para an\u00e9is de fenda. Capaz de abrir an\u00e9is bipartidos de tamanho #1 a #12. Tecnologia CNC de 5 eixos, usinada em alum\u00ednio Billet 6082 T6. Revestimento com tecnologia de pol\u00edmero cer\u00e2mico, Cerakote na cor da Pr\u00fassia. Fornecido com 9 pastilhas de a\u00e7o inoxid\u00e1vel 440C com tratamento t\u00e9rmico. Inclui uma chave Gedore de 6 mm em cromo van\u00e1dio. Inclui um estojo externo termoformado de poli\u00e9ster azul com uma inser\u00e7\u00e3o de EVA na tampa e na base.<\/p>\n","protected":false},"featured_media":5800,"comment_status":"open","ping_status":"closed","template":"","meta":{"_acf_changed":false,"_kad_blocks_custom_css":"","_kad_blocks_head_custom_js":"","_kad_blocks_body_custom_js":"","_kad_blocks_footer_custom_js":"","_kad_post_transparent":"","_kad_post_title":"","_kad_post_layout":"","_kad_post_sidebar_id":"","_kad_post_content_style":"","_kad_post_vertical_padding":"","_kad_post_feature":"","_kad_post_feature_position":"","_kad_post_header":false,"_kad_post_footer":false,"_kad_post_classname":""},"product_brand":[],"product_cat":[59],"product_tag":[],"class_list":{"0":"post-5944","1":"product","2":"type-product","3":"status-publish","4":"has-post-thumbnail","6":"product_cat-only-pt-br","8":"first","9":"instock","10":"taxable","11":"shipping-taxable","12":"purchasable","13":"product-type-variable","14":"entry","15":"content-bg","16":"loop-entry"},"acf":[],"taxonomy_info":{"product_cat":[{"value":59,"label":"Only"}]},"featured_image_src_large":["https:\/\/toit.uk\/wp-content\/uploads\/2023\/12\/Modular-Split-Ring-Piers-4-800X800.jpg",800,800,false],"author_info":[],"comment_info":0,"_links":{"self":[{"href":"https:\/\/toit.uk\/pt-br\/wp-json\/wp\/v2\/product\/5944","targetHints":{"allow":["GET"]}}],"collection":[{"href":"https:\/\/toit.uk\/pt-br\/wp-json\/wp\/v2\/product"}],"about":[{"href":"https:\/\/toit.uk\/pt-br\/wp-json\/wp\/v2\/types\/product"}],"replies":[{"embeddable":true,"href":"https:\/\/toit.uk\/pt-br\/wp-json\/wp\/v2\/comments?post=5944"}],"wp:featuredmedia":[{"embeddable":true,"href":"https:\/\/toit.uk\/pt-br\/wp-json\/wp\/v2\/media\/5800"}],"wp:attachment":[{"href":"https:\/\/toit.uk\/pt-br\/wp-json\/wp\/v2\/media?parent=5944"}],"wp:term":[{"taxonomy":"product_brand","embeddable":true,"href":"https:\/\/toit.uk\/pt-br\/wp-json\/wp\/v2\/product_brand?post=5944"},{"taxonomy":"product_cat","embeddable":true,"href":"https:\/\/toit.uk\/pt-br\/wp-json\/wp\/v2\/product_cat?post=5944"},{"taxonomy":"product_tag","embeddable":true,"href":"https:\/\/toit.uk\/pt-br\/wp-json\/wp\/v2\/product_tag?post=5944"}],"curies":[{"name":"wp","href":"https:\/\/api.w.org\/{rel}","templated":true}]}}