{"id":5925,"date":"2023-12-29T09:11:11","date_gmt":"2023-12-29T09:11:11","guid":{"rendered":"https:\/\/toit.uk\/product\/alicate-para-aneis-divididos-al\/"},"modified":"2025-06-27T23:30:04","modified_gmt":"2025-06-27T22:30:04","slug":"alicate-para-aneis-divididos-al","status":"publish","type":"product","link":"https:\/\/toit.uk\/pt-br\/produto\/alicate-para-aneis-divididos-al\/","title":{"rendered":"Alicate para an\u00e9is divididos AL"},"content":{"rendered":"<p>Parte da linha de ferramentas Toit Fishing ONLY, fabricada no Reino Unido. Esse exclusivo cabo de alicate de bico rachado resume a proeza da engenhosidade e da engenharia do design brit\u00e2nico. A al\u00e7a \u00e9 usinada com precis\u00e3o para toler\u00e2ncias exatas, incorporando a tecnologia CNC de 5 eixos e usinada em tarugo de alum\u00ednio 6082-T6. Exibindo um revestimento exclusivo de tecnologia de pol\u00edmero cer\u00e2mico &#8211; Cerakote na cor prussiana &#8211; o revestimento melhora a resist\u00eancia \u00e0 corros\u00e3o, a durabilidade e a dureza, \u00e9 est\u00e1vel aos raios UV, com resist\u00eancia qu\u00edmica e estabilidade t\u00e9rmica. Fornecido com uma chave Gedore-Red de 6 mm de cromo van\u00e1dio. A tecnologia de patente pendente sustenta a maior evolu\u00e7\u00e3o no design inovador de alicates deste s\u00e9culo, com um conceito de mand\u00edbula remov\u00edvel e detalhes do cone do nariz que definem uma nova era de excel\u00eancia brit\u00e2nica. Os insertos de anel dividido e o estojo do alicate de anel dividido s\u00e3o vendidos separadamente.<\/p>\n","protected":false},"excerpt":{"rendered":"<p>Cabo do alicate de anel dividido. Capaz de abrir an\u00e9is bipartidos de tamanho #1 a #12. Tecnologia CNC de 5 eixos, usinada em alum\u00ednio Billet 6082 T6. Revestimento com tecnologia de pol\u00edmero cer\u00e2mico, Cerakote na cor da Pr\u00fassia. A\u00e7o inoxid\u00e1vel 316 Fulcrum. Os insertos Split Ring e o estojo s\u00e3o vendidos separadamente. Inclui uma chave Gedore de 6 mm em cromo van\u00e1dio.<\/p>\n","protected":false},"featured_media":5827,"comment_status":"open","ping_status":"closed","template":"","meta":{"_acf_changed":false,"_kad_blocks_custom_css":"","_kad_blocks_head_custom_js":"","_kad_blocks_body_custom_js":"","_kad_blocks_footer_custom_js":"","_kad_post_transparent":"","_kad_post_title":"","_kad_post_layout":"","_kad_post_sidebar_id":"","_kad_post_content_style":"","_kad_post_vertical_padding":"","_kad_post_feature":"","_kad_post_feature_position":"","_kad_post_header":false,"_kad_post_footer":false,"_kad_post_classname":""},"product_brand":[],"product_cat":[59],"product_tag":[],"class_list":{"0":"post-5925","1":"product","2":"type-product","3":"status-publish","4":"has-post-thumbnail","6":"product_cat-only-pt-br","8":"first","9":"instock","10":"taxable","11":"shipping-taxable","12":"purchasable","13":"product-type-variable","14":"entry","15":"content-bg","16":"loop-entry"},"acf":[],"taxonomy_info":{"product_cat":[{"value":59,"label":"Only"}]},"featured_image_src_large":["https:\/\/toit.uk\/wp-content\/uploads\/2023\/12\/Modular-Split-Ring-Piers-14-800X800.jpg",800,800,false],"author_info":[],"comment_info":0,"_links":{"self":[{"href":"https:\/\/toit.uk\/pt-br\/wp-json\/wp\/v2\/product\/5925","targetHints":{"allow":["GET"]}}],"collection":[{"href":"https:\/\/toit.uk\/pt-br\/wp-json\/wp\/v2\/product"}],"about":[{"href":"https:\/\/toit.uk\/pt-br\/wp-json\/wp\/v2\/types\/product"}],"replies":[{"embeddable":true,"href":"https:\/\/toit.uk\/pt-br\/wp-json\/wp\/v2\/comments?post=5925"}],"wp:featuredmedia":[{"embeddable":true,"href":"https:\/\/toit.uk\/pt-br\/wp-json\/wp\/v2\/media\/5827"}],"wp:attachment":[{"href":"https:\/\/toit.uk\/pt-br\/wp-json\/wp\/v2\/media?parent=5925"}],"wp:term":[{"taxonomy":"product_brand","embeddable":true,"href":"https:\/\/toit.uk\/pt-br\/wp-json\/wp\/v2\/product_brand?post=5925"},{"taxonomy":"product_cat","embeddable":true,"href":"https:\/\/toit.uk\/pt-br\/wp-json\/wp\/v2\/product_cat?post=5925"},{"taxonomy":"product_tag","embeddable":true,"href":"https:\/\/toit.uk\/pt-br\/wp-json\/wp\/v2\/product_tag?post=5925"}],"curies":[{"name":"wp","href":"https:\/\/api.w.org\/{rel}","templated":true}]}}