{"id":5916,"date":"2023-12-22T13:16:27","date_gmt":"2023-12-22T13:16:27","guid":{"rendered":"https:\/\/toit.uk\/product\/alicate-de-bico-redondo-eco\/"},"modified":"2024-05-25T17:36:23","modified_gmt":"2024-05-25T16:36:23","slug":"alicate-de-bico-redondo-eco","status":"publish","type":"product","link":"https:\/\/toit.uk\/pt-br\/produto\/alicate-de-bico-redondo-eco\/","title":{"rendered":"Alicate de bico redondo &#8211; Eco"},"content":{"rendered":"<p>Voc\u00ea est\u00e1 procurando uma ferramenta para dobrar e moldar o fio de pesca de um \u00fanico fio em qualquer formato imagin\u00e1vel? Bem, n\u00e3o precisa mais procurar! Nosso alicate de bico redondo foi projetado para que as bordas internas das garras se toquem quando a ferramenta estiver na posi\u00e7\u00e3o fechada. Isso permitir\u00e1 que v\u00e1rios tamanhos de fio sejam mantidos com seguran\u00e7a enquanto voc\u00ea os coloca na posi\u00e7\u00e3o. Nossos alicates de bico redondo s\u00e3o feitos de a\u00e7o inoxid\u00e1vel forjado. Pode ser usado junto com a ferramenta de tor\u00e7\u00e3o Haywire. \u00c9 a ferramenta perfeita para voc\u00ea usar em todas as suas aplica\u00e7\u00f5es de amarra\u00e7\u00e3o de n\u00f3s. Voc\u00ea j\u00e1 teve dificuldade para prender um n\u00f3 terminal em um girador ou em um anzol ou teve dificuldade para segurar o item? Esses alicates de bico redondo s\u00e3o a solu\u00e7\u00e3o ideal e permitir\u00e3o que voc\u00ea exer\u00e7a ampla press\u00e3o sobre o n\u00f3 ao apert\u00e1-lo. Os orif\u00edcios nas al\u00e7as tamb\u00e9m oferecem uma boa maneira de segurar um anzol simples ou triplo enquanto voc\u00ea amarra o n\u00f3.<\/p>\n","protected":false},"excerpt":{"rendered":"<p>A\u00e7o inoxid\u00e1vel 410 J1 Drop Forging, A face interna das garras \u00e9 paralela, Usado para formar um \u00fanico fio, Pode ser usado para formar uma tor\u00e7\u00e3o Haywire, Mola interna para facilitar a opera\u00e7\u00e3o, Design ergon\u00f4mico com acabamento manual, Projetado para conforto da m\u00e3o\/do punho, Leve, Projetado para encaixar a bainha de couro Toit (vendida separadamente), Produto ecologicamente correto, sem cabo de borracha\/pl\u00e1stico\/silicone, Design todo em metal &#8211; Sem pl\u00e1stico para cair, encolher ou danificar, Acabamento de superf\u00edcie altamente polido<\/p>\n","protected":false},"featured_media":5416,"comment_status":"open","ping_status":"closed","template":"","meta":{"_acf_changed":false,"_kad_blocks_custom_css":"","_kad_blocks_head_custom_js":"","_kad_blocks_body_custom_js":"","_kad_blocks_footer_custom_js":"","_kad_post_transparent":"","_kad_post_title":"","_kad_post_layout":"","_kad_post_sidebar_id":"","_kad_post_content_style":"","_kad_post_vertical_padding":"","_kad_post_feature":"","_kad_post_feature_position":"","_kad_post_header":false,"_kad_post_footer":false,"_kad_post_classname":""},"product_brand":[],"product_cat":[64],"product_tag":[],"class_list":{"0":"post-5916","1":"product","2":"type-product","3":"status-publish","4":"has-post-thumbnail","6":"product_cat-eco-pt-br","8":"first","9":"instock","10":"taxable","11":"shipping-taxable","12":"purchasable","13":"product-type-simple","14":"entry","15":"content-bg","16":"loop-entry"},"acf":[],"taxonomy_info":{"product_cat":[{"value":64,"label":"Eco"}]},"featured_image_src_large":["https:\/\/toit.uk\/wp-content\/uploads\/2024\/03\/Toit-203-4.jpg",800,800,false],"author_info":[],"comment_info":0,"_links":{"self":[{"href":"https:\/\/toit.uk\/pt-br\/wp-json\/wp\/v2\/product\/5916","targetHints":{"allow":["GET"]}}],"collection":[{"href":"https:\/\/toit.uk\/pt-br\/wp-json\/wp\/v2\/product"}],"about":[{"href":"https:\/\/toit.uk\/pt-br\/wp-json\/wp\/v2\/types\/product"}],"replies":[{"embeddable":true,"href":"https:\/\/toit.uk\/pt-br\/wp-json\/wp\/v2\/comments?post=5916"}],"wp:featuredmedia":[{"embeddable":true,"href":"https:\/\/toit.uk\/pt-br\/wp-json\/wp\/v2\/media\/5416"}],"wp:attachment":[{"href":"https:\/\/toit.uk\/pt-br\/wp-json\/wp\/v2\/media?parent=5916"}],"wp:term":[{"taxonomy":"product_brand","embeddable":true,"href":"https:\/\/toit.uk\/pt-br\/wp-json\/wp\/v2\/product_brand?post=5916"},{"taxonomy":"product_cat","embeddable":true,"href":"https:\/\/toit.uk\/pt-br\/wp-json\/wp\/v2\/product_cat?post=5916"},{"taxonomy":"product_tag","embeddable":true,"href":"https:\/\/toit.uk\/pt-br\/wp-json\/wp\/v2\/product_tag?post=5916"}],"curies":[{"name":"wp","href":"https:\/\/api.w.org\/{rel}","templated":true}]}}