{"id":5913,"date":"2023-12-22T13:16:27","date_gmt":"2023-12-22T13:16:27","guid":{"rendered":"https:\/\/toit.uk\/product\/ferramenta-de-marcacao-e-ventilacao-de-peixes\/"},"modified":"2024-05-25T17:36:43","modified_gmt":"2024-05-25T16:36:43","slug":"ferramenta-de-marcacao-e-ventilacao-de-peixes","status":"publish","type":"product","link":"https:\/\/toit.uk\/pt-br\/produto\/ferramenta-de-marcacao-e-ventilacao-de-peixes\/","title":{"rendered":"Ferramenta de marca\u00e7\u00e3o e ventila\u00e7\u00e3o de peixes"},"content":{"rendered":"<p>Apresentando a ferramenta de marca\u00e7\u00e3o de peixes da CCA. Fabricado no Reino Unido. Esse produto requintado apresenta uma parceria de design americano e brit\u00e2nico. Fabricado em a\u00e7o inoxid\u00e1vel 316 usinado em tarugo usando a tecnologia CNC de 8 eixos, o sistema modular inicia sua jornada. Usando um sistema de pin\u00e7a, a ferramenta fornece a extremidade comercial ao marcar e capturar dados de peixes, mas tamb\u00e9m permite que o pescador vire rapidamente a extremidade da agulha para armazenar o produto com seguran\u00e7a quando n\u00e3o estiver em uso. O tubo de a\u00e7o inoxid\u00e1vel 304 foi projetado especificamente para ser usado em conjunto com etiquetas para peixes pequenos. O tubo \u00e9 aberto em ambos os lados. Isso permitir\u00e1 que o produto seja usado como uma agulha de inser\u00e7\u00e3o Ikejime e tamb\u00e9m como uma ferramenta de ventila\u00e7\u00e3o. Ele tamb\u00e9m permite a expans\u00e3o futura da linha de produtos. Ele tem um detalhe de fixa\u00e7\u00e3o com cord\u00e3o para facilitar o armazenamento e a fixa\u00e7\u00e3o no cinto. A al\u00e7a em forma de l\u00e1grima transmite conforto, mas tamb\u00e9m permite uma press\u00e3o segura na palma da m\u00e3o do usu\u00e1rio para garantir uma marca\u00e7\u00e3o r\u00e1pida. Com o detalhe de ader\u00eancia adicional nos dedos indicadores, a agulha pode ser removida com muita efici\u00eancia. Exibindo um revestimento exclusivo de tecnologia de pol\u00edmero cer\u00e2mico &#8211; Cerakote vermelho e branco &#8211; o revestimento melhora a resist\u00eancia \u00e0 corros\u00e3o, a durabilidade e a dureza, \u00e9 est\u00e1vel aos raios UV e tem resist\u00eancia qu\u00edmica e estabilidade t\u00e9rmica. A captura de dados de peixes \u00e9 a base do futuro de nossa pesca. Ele permite que pessoas e organiza\u00e7\u00f5es tomem uma decis\u00e3o informada sobre pescarias individuais para proteger o maior esporte do planeta &#8211; a pesca! Essa ferramenta ajuda os pescadores de todo o mundo a fornecer dados que colocam a conserva\u00e7\u00e3o costeira em primeiro lugar.<\/p>\n","protected":false},"excerpt":{"rendered":"<p>Ferramenta de marca\u00e7\u00e3o e ventila\u00e7\u00e3o de peixes da CCA. Fabricado em a\u00e7o inoxid\u00e1vel 316 com tecnologia CNC de 8 eixos. A agulha de etiqueta e ventila\u00e7\u00e3o \u00e9 fabricada em a\u00e7o inoxid\u00e1vel 316 e 304. Usando um sistema de pin\u00e7a inovador, voc\u00ea pode marcar e capturar dados de peixes, mas tamb\u00e9m permite que o pescador vire rapidamente a extremidade da agulha para armazenar o produto com seguran\u00e7a quando n\u00e3o estiver em uso. Acess\u00f3rio de cord\u00e3o para armazenamento. A inser\u00e7\u00e3o da etiqueta \u00e9 auxiliada pela al\u00e7a em forma de l\u00e1grima e pelo detalhe de ader\u00eancia adicional nos dedos indicadores. Exibindo um revestimento exclusivo de tecnologia de pol\u00edmero cer\u00e2mico, Cerakote. Use a ferramenta Tag &amp; Vent para marcar esp\u00e9cies de peixes e ventilar peixes grandes antes de solt\u00e1-los de volta na \u00e1gua. Uma parte dos lucros de cada ferramenta vendida \u00e9 destinada ao programa de pesquisa de marca\u00e7\u00e3o de peixes da CCA. N\u00e3o \u00e9 adequado para uso infantil.<\/p>\n","protected":false},"featured_media":5302,"comment_status":"open","ping_status":"closed","template":"","meta":{"_acf_changed":false,"_kad_blocks_custom_css":"","_kad_blocks_head_custom_js":"","_kad_blocks_body_custom_js":"","_kad_blocks_footer_custom_js":"","_kad_post_transparent":"","_kad_post_title":"","_kad_post_layout":"","_kad_post_sidebar_id":"","_kad_post_content_style":"","_kad_post_vertical_padding":"","_kad_post_feature":"","_kad_post_feature_position":"","_kad_post_header":false,"_kad_post_footer":false,"_kad_post_classname":""},"product_brand":[],"product_cat":[63],"product_tag":[],"class_list":{"0":"post-5913","1":"product","2":"type-product","3":"status-publish","4":"has-post-thumbnail","6":"product_cat-acessorios","8":"first","9":"instock","10":"taxable","11":"shipping-taxable","12":"purchasable","13":"product-type-simple","14":"entry","15":"content-bg","16":"loop-entry"},"acf":[],"taxonomy_info":{"product_cat":[{"value":63,"label":"Acess\u00f3rios"}]},"featured_image_src_large":["https:\/\/toit.uk\/wp-content\/uploads\/2024\/03\/Toit-118-2.jpg",800,800,false],"author_info":[],"comment_info":0,"_links":{"self":[{"href":"https:\/\/toit.uk\/pt-br\/wp-json\/wp\/v2\/product\/5913","targetHints":{"allow":["GET"]}}],"collection":[{"href":"https:\/\/toit.uk\/pt-br\/wp-json\/wp\/v2\/product"}],"about":[{"href":"https:\/\/toit.uk\/pt-br\/wp-json\/wp\/v2\/types\/product"}],"replies":[{"embeddable":true,"href":"https:\/\/toit.uk\/pt-br\/wp-json\/wp\/v2\/comments?post=5913"}],"wp:featuredmedia":[{"embeddable":true,"href":"https:\/\/toit.uk\/pt-br\/wp-json\/wp\/v2\/media\/5302"}],"wp:attachment":[{"href":"https:\/\/toit.uk\/pt-br\/wp-json\/wp\/v2\/media?parent=5913"}],"wp:term":[{"taxonomy":"product_brand","embeddable":true,"href":"https:\/\/toit.uk\/pt-br\/wp-json\/wp\/v2\/product_brand?post=5913"},{"taxonomy":"product_cat","embeddable":true,"href":"https:\/\/toit.uk\/pt-br\/wp-json\/wp\/v2\/product_cat?post=5913"},{"taxonomy":"product_tag","embeddable":true,"href":"https:\/\/toit.uk\/pt-br\/wp-json\/wp\/v2\/product_tag?post=5913"}],"curies":[{"name":"wp","href":"https:\/\/api.w.org\/{rel}","templated":true}]}}