{"id":5910,"date":"2023-12-22T13:16:27","date_gmt":"2023-12-22T13:16:27","guid":{"rendered":"https:\/\/toit.uk\/product\/alicate-de-bico-curto-eco\/"},"modified":"2024-05-25T17:36:19","modified_gmt":"2024-05-25T16:36:19","slug":"alicate-de-bico-curto-eco","status":"publish","type":"product","link":"https:\/\/toit.uk\/pt-br\/produto\/alicate-de-bico-curto-eco\/","title":{"rendered":"Alicate de bico curto &#8211; Eco"},"content":{"rendered":"<p>Se o conforto e a facilidade de uso v\u00eam \u00e0 mente quando voc\u00ea procura a ferramenta de desencalhe perfeita, ent\u00e3o o alicate de bico curto Toit pode ser exatamente o que voc\u00ea est\u00e1 procurando. Al\u00e9m de ter sido projetado para a retirada do anzol, ele oferece v\u00e1rios orif\u00edcios nas al\u00e7as para voc\u00ea passar o anzol e apertar o n\u00f3 de pesca. Feito de a\u00e7o inoxid\u00e1vel, este alicate de bico curto \u00e9 ideal para remover anz\u00f3is de pequenas esp\u00e9cies de \u00e1gua doce e salgada. Essa ferramenta tem uma empunhadura aprimorada com um comprimento de mand\u00edbula mais curto, proporcionando maior rigidez e for\u00e7a de ader\u00eancia durante a remo\u00e7\u00e3o do gancho. O design exclusivo do cabo permite que a ferramenta entre em espa\u00e7os bastante apertados, especialmente quando voc\u00ea trabalha ao redor das guelras dos peixes dentro da boca. O comprimento mais curto da mand\u00edbula e a dist\u00e2ncia do ponto de apoio tamb\u00e9m evitam a flex\u00e3o e a tor\u00e7\u00e3o das pontas da mand\u00edbula. A carga por mola para uso repetido pode dar a essa ferramenta uma vantagem.<\/p>\n","protected":false},"excerpt":{"rendered":"<p>A\u00e7o inoxid\u00e1vel 410 J1 Drop Forging, comprimento ideal para evitar deforma\u00e7\u00f5es, dentes serrilhados, mola interna para facilitar a opera\u00e7\u00e3o, design ergon\u00f4mico com acabamento manual, projetado para o conforto da m\u00e3o\/do punho, leve, projetado para caber no couro Toit, bainha (vendida separadamente), produto ecologicamente correto, sem cabo de borracha\/pl\u00e1stico\/silicone, design todo em metal &#8211; sem pl\u00e1stico para cair, encolher ou danificar, acabamento de superf\u00edcie altamente polido<\/p>\n","protected":false},"featured_media":5398,"comment_status":"open","ping_status":"closed","template":"","meta":{"_acf_changed":false,"_kad_blocks_custom_css":"","_kad_blocks_head_custom_js":"","_kad_blocks_body_custom_js":"","_kad_blocks_footer_custom_js":"","_kad_post_transparent":"","_kad_post_title":"","_kad_post_layout":"","_kad_post_sidebar_id":"","_kad_post_content_style":"","_kad_post_vertical_padding":"","_kad_post_feature":"","_kad_post_feature_position":"","_kad_post_header":false,"_kad_post_footer":false,"_kad_post_classname":""},"product_brand":[],"product_cat":[64],"product_tag":[],"class_list":{"0":"post-5910","1":"product","2":"type-product","3":"status-publish","4":"has-post-thumbnail","6":"product_cat-eco-pt-br","8":"first","9":"instock","10":"taxable","11":"shipping-taxable","12":"purchasable","13":"product-type-simple","14":"entry","15":"content-bg","16":"loop-entry"},"acf":[],"taxonomy_info":{"product_cat":[{"value":64,"label":"Eco"}]},"featured_image_src_large":["https:\/\/toit.uk\/wp-content\/uploads\/2024\/03\/Toit-202-4.jpg",800,800,false],"author_info":[],"comment_info":0,"_links":{"self":[{"href":"https:\/\/toit.uk\/pt-br\/wp-json\/wp\/v2\/product\/5910","targetHints":{"allow":["GET"]}}],"collection":[{"href":"https:\/\/toit.uk\/pt-br\/wp-json\/wp\/v2\/product"}],"about":[{"href":"https:\/\/toit.uk\/pt-br\/wp-json\/wp\/v2\/types\/product"}],"replies":[{"embeddable":true,"href":"https:\/\/toit.uk\/pt-br\/wp-json\/wp\/v2\/comments?post=5910"}],"wp:featuredmedia":[{"embeddable":true,"href":"https:\/\/toit.uk\/pt-br\/wp-json\/wp\/v2\/media\/5398"}],"wp:attachment":[{"href":"https:\/\/toit.uk\/pt-br\/wp-json\/wp\/v2\/media?parent=5910"}],"wp:term":[{"taxonomy":"product_brand","embeddable":true,"href":"https:\/\/toit.uk\/pt-br\/wp-json\/wp\/v2\/product_brand?post=5910"},{"taxonomy":"product_cat","embeddable":true,"href":"https:\/\/toit.uk\/pt-br\/wp-json\/wp\/v2\/product_cat?post=5910"},{"taxonomy":"product_tag","embeddable":true,"href":"https:\/\/toit.uk\/pt-br\/wp-json\/wp\/v2\/product_tag?post=5910"}],"curies":[{"name":"wp","href":"https:\/\/api.w.org\/{rel}","templated":true}]}}