{"id":5909,"date":"2023-12-22T13:16:27","date_gmt":"2023-12-22T13:16:27","guid":{"rendered":"https:\/\/toit.uk\/product\/etiqueta-de-substituicao-e-agulha-de-ventilacao\/"},"modified":"2024-05-25T17:36:32","modified_gmt":"2024-05-25T16:36:32","slug":"etiqueta-de-substituicao-e-agulha-de-ventilacao","status":"publish","type":"product","link":"https:\/\/toit.uk\/pt-br\/produto\/etiqueta-de-substituicao-e-agulha-de-ventilacao\/","title":{"rendered":"Etiqueta de substitui\u00e7\u00e3o e agulha de ventila\u00e7\u00e3o"},"content":{"rendered":"<p>Fabricado em duas partes separadas. O tubo de a\u00e7o inoxid\u00e1vel 304 foi projetado especificamente para ser usado em conjunto com etiquetas para peixes pequenos. O tubo \u00e9 aberto em ambos os lados. Isso permitir\u00e1 que o produto seja usado como uma agulha de inser\u00e7\u00e3o Ikejime e uma ferramenta de ventila\u00e7\u00e3o em esp\u00e9cies de peixes maiores. A pin\u00e7a de a\u00e7o inoxid\u00e1vel 316 \u00e9 bidirecional, o que permite que o pescador guarde a agulha com seguran\u00e7a na parte interna da al\u00e7a quando n\u00e3o estiver em uso.<\/p>\n","protected":false},"excerpt":{"rendered":"<p>Etiqueta de substitui\u00e7\u00e3o e agulha de ventila\u00e7\u00e3o. Fabricado em a\u00e7o inoxid\u00e1vel 316 e 304. Sistema de pin\u00e7a inovador, parte do sistema modular de ferramentas Toit. Pin\u00e7a bidirecional, permite o armazenamento seguro na al\u00e7a reta quando n\u00e3o estiver em uso. Use o produto em conjunto com o acess\u00f3rio de produto modular de al\u00e7a reta ou em T. Use a ferramenta de substitui\u00e7\u00e3o Tag &amp; Vent para marcar esp\u00e9cies de peixes e ventilar peixes grandes antes de solt\u00e1-los na \u00e1gua. N\u00e3o \u00e9 adequado para uso infantil.<\/p>\n","protected":false},"featured_media":5353,"comment_status":"open","ping_status":"closed","template":"","meta":{"_acf_changed":false,"_kad_blocks_custom_css":"","_kad_blocks_head_custom_js":"","_kad_blocks_body_custom_js":"","_kad_blocks_footer_custom_js":"","_kad_post_transparent":"","_kad_post_title":"","_kad_post_layout":"","_kad_post_sidebar_id":"","_kad_post_content_style":"","_kad_post_vertical_padding":"","_kad_post_feature":"","_kad_post_feature_position":"","_kad_post_header":false,"_kad_post_footer":false,"_kad_post_classname":""},"product_brand":[],"product_cat":[63],"product_tag":[],"class_list":{"0":"post-5909","1":"product","2":"type-product","3":"status-publish","4":"has-post-thumbnail","6":"product_cat-acessorios","8":"first","9":"instock","10":"taxable","11":"shipping-taxable","12":"purchasable","13":"product-type-simple","14":"entry","15":"content-bg","16":"loop-entry"},"acf":[],"taxonomy_info":{"product_cat":[{"value":63,"label":"Acess\u00f3rios"}]},"featured_image_src_large":["https:\/\/toit.uk\/wp-content\/uploads\/2024\/03\/Toit-128-9.jpg",800,800,false],"author_info":[],"comment_info":0,"_links":{"self":[{"href":"https:\/\/toit.uk\/pt-br\/wp-json\/wp\/v2\/product\/5909","targetHints":{"allow":["GET"]}}],"collection":[{"href":"https:\/\/toit.uk\/pt-br\/wp-json\/wp\/v2\/product"}],"about":[{"href":"https:\/\/toit.uk\/pt-br\/wp-json\/wp\/v2\/types\/product"}],"replies":[{"embeddable":true,"href":"https:\/\/toit.uk\/pt-br\/wp-json\/wp\/v2\/comments?post=5909"}],"wp:featuredmedia":[{"embeddable":true,"href":"https:\/\/toit.uk\/pt-br\/wp-json\/wp\/v2\/media\/5353"}],"wp:attachment":[{"href":"https:\/\/toit.uk\/pt-br\/wp-json\/wp\/v2\/media?parent=5909"}],"wp:term":[{"taxonomy":"product_brand","embeddable":true,"href":"https:\/\/toit.uk\/pt-br\/wp-json\/wp\/v2\/product_brand?post=5909"},{"taxonomy":"product_cat","embeddable":true,"href":"https:\/\/toit.uk\/pt-br\/wp-json\/wp\/v2\/product_cat?post=5909"},{"taxonomy":"product_tag","embeddable":true,"href":"https:\/\/toit.uk\/pt-br\/wp-json\/wp\/v2\/product_tag?post=5909"}],"curies":[{"name":"wp","href":"https:\/\/api.w.org\/{rel}","templated":true}]}}