{"id":5907,"date":"2023-12-22T13:16:27","date_gmt":"2023-12-22T13:16:27","guid":{"rendered":"https:\/\/toit.uk\/product\/cortadores-laterais-eco\/"},"modified":"2024-05-25T17:36:25","modified_gmt":"2024-05-25T16:36:25","slug":"cortadores-laterais-eco","status":"publish","type":"product","link":"https:\/\/toit.uk\/pt-br\/produto\/cortadores-laterais-eco\/","title":{"rendered":"Cortadores laterais &#8211; Eco"},"content":{"rendered":"<p>Esses cortadores laterais foram projetados especificamente para cortar fios de pesca de um \u00fanico fio. Al\u00e9m de serem de a\u00e7o inoxid\u00e1vel, tamb\u00e9m colocamos um inserto de carboneto de tungst\u00eanio na mand\u00edbula superior e inferior. Voc\u00ea est\u00e1 cansado de ver essas ferramentas do tipo inserto remov\u00edvel quebrando, torcendo e deformando os parafusos? Bem, \u00e9 exatamente por isso que optamos por uma borda de corte fixa. Se voc\u00ea estiver procurando por cortadores laterais que ofere\u00e7am resist\u00eancia \u00e0 corros\u00e3o e um cabo ergon\u00f4mico, esta pode ser a ferramenta ideal. Os cortadores laterais de toit funcionam perfeitamente junto com nossa ferramenta Haywire Twist Tool para criar um Haywire Twist, Tokyo Rig ou at\u00e9 mesmo um Dingle Dangle Rig. N\u00e3o \u00e9 recomendado para cortar tran\u00e7as, cabos multifilares ou anz\u00f3is de pesca.<\/p>\n","protected":false},"excerpt":{"rendered":"<p>A\u00e7o inoxid\u00e1vel 410 J1 Drop Forging, inserto de carboneto de tungst\u00eanio brasado, design ergon\u00f4mico com acabamento manual, projetado para o conforto da m\u00e3o\/do punho, mola interna para facilitar a opera\u00e7\u00e3o, leve, projetado para caber na bainha de couro Toit (vendida separadamente), produto ecologicamente correto, sem cabo de borracha\/pl\u00e1stico\/silicone, design todo em metal &#8211; sem pl\u00e1stico para cair, encolher ou se danificar, acabamento de superf\u00edcie altamente polido, inserto fixo para evitar movimento, borda de corte est\u00e1vel. N\u00e3o \u00e9 recomendado para cortar cabos tran\u00e7ados ou multifilares ou anz\u00f3is de pesca.<\/p>\n","protected":false},"featured_media":5371,"comment_status":"open","ping_status":"closed","template":"","meta":{"_acf_changed":false,"_kad_blocks_custom_css":"","_kad_blocks_head_custom_js":"","_kad_blocks_body_custom_js":"","_kad_blocks_footer_custom_js":"","_kad_post_transparent":"","_kad_post_title":"","_kad_post_layout":"","_kad_post_sidebar_id":"","_kad_post_content_style":"","_kad_post_vertical_padding":"","_kad_post_feature":"","_kad_post_feature_position":"","_kad_post_header":false,"_kad_post_footer":false,"_kad_post_classname":""},"product_brand":[],"product_cat":[64],"product_tag":[],"class_list":{"0":"post-5907","1":"product","2":"type-product","3":"status-publish","4":"has-post-thumbnail","6":"product_cat-eco-pt-br","8":"first","9":"instock","10":"taxable","11":"shipping-taxable","12":"purchasable","13":"product-type-simple","14":"entry","15":"content-bg","16":"loop-entry"},"acf":[],"taxonomy_info":{"product_cat":[{"value":64,"label":"Eco"}]},"featured_image_src_large":["https:\/\/toit.uk\/wp-content\/uploads\/2024\/03\/Toit-201-3.jpg",800,800,false],"author_info":[],"comment_info":0,"_links":{"self":[{"href":"https:\/\/toit.uk\/pt-br\/wp-json\/wp\/v2\/product\/5907","targetHints":{"allow":["GET"]}}],"collection":[{"href":"https:\/\/toit.uk\/pt-br\/wp-json\/wp\/v2\/product"}],"about":[{"href":"https:\/\/toit.uk\/pt-br\/wp-json\/wp\/v2\/types\/product"}],"replies":[{"embeddable":true,"href":"https:\/\/toit.uk\/pt-br\/wp-json\/wp\/v2\/comments?post=5907"}],"wp:featuredmedia":[{"embeddable":true,"href":"https:\/\/toit.uk\/pt-br\/wp-json\/wp\/v2\/media\/5371"}],"wp:attachment":[{"href":"https:\/\/toit.uk\/pt-br\/wp-json\/wp\/v2\/media?parent=5907"}],"wp:term":[{"taxonomy":"product_brand","embeddable":true,"href":"https:\/\/toit.uk\/pt-br\/wp-json\/wp\/v2\/product_brand?post=5907"},{"taxonomy":"product_cat","embeddable":true,"href":"https:\/\/toit.uk\/pt-br\/wp-json\/wp\/v2\/product_cat?post=5907"},{"taxonomy":"product_tag","embeddable":true,"href":"https:\/\/toit.uk\/pt-br\/wp-json\/wp\/v2\/product_tag?post=5907"}],"curies":[{"name":"wp","href":"https:\/\/api.w.org\/{rel}","templated":true}]}}