{"id":5899,"date":"2023-12-22T13:16:24","date_gmt":"2023-12-22T13:16:24","guid":{"rendered":"https:\/\/toit.uk\/product\/alicate-para-aneis-de-fenda-estojo-macio\/"},"modified":"2024-05-25T17:36:57","modified_gmt":"2024-05-25T16:36:57","slug":"alicate-para-aneis-de-fenda-estojo-macio","status":"publish","type":"product","link":"https:\/\/toit.uk\/pt-br\/produto\/alicate-para-aneis-de-fenda-estojo-macio\/","title":{"rendered":"Alicate para an\u00e9is de fenda Estojo macio"},"content":{"rendered":"<p>H\u00e1 casos e depois h\u00e1 &#8220;APENAS&#8221; casos. Esse produto premium abrigar\u00e1 SOMENTE o alicate modular Split Ring de sua escolha. A capa externa termoformada em tecido de poli\u00e9ster azul encapsula e protege seu produto Toit quando n\u00e3o est\u00e1 em uso. Quando voc\u00ea abre o \u00fanico puxador com micro z\u00edper, o compartimento interno de prote\u00e7\u00e3o em EVA \u00e9 revelado. Alicates, insertos e chaves s\u00e3o vendidos separadamente. Adequado para acomodar qualquer um dos alicates Split Ring da linha Toit 151 &#8211; 159. Com capacidade para 9 insertos de anel dividido e uma chave Gedore-Red de 6 mm em cromo van\u00e1dio.<\/p>\n","protected":false},"excerpt":{"rendered":"<p>Estojo de armazenamento de alicates para an\u00e9is divididos. Tecido de poli\u00e9ster entrela\u00e7ado azul Estojo moldado termoformado. Inser\u00e7\u00f5es internas de EVA na tampa e na base. Projetado para acomodar a linha de ferramentas de alum\u00ednio Only Split Ring Tools fabricadas pela Toit. Alicates e insertos vendidos separadamente.<\/p>\n","protected":false},"featured_media":5293,"comment_status":"open","ping_status":"closed","template":"","meta":{"_acf_changed":false,"_kad_blocks_custom_css":"","_kad_blocks_head_custom_js":"","_kad_blocks_body_custom_js":"","_kad_blocks_footer_custom_js":"","_kad_post_transparent":"","_kad_post_title":"","_kad_post_layout":"","_kad_post_sidebar_id":"","_kad_post_content_style":"","_kad_post_vertical_padding":"","_kad_post_feature":"","_kad_post_feature_position":"","_kad_post_header":false,"_kad_post_footer":false,"_kad_post_classname":""},"product_brand":[],"product_cat":[59],"product_tag":[],"class_list":{"0":"post-5899","1":"product","2":"type-product","3":"status-publish","4":"has-post-thumbnail","6":"product_cat-only-pt-br","8":"first","9":"instock","10":"taxable","11":"shipping-taxable","12":"purchasable","13":"product-type-simple","14":"entry","15":"content-bg","16":"loop-entry"},"acf":[],"taxonomy_info":{"product_cat":[{"value":59,"label":"Only"}]},"featured_image_src_large":["https:\/\/toit.uk\/wp-content\/uploads\/2024\/03\/Toit-149-2.jpg",800,800,false],"author_info":[],"comment_info":0,"_links":{"self":[{"href":"https:\/\/toit.uk\/pt-br\/wp-json\/wp\/v2\/product\/5899","targetHints":{"allow":["GET"]}}],"collection":[{"href":"https:\/\/toit.uk\/pt-br\/wp-json\/wp\/v2\/product"}],"about":[{"href":"https:\/\/toit.uk\/pt-br\/wp-json\/wp\/v2\/types\/product"}],"replies":[{"embeddable":true,"href":"https:\/\/toit.uk\/pt-br\/wp-json\/wp\/v2\/comments?post=5899"}],"wp:featuredmedia":[{"embeddable":true,"href":"https:\/\/toit.uk\/pt-br\/wp-json\/wp\/v2\/media\/5293"}],"wp:attachment":[{"href":"https:\/\/toit.uk\/pt-br\/wp-json\/wp\/v2\/media?parent=5899"}],"wp:term":[{"taxonomy":"product_brand","embeddable":true,"href":"https:\/\/toit.uk\/pt-br\/wp-json\/wp\/v2\/product_brand?post=5899"},{"taxonomy":"product_cat","embeddable":true,"href":"https:\/\/toit.uk\/pt-br\/wp-json\/wp\/v2\/product_cat?post=5899"},{"taxonomy":"product_tag","embeddable":true,"href":"https:\/\/toit.uk\/pt-br\/wp-json\/wp\/v2\/product_tag?post=5899"}],"curies":[{"name":"wp","href":"https:\/\/api.w.org\/{rel}","templated":true}]}}