{"id":5889,"date":"2023-12-22T13:16:24","date_gmt":"2023-12-22T13:16:24","guid":{"rendered":"https:\/\/toit.uk\/product\/mandibula-redonda-pequena\/"},"modified":"2024-05-25T17:36:51","modified_gmt":"2024-05-25T16:36:51","slug":"mandibula-redonda-pequena","status":"publish","type":"product","link":"https:\/\/toit.uk\/pt-br\/produto\/mandibula-redonda-pequena\/","title":{"rendered":"Mand\u00edbula redonda pequena"},"content":{"rendered":"<p>Se o que voc\u00ea procura em uma ferramenta \u00e9 engenharia de precis\u00e3o, n\u00e3o procure mais. Usinado em CNC com toler\u00e2ncia de 30 m\u00edcrons. O acabamento de precis\u00e3o redefine o controle quando se trata da coloca\u00e7\u00e3o e remo\u00e7\u00e3o do split ring em iscas e anz\u00f3is. Os an\u00e9is bipartidos falham ou se estendem demais quando o limite d\u00factil do material de base \u00e9 atingido, fazendo com que a abertura do anel bipartido n\u00e3o se feche. Isso far\u00e1 com que voc\u00ea perca peixes ou comprometa a resist\u00eancia do split ring. \u00c9 necess\u00e1rio um controle preciso ao abrir o split ring, o que permite ao pescador entender a ductilidade do metal de sua marca de Split Ring. Use esse inserto em combina\u00e7\u00e3o com o inserto m\u00e9dio de mand\u00edbula redonda Toit &#8211; 63 e 64 para abrir an\u00e9is divididos na faixa de tamanho de #4 a #8. Fabricado em a\u00e7o inoxid\u00e1vel 440C endurecido para proporcionar \u00e0 ferramenta resist\u00eancia \u00e0 corros\u00e3o e uma borda resistente ao desgaste.<\/p>\n","protected":false},"excerpt":{"rendered":"<p>Inserto de anel dividido, a\u00e7o inoxid\u00e1vel 440C, adequado para os tamanhos de an\u00e9is divididos de 4 a 8, comprimento total de 29 mm, usado em conjunto com Toit &#8211; 63 e 64<\/p>\n","protected":false},"featured_media":5257,"comment_status":"open","ping_status":"closed","template":"","meta":{"_acf_changed":false,"_kad_blocks_custom_css":"","_kad_blocks_head_custom_js":"","_kad_blocks_body_custom_js":"","_kad_blocks_footer_custom_js":"","_kad_post_transparent":"","_kad_post_title":"","_kad_post_layout":"","_kad_post_sidebar_id":"","_kad_post_content_style":"","_kad_post_vertical_padding":"","_kad_post_feature":"","_kad_post_feature_position":"","_kad_post_header":false,"_kad_post_footer":false,"_kad_post_classname":""},"product_brand":[],"product_cat":[59],"product_tag":[],"class_list":{"0":"post-5889","1":"product","2":"type-product","3":"status-publish","4":"has-post-thumbnail","6":"product_cat-only-pt-br","8":"first","9":"instock","10":"taxable","11":"shipping-taxable","12":"purchasable","13":"product-type-simple","14":"entry","15":"content-bg","16":"loop-entry"},"acf":[],"taxonomy_info":{"product_cat":[{"value":59,"label":"Only"}]},"featured_image_src_large":["https:\/\/toit.uk\/wp-content\/uploads\/2024\/03\/Toit-68-3.jpg",800,800,false],"author_info":[],"comment_info":0,"_links":{"self":[{"href":"https:\/\/toit.uk\/pt-br\/wp-json\/wp\/v2\/product\/5889","targetHints":{"allow":["GET"]}}],"collection":[{"href":"https:\/\/toit.uk\/pt-br\/wp-json\/wp\/v2\/product"}],"about":[{"href":"https:\/\/toit.uk\/pt-br\/wp-json\/wp\/v2\/types\/product"}],"replies":[{"embeddable":true,"href":"https:\/\/toit.uk\/pt-br\/wp-json\/wp\/v2\/comments?post=5889"}],"wp:featuredmedia":[{"embeddable":true,"href":"https:\/\/toit.uk\/pt-br\/wp-json\/wp\/v2\/media\/5257"}],"wp:attachment":[{"href":"https:\/\/toit.uk\/pt-br\/wp-json\/wp\/v2\/media?parent=5889"}],"wp:term":[{"taxonomy":"product_brand","embeddable":true,"href":"https:\/\/toit.uk\/pt-br\/wp-json\/wp\/v2\/product_brand?post=5889"},{"taxonomy":"product_cat","embeddable":true,"href":"https:\/\/toit.uk\/pt-br\/wp-json\/wp\/v2\/product_cat?post=5889"},{"taxonomy":"product_tag","embeddable":true,"href":"https:\/\/toit.uk\/pt-br\/wp-json\/wp\/v2\/product_tag?post=5889"}],"curies":[{"name":"wp","href":"https:\/\/api.w.org\/{rel}","templated":true}]}}