{"id":6361,"date":"2023-12-22T13:16:24","date_gmt":"2023-12-22T13:16:24","guid":{"rendered":"https:\/\/toit.uk\/product\/kit-de-pinces-a-anneaux-fendus-ss-noir\/"},"modified":"2025-08-18T16:45:14","modified_gmt":"2025-08-18T15:45:14","slug":"kit-de-pinces-a-anneaux-fendus-ss-noir","status":"publish","type":"product","link":"https:\/\/toit.uk\/fr\/produit\/kit-de-pinces-a-anneaux-fendus-ss-noir\/","title":{"rendered":"Kit de pinces \u00e0 anneaux fendus SS-noir"},"content":{"rendered":"<p>Voici la gamme d&rsquo;outils \u00ab\u00a0ONLY\u00a0\u00bb de Toit Fishing. Fabriqu\u00e9 au Royaume-Uni. Cette pince \u00e0 anneaux fendus unique incarne les prouesses de l&rsquo;ing\u00e9nierie britannique. C&rsquo;est \u00e0 partir du c\u0153ur battant de Sheffield que le voyage commence. Cette pince est forg\u00e9e en acier inoxydable 17-4, puis des vall\u00e9es du Devon sortent les 9 inserts en acier inoxydable 60HRC, capables d&rsquo;ouvrir des anneaux fendus de tailles allant de #1 \u00e0 #12. Une fois forg\u00e9es, les poign\u00e9es sont usin\u00e9es dans le Cambridgeshire \u00e0 l&rsquo;aide d&rsquo;une technologie CNC \u00e0 5 axes, puis recouvertes d&rsquo;un rev\u00eatement DLC. Log\u00e9 dans un \u00e9tui rigide imperm\u00e9able en EVA et fourni avec une cl\u00e9 Gedore de 6 mm. La technologie brevet\u00e9e est \u00e0 la base de la plus grande \u00e9volution dans la conception des pinces innovantes de ce si\u00e8cle, avec un concept de m\u00e2choire amovible et des d\u00e9tails de c\u00f4ne de nez qui d\u00e9finissent une nouvelle \u00e8re d&rsquo;excellence britannique.<\/p>\n","protected":false},"excerpt":{"rendered":"<p>Pince \u00e0 bague fendue modulaire. Tailles d&rsquo;ouverture des anneaux fendus #1-#12, poign\u00e9es en acier inoxydable forg\u00e9 17-4 avec rev\u00eatement DLC, 9 inserts en acier inoxydable de duret\u00e9 Rockwell 60, cl\u00e9 \u00e0 molette en chrome vanadium, \u00e9tui rigide avec insert EVA<\/p>\n","protected":false},"featured_media":5757,"comment_status":"open","ping_status":"closed","template":"","meta":{"_acf_changed":false,"_kad_blocks_custom_css":"","_kad_blocks_head_custom_js":"","_kad_blocks_body_custom_js":"","_kad_blocks_footer_custom_js":"","_kad_post_transparent":"","_kad_post_title":"","_kad_post_layout":"","_kad_post_sidebar_id":"","_kad_post_content_style":"","_kad_post_vertical_padding":"","_kad_post_feature":"","_kad_post_feature_position":"","_kad_post_header":false,"_kad_post_footer":false,"_kad_post_classname":""},"product_brand":[],"product_cat":[58],"product_tag":[],"class_list":{"0":"post-6361","1":"product","2":"type-product","3":"status-publish","4":"has-post-thumbnail","6":"product_cat-only-fr","8":"first","9":"instock","10":"taxable","11":"shipping-taxable","12":"purchasable","13":"product-type-simple","14":"entry","15":"content-bg","16":"loop-entry"},"acf":[],"taxonomy_info":{"product_cat":[{"value":58,"label":"Only"}]},"featured_image_src_large":["https:\/\/toit.uk\/wp-content\/uploads\/2023\/12\/Toit-110-6.jpg",800,800,false],"author_info":[],"comment_info":0,"_links":{"self":[{"href":"https:\/\/toit.uk\/fr\/wp-json\/wp\/v2\/product\/6361","targetHints":{"allow":["GET"]}}],"collection":[{"href":"https:\/\/toit.uk\/fr\/wp-json\/wp\/v2\/product"}],"about":[{"href":"https:\/\/toit.uk\/fr\/wp-json\/wp\/v2\/types\/product"}],"replies":[{"embeddable":true,"href":"https:\/\/toit.uk\/fr\/wp-json\/wp\/v2\/comments?post=6361"}],"wp:featuredmedia":[{"embeddable":true,"href":"https:\/\/toit.uk\/fr\/wp-json\/wp\/v2\/media\/5757"}],"wp:attachment":[{"href":"https:\/\/toit.uk\/fr\/wp-json\/wp\/v2\/media?parent=6361"}],"wp:term":[{"taxonomy":"product_brand","embeddable":true,"href":"https:\/\/toit.uk\/fr\/wp-json\/wp\/v2\/product_brand?post=6361"},{"taxonomy":"product_cat","embeddable":true,"href":"https:\/\/toit.uk\/fr\/wp-json\/wp\/v2\/product_cat?post=6361"},{"taxonomy":"product_tag","embeddable":true,"href":"https:\/\/toit.uk\/fr\/wp-json\/wp\/v2\/product_tag?post=6361"}],"curies":[{"name":"wp","href":"https:\/\/api.w.org\/{rel}","templated":true}]}}