{"id":5998,"date":"2023-12-22T13:16:28","date_gmt":"2023-12-22T13:16:28","guid":{"rendered":"https:\/\/toit.uk\/product\/micro-sertisseuses-eco\/"},"modified":"2024-05-25T17:36:13","modified_gmt":"2024-05-25T16:36:13","slug":"micro-sertisseuses-eco","status":"publish","type":"product","link":"https:\/\/toit.uk\/fr\/produit\/micro-sertisseuses-eco\/","title":{"rendered":"Micro sertisseuses &#8211; Eco"},"content":{"rendered":"<p>Si vous \u00eates \u00e0 la recherche d&rsquo;une nouvelle pince \u00e0 sertir, d&rsquo;une nouvelle pince \u00e0 sertir ou d&rsquo;une nouvelle pince-\u00e9tau, posez d&rsquo;abord quelques questions. Qu&rsquo;est-ce que le couple et la r\u00e9sistance \u00e0 la compression ? La force de rotation du couple repr\u00e9sente la capacit\u00e9 de la force \u00e0 affecter quelque chose dans un mouvement de rotation. La r\u00e9sistance \u00e0 la compression est essentiellement la quantit\u00e9 de charge qu&rsquo;une zone sp\u00e9cifique d&rsquo;un mat\u00e9riau peut supporter. Ces deux domaines constituaient les probl\u00e8mes les plus importants \u00e0 r\u00e9soudre dans le cadre de la strat\u00e9gie de conception de notre pince \u00e0 sertir. La surface r\u00e9duite \u00e0 l&rsquo;extr\u00e9mit\u00e9 de la pince, associ\u00e9e \u00e0 la courte distance du point d&rsquo;appui de la pince (point de pivot o\u00f9 la pince tourne), nous a permis de maximiser le couple et de d\u00e9former les sertissages. Cela nous permet de sertir facilement des c\u00e2bles inoxydables multibrins de 150 livres et des c\u00e2bles mono ou fluo de 150 livres en utilisant des sertissages en aluminium, en cuivre ou en laiton. Il permet \u00e9galement de sertir les fils d&rsquo;acier inoxydable monobrin et les fils de titane. Et il tient dans votre poche ! Con\u00e7us sp\u00e9cialement pour le sertissage, ils sont parfaits pour les voyages de p\u00eache \u00e0 l&rsquo;\u00e9tranger et les voyages en bateau, en \u00e9conomisant de l&rsquo;espace et du poids. Regardez notre technique de sertissage \u00ab\u00a0Toit\u00a0\u00bb utilis\u00e9e pour tous les sertissages en aluminium.<\/p>\n","protected":false},"excerpt":{"rendered":"<p>Surface de sertissage concentr\u00e9e, convient au sertissage de c\u00e2bles monotorons de 150 lb, de c\u00e2bles fluor\u00e9s et de c\u00e2bles multibrins de 150 lb en acier inoxydable, de c\u00e2bles monotorons en acier inoxydable et de fils conducteurs en titane. M\u00e2choire de sertissage m\u00e2le de 2 mm, m\u00e2choire de sertissage femelle de 1,5 mm, m\u00e2choire de sertissage femelle de 1 mm, m\u00e2choire de sertissage femelle de 0,7 mm. Convient aux sertissages ovales en aluminium et aux sertissages simples et doubles en cuivre et en laiton, acier inoxydable 410 J1, forgeage en chute libre, ressort interne pour un fonctionnement facile, design ergonomique, con\u00e7u pour le confort de la main, l\u00e9ger, con\u00e7u pour s&rsquo;adapter au fourreau en cuir Toit et au porte-pince Toit (vendus s\u00e9par\u00e9ment), produit respectueux de l&rsquo;environnement, pas de poign\u00e9e en caoutchouc\/plastique\/silicone, conception enti\u00e8rement m\u00e9tallique &#8211; pas de plastique qui tombe, se r\u00e9tr\u00e9cit ou s&rsquo;ab\u00eeme, finition de surface hautement polie.<\/p>\n","protected":false},"featured_media":5457,"comment_status":"open","ping_status":"closed","template":"","meta":{"_acf_changed":false,"_kad_blocks_custom_css":"","_kad_blocks_head_custom_js":"","_kad_blocks_body_custom_js":"","_kad_blocks_footer_custom_js":"","_kad_post_transparent":"","_kad_post_title":"","_kad_post_layout":"","_kad_post_sidebar_id":"","_kad_post_content_style":"","_kad_post_vertical_padding":"","_kad_post_feature":"","_kad_post_feature_position":"","_kad_post_header":false,"_kad_post_footer":false,"_kad_post_classname":""},"product_brand":[],"product_cat":[66],"product_tag":[],"class_list":{"0":"post-5998","1":"product","2":"type-product","3":"status-publish","4":"has-post-thumbnail","6":"product_cat-eco-fr","8":"first","9":"instock","10":"taxable","11":"shipping-taxable","12":"purchasable","13":"product-type-simple","14":"entry","15":"content-bg","16":"loop-entry"},"acf":[],"taxonomy_info":{"product_cat":[{"value":66,"label":"Eco"}]},"featured_image_src_large":["https:\/\/toit.uk\/wp-content\/uploads\/2024\/03\/Toit-209-7.jpg",800,800,false],"author_info":[],"comment_info":0,"_links":{"self":[{"href":"https:\/\/toit.uk\/fr\/wp-json\/wp\/v2\/product\/5998","targetHints":{"allow":["GET"]}}],"collection":[{"href":"https:\/\/toit.uk\/fr\/wp-json\/wp\/v2\/product"}],"about":[{"href":"https:\/\/toit.uk\/fr\/wp-json\/wp\/v2\/types\/product"}],"replies":[{"embeddable":true,"href":"https:\/\/toit.uk\/fr\/wp-json\/wp\/v2\/comments?post=5998"}],"wp:featuredmedia":[{"embeddable":true,"href":"https:\/\/toit.uk\/fr\/wp-json\/wp\/v2\/media\/5457"}],"wp:attachment":[{"href":"https:\/\/toit.uk\/fr\/wp-json\/wp\/v2\/media?parent=5998"}],"wp:term":[{"taxonomy":"product_brand","embeddable":true,"href":"https:\/\/toit.uk\/fr\/wp-json\/wp\/v2\/product_brand?post=5998"},{"taxonomy":"product_cat","embeddable":true,"href":"https:\/\/toit.uk\/fr\/wp-json\/wp\/v2\/product_cat?post=5998"},{"taxonomy":"product_tag","embeddable":true,"href":"https:\/\/toit.uk\/fr\/wp-json\/wp\/v2\/product_tag?post=5998"}],"curies":[{"name":"wp","href":"https:\/\/api.w.org\/{rel}","templated":true}]}}