{"id":5992,"date":"2023-12-22T13:16:28","date_gmt":"2023-12-22T13:16:28","guid":{"rendered":"https:\/\/toit.uk\/product\/pince-gaine-simple-eco\/"},"modified":"2024-05-25T17:36:03","modified_gmt":"2024-05-25T16:36:03","slug":"pince-gaine-simple-eco","status":"publish","type":"product","link":"https:\/\/toit.uk\/fr\/produit\/pince-gaine-simple-eco\/","title":{"rendered":"Pince gaine simple &#8211; Eco"},"content":{"rendered":"<p>Fabriqu\u00e9 \u00e0 partir du meilleur cuir de buffle indien, cuir \u00e0 tannage v\u00e9g\u00e9tal, double couture, \u0153illets en laiton, poli et lustr\u00e9 \u00e0 l&rsquo;aide des huiles v\u00e9g\u00e9tales les plus fines. La gamme Toit ECO est parfaite pour toutes nos pinces Toit de 6&Prime;. Le double passant de ceinture cousu offre une s\u00e9curit\u00e9 suppl\u00e9mentaire pour votre pr\u00e9cieuse cargaison. Notre gamme ECO offre un prix abordable sans compromis sur la qualit\u00e9. Que vous faut-il de plus ? En fonction de vos produits d&rsquo;entretien du cuir, vous pourrez donner votre propre empreinte \u00e0 ce produit qui vieillit avec le temps.<\/p>\n","protected":false},"excerpt":{"rendered":"<p>Cuir de buffle tann\u00e9 au v\u00e9g\u00e9tal, profil ext\u00e9rieur doublement cousu, \u0153illets en laiton de 6 mm de diam\u00e8tre int\u00e9rieur, passant de ceinture en cuir, con\u00e7u pour s&rsquo;adapter \u00e0 toutes nos pinces de 6&Prime; et \u00e0 notre longe (vendues s\u00e9par\u00e9ment). Conception enti\u00e8rement en cuir &#8211; seul le cuir v\u00e9ritable s&rsquo;am\u00e9liore avec le temps<\/p>\n","protected":false},"featured_media":5529,"comment_status":"open","ping_status":"closed","template":"","meta":{"_acf_changed":false,"_kad_blocks_custom_css":"","_kad_blocks_head_custom_js":"","_kad_blocks_body_custom_js":"","_kad_blocks_footer_custom_js":"","_kad_post_transparent":"","_kad_post_title":"","_kad_post_layout":"","_kad_post_sidebar_id":"","_kad_post_content_style":"","_kad_post_vertical_padding":"","_kad_post_feature":"","_kad_post_feature_position":"","_kad_post_header":false,"_kad_post_footer":false,"_kad_post_classname":""},"product_brand":[],"product_cat":[66],"product_tag":[],"class_list":{"0":"post-5992","1":"product","2":"type-product","3":"status-publish","4":"has-post-thumbnail","6":"product_cat-eco-fr","8":"first","9":"instock","10":"taxable","11":"shipping-taxable","12":"purchasable","13":"product-type-simple","14":"entry","15":"content-bg","16":"loop-entry"},"acf":[],"taxonomy_info":{"product_cat":[{"value":66,"label":"Eco"}]},"featured_image_src_large":["https:\/\/toit.uk\/wp-content\/uploads\/2024\/03\/Toit-207-6.jpg",800,800,false],"author_info":[],"comment_info":0,"_links":{"self":[{"href":"https:\/\/toit.uk\/fr\/wp-json\/wp\/v2\/product\/5992","targetHints":{"allow":["GET"]}}],"collection":[{"href":"https:\/\/toit.uk\/fr\/wp-json\/wp\/v2\/product"}],"about":[{"href":"https:\/\/toit.uk\/fr\/wp-json\/wp\/v2\/types\/product"}],"replies":[{"embeddable":true,"href":"https:\/\/toit.uk\/fr\/wp-json\/wp\/v2\/comments?post=5992"}],"wp:featuredmedia":[{"embeddable":true,"href":"https:\/\/toit.uk\/fr\/wp-json\/wp\/v2\/media\/5529"}],"wp:attachment":[{"href":"https:\/\/toit.uk\/fr\/wp-json\/wp\/v2\/media?parent=5992"}],"wp:term":[{"taxonomy":"product_brand","embeddable":true,"href":"https:\/\/toit.uk\/fr\/wp-json\/wp\/v2\/product_brand?post=5992"},{"taxonomy":"product_cat","embeddable":true,"href":"https:\/\/toit.uk\/fr\/wp-json\/wp\/v2\/product_cat?post=5992"},{"taxonomy":"product_tag","embeddable":true,"href":"https:\/\/toit.uk\/fr\/wp-json\/wp\/v2\/product_tag?post=5992"}],"curies":[{"name":"wp","href":"https:\/\/api.w.org\/{rel}","templated":true}]}}