{"id":5987,"date":"2023-12-22T13:16:28","date_gmt":"2023-12-22T13:16:28","guid":{"rendered":"https:\/\/toit.uk\/product\/pince-a-bec-long-eco\/"},"modified":"2024-05-25T17:36:16","modified_gmt":"2024-05-25T16:36:16","slug":"pince-a-bec-long-eco","status":"publish","type":"product","link":"https:\/\/toit.uk\/fr\/produit\/pince-a-bec-long-eco\/","title":{"rendered":"Pince \u00e0 bec long &#8211; Eco"},"content":{"rendered":"<p>Travailler autour des branchies d&rsquo;un poisson demande de la finesse et du contr\u00f4le. En veillant \u00e0 ce que l&rsquo;extr\u00e9mit\u00e9 de l&rsquo;outil soit enti\u00e8rement polie, sans ar\u00eates vives, nous pouvons fournir un outil de d\u00e9crochage qui respecte les zones d\u00e9licates autour des branchies. Nous avons \u00e9galement choisi de placer toute la longueur dans la poign\u00e9e plut\u00f4t que dans les m\u00e2choires, ce qui permet d&rsquo;obtenir une rigidit\u00e9 et une force de pr\u00e9hension maximales lors du retrait du crochet. La conception compacte de l&rsquo;extr\u00e9mit\u00e9 de l&rsquo;hame\u00e7on permet \u00e9galement au p\u00eacheur de pousser vers le bas et vers l&rsquo;ext\u00e9rieur pour retirer l&rsquo;hame\u00e7on gr\u00e2ce \u00e0 la poign\u00e9e \u00e0 couple \u00e9lev\u00e9 et au nez court. La conception unique du manche permet \u00e0 l&rsquo;outil de p\u00e9n\u00e9trer dans des espaces assez restreints, notamment pour travailler autour des branchies des poissons \u00e0 l&rsquo;int\u00e9rieur de la bouche. La longueur r\u00e9duite de la m\u00e2choire et la distance du point d&rsquo;appui emp\u00eachent \u00e9galement la flexion et la torsion des extr\u00e9mit\u00e9s de la m\u00e2choire. Le chargement par ressort pour une utilisation r\u00e9p\u00e9t\u00e9e peut donner \u00e0 cet outil une longueur d&rsquo;avance. La longueur totale de 9 pouces constitue l&rsquo;outil id\u00e9al pour les crochets difficiles \u00e0 atteindre.<\/p>\n","protected":false},"excerpt":{"rendered":"<p>9&Prime; Acier inoxydable 410 J1 Drop Forging, longueur optimale pour \u00e9viter les d\u00e9formations, dents dentel\u00e9es, ressort interne pour un fonctionnement facile, design ergonomique fini \u00e0 la main, con\u00e7u pour le confort de la main, l\u00e9ger, con\u00e7u pour s&rsquo;adapter au support de la pince Toit, produit respectueux de l&rsquo;environnement, pas de poign\u00e9e en caoutchouc\/plastique\/silicone, design tout m\u00e9tal &#8211; Pas de plastique qui tombe, se r\u00e9tr\u00e9cit ou s&rsquo;ab\u00eeme, finition de surface hautement polie.<\/p>\n","protected":false},"featured_media":5511,"comment_status":"open","ping_status":"closed","template":"","meta":{"_acf_changed":false,"_kad_blocks_custom_css":"","_kad_blocks_head_custom_js":"","_kad_blocks_body_custom_js":"","_kad_blocks_footer_custom_js":"","_kad_post_transparent":"","_kad_post_title":"","_kad_post_layout":"","_kad_post_sidebar_id":"","_kad_post_content_style":"","_kad_post_vertical_padding":"","_kad_post_feature":"","_kad_post_feature_position":"","_kad_post_header":false,"_kad_post_footer":false,"_kad_post_classname":""},"product_brand":[],"product_cat":[66],"product_tag":[],"class_list":{"0":"post-5987","1":"product","2":"type-product","3":"status-publish","4":"has-post-thumbnail","6":"product_cat-eco-fr","8":"first","9":"instock","10":"taxable","11":"shipping-taxable","12":"purchasable","13":"product-type-simple","14":"entry","15":"content-bg","16":"loop-entry"},"acf":[],"taxonomy_info":{"product_cat":[{"value":66,"label":"Eco"}]},"featured_image_src_large":["https:\/\/toit.uk\/wp-content\/uploads\/2024\/03\/Toit-232-1.jpg",800,800,false],"author_info":[],"comment_info":0,"_links":{"self":[{"href":"https:\/\/toit.uk\/fr\/wp-json\/wp\/v2\/product\/5987","targetHints":{"allow":["GET"]}}],"collection":[{"href":"https:\/\/toit.uk\/fr\/wp-json\/wp\/v2\/product"}],"about":[{"href":"https:\/\/toit.uk\/fr\/wp-json\/wp\/v2\/types\/product"}],"replies":[{"embeddable":true,"href":"https:\/\/toit.uk\/fr\/wp-json\/wp\/v2\/comments?post=5987"}],"wp:featuredmedia":[{"embeddable":true,"href":"https:\/\/toit.uk\/fr\/wp-json\/wp\/v2\/media\/5511"}],"wp:attachment":[{"href":"https:\/\/toit.uk\/fr\/wp-json\/wp\/v2\/media?parent=5987"}],"wp:term":[{"taxonomy":"product_brand","embeddable":true,"href":"https:\/\/toit.uk\/fr\/wp-json\/wp\/v2\/product_brand?post=5987"},{"taxonomy":"product_cat","embeddable":true,"href":"https:\/\/toit.uk\/fr\/wp-json\/wp\/v2\/product_cat?post=5987"},{"taxonomy":"product_tag","embeddable":true,"href":"https:\/\/toit.uk\/fr\/wp-json\/wp\/v2\/product_tag?post=5987"}],"curies":[{"name":"wp","href":"https:\/\/api.w.org\/{rel}","templated":true}]}}