{"id":5976,"date":"2023-12-29T09:11:11","date_gmt":"2023-12-29T09:11:11","guid":{"rendered":"https:\/\/toit.uk\/product\/toit-dattache\/"},"modified":"2024-05-25T17:35:52","modified_gmt":"2024-05-25T16:35:52","slug":"toit-dattache","status":"publish","type":"product","link":"https:\/\/toit.uk\/fr\/produit\/toit-dattache\/","title":{"rendered":"Toit d&rsquo;attache"},"content":{"rendered":"<p>Disponible en bleu clair (Medium) et en noir clair (Large) Qu&rsquo;est-ce qui diff\u00e9rencie nos lani\u00e8res pour pinces ou outils du reste du lot ? Nous avons opt\u00e9 pour des Quicklinks en acier inoxydable M3.5 plut\u00f4t que pour un mousqueton normal, car ils pr\u00e9sentent moins de zones o\u00f9 le sable, les gravillons et la salet\u00e9 peuvent affecter le fonctionnement de la connexion. La bobine de TPU transparent a un diam\u00e8tre de 4 mm et s&rsquo;efforce de reprendre sa forme initiale, contrairement \u00e0 certaines bobines d&rsquo;un diam\u00e8tre de 1 \u00e0 2 mm. L&rsquo;attache est compos\u00e9e d&rsquo;un c\u00e2ble en acier inoxydable recouvert d&rsquo;un \u00e9lastom\u00e8re thermoplastique de polyur\u00e9thane bleu clair ou noir clair pour former une boucle d&rsquo;attache de \u00d84 mm. Il est parfaitement adapt\u00e9 \u00e0 toutes nos pinces Toit 6&Prime;, \u00e0 notre \u00e9tui en cuir Toit et \u00e0 nos porte-pinces Toit.<\/p>\n","protected":false},"excerpt":{"rendered":"<p>Clear Blue Tether TPU coated wire, 10&Prime; retracted length, 36 inch extended length, Clear Black Tether TPU coated wire, 14&Prime; retracted length, 69 inch extended length, Stainless Steel M3.5 Quicklinks, designed to cope with extremes of salt water fishing, aluminium crimps with vinyl caps, designed to fit the Toit Leather Sheath, Toit Pliers Holder and 6&Prime; Tooling (Sold Separately, Toit Leather Sheath, Toit Pliers Holder and 6&Prime; Tooling), \u00d84mm coated coil cable, providing a superior elastic coil.<\/p>\n","protected":false},"featured_media":5571,"comment_status":"open","ping_status":"closed","template":"","meta":{"_acf_changed":false,"_kad_blocks_custom_css":"","_kad_blocks_head_custom_js":"","_kad_blocks_body_custom_js":"","_kad_blocks_footer_custom_js":"","_kad_post_transparent":"","_kad_post_title":"","_kad_post_layout":"","_kad_post_sidebar_id":"","_kad_post_content_style":"","_kad_post_vertical_padding":"","_kad_post_feature":"","_kad_post_feature_position":"","_kad_post_header":false,"_kad_post_footer":false,"_kad_post_classname":""},"product_brand":[],"product_cat":[61],"product_tag":[],"class_list":{"0":"post-5976","1":"product","2":"type-product","3":"status-publish","4":"has-post-thumbnail","6":"product_cat-accessoires","8":"first","9":"instock","10":"taxable","11":"shipping-taxable","12":"purchasable","13":"product-type-variable","14":"entry","15":"content-bg","16":"loop-entry"},"acf":[],"taxonomy_info":{"product_cat":[{"value":61,"label":"Accessoires"}]},"featured_image_src_large":["https:\/\/toit.uk\/wp-content\/uploads\/2024\/03\/Toit-Tether-Medium-and-Large-Comparison-3.jpg",800,800,false],"author_info":[],"comment_info":0,"_links":{"self":[{"href":"https:\/\/toit.uk\/fr\/wp-json\/wp\/v2\/product\/5976","targetHints":{"allow":["GET"]}}],"collection":[{"href":"https:\/\/toit.uk\/fr\/wp-json\/wp\/v2\/product"}],"about":[{"href":"https:\/\/toit.uk\/fr\/wp-json\/wp\/v2\/types\/product"}],"replies":[{"embeddable":true,"href":"https:\/\/toit.uk\/fr\/wp-json\/wp\/v2\/comments?post=5976"}],"wp:featuredmedia":[{"embeddable":true,"href":"https:\/\/toit.uk\/fr\/wp-json\/wp\/v2\/media\/5571"}],"wp:attachment":[{"href":"https:\/\/toit.uk\/fr\/wp-json\/wp\/v2\/media?parent=5976"}],"wp:term":[{"taxonomy":"product_brand","embeddable":true,"href":"https:\/\/toit.uk\/fr\/wp-json\/wp\/v2\/product_brand?post=5976"},{"taxonomy":"product_cat","embeddable":true,"href":"https:\/\/toit.uk\/fr\/wp-json\/wp\/v2\/product_cat?post=5976"},{"taxonomy":"product_tag","embeddable":true,"href":"https:\/\/toit.uk\/fr\/wp-json\/wp\/v2\/product_tag?post=5976"}],"curies":[{"name":"wp","href":"https:\/\/api.w.org\/{rel}","templated":true}]}}