{"id":5958,"date":"2023-12-29T06:52:04","date_gmt":"2023-12-29T06:52:04","guid":{"rendered":"https:\/\/toit.uk\/product\/pince-a-anneaux-fendus-eco\/"},"modified":"2024-05-25T17:36:01","modified_gmt":"2024-05-25T16:36:01","slug":"pince-a-anneaux-fendus-eco","status":"publish","type":"product","link":"https:\/\/toit.uk\/fr\/produit\/pince-a-anneaux-fendus-eco\/","title":{"rendered":"Pince \u00e0 anneaux fendus &#8211; Eco"},"content":{"rendered":"<p>Frustr\u00e9 par des ann\u00e9es et des ann\u00e9es pass\u00e9es \u00e0 enfoncer vos ongles ou \u00e0 forcer les hame\u00e7ons entre les anneaux fendus parce que la fente de votre anneau fendu n&rsquo;est jamais assez grande, ou que l&rsquo;anneau fendu se d\u00e9place pendant que vous essayez d&rsquo;assembler votre leurre. Agac\u00e9 d&rsquo;endommager et de rayer vos anneaux fendus ou les rev\u00eatements de surface de vos anneaux fendus, avec le bord tranchant d&rsquo;un triangle bidimensionnel ou les dentelures d&rsquo;une pince \u00e0 bec long. Permettez-moi de vous pr\u00e9senter notre propre pince \u00e0 anneaux fendus, con\u00e7ue et brevet\u00e9e. Commencez par un d\u00e9tail du c\u00f4ne nasal en trois dimensions. Cela permet un travail rigide en tenant, dans notre cas, un anneau fendu, l&rsquo;anneau fendu ne se d\u00e9place pas. Fonctionnalit\u00e9 optionnelle en deux \u00e9tapes, y compris le micro-r\u00e9glage pour un mouvement contr\u00f4l\u00e9 et un dimensionnement contr\u00f4l\u00e9 de l&rsquo;ouverture. Vous avez besoin d&rsquo;une ouverture suppl\u00e9mentaire ? Il vous suffit de tourner la pince \u00e0 anneau fendu et l&rsquo;anneau fendu dans le r\u00e9glage optionnel de la deuxi\u00e8me \u00e9tape. La pince \u00e0 anneaux fendus Toit est disponible en 3 tailles : petite, moyenne et grande. Fabriqu\u00e9 \u00e0 partir d&rsquo;un acier inoxydable 410 J1 forg\u00e9. La vie est simple si vous pouvez ouvrir facilement un anneau fendu. Le tableau des tailles d&rsquo;anneaux fendus ci-dessous vous permet de d\u00e9terminer la taille de l&rsquo;outil dont vous avez besoin pour votre anneau fendu.<\/p>\n","protected":false},"excerpt":{"rendered":"<p>Technologie r\u00e9volutionnaire brevet\u00e9e (GB2113512.4), 3 tailles au choix, petit, moyen et grand, fonctionnalit\u00e9 optionnelle en 2 \u00e9tapes, 2 strat\u00e9gies pour atteindre l&rsquo;ouverture maximale, maintien rigide du travail dans les \u00e9tapes 1 et 2, l&rsquo;anneau fendu est maintenu fermement, micro-r\u00e9glage, connaissez les limites de l&rsquo;ouverture de votre choix de l&rsquo;anneau fendu, mouvement contr\u00f4l\u00e9, stabilit\u00e9 totale de l&rsquo;anneau fendu pendant l&rsquo;utilisation, acier inoxydable 410 J1 forg\u00e9 par estampage, Ressort interne pour un fonctionnement facile, design ergonomique, con\u00e7u pour le confort de la main, l\u00e9ger, con\u00e7u pour s&rsquo;adapter au fourreau en cuir Toit (vendu s\u00e9par\u00e9ment), produit respectueux de l&rsquo;environnement, pas de poign\u00e9e en caoutchouc\/plastique\/silicone, conception enti\u00e8rement m\u00e9tallique &#8211; pas de plastique qui tombe, r\u00e9tr\u00e9cit ou s&rsquo;ab\u00eeme, finition de surface hautement polie.<\/p>\n","protected":false},"featured_media":6938,"comment_status":"open","ping_status":"closed","template":"","meta":{"_acf_changed":false,"_kad_blocks_custom_css":"","_kad_blocks_head_custom_js":"","_kad_blocks_body_custom_js":"","_kad_blocks_footer_custom_js":"","_kad_post_transparent":"","_kad_post_title":"","_kad_post_layout":"","_kad_post_sidebar_id":"","_kad_post_content_style":"","_kad_post_vertical_padding":"","_kad_post_feature":"","_kad_post_feature_position":"","_kad_post_header":false,"_kad_post_footer":false,"_kad_post_classname":""},"product_brand":[],"product_cat":[66],"product_tag":[],"class_list":{"0":"post-5958","1":"product","2":"type-product","3":"status-publish","4":"has-post-thumbnail","6":"product_cat-eco-fr","8":"first","9":"instock","10":"taxable","11":"shipping-taxable","12":"purchasable","13":"product-type-variable","14":"entry","15":"content-bg","16":"loop-entry"},"acf":[],"taxonomy_info":{"product_cat":[{"value":66,"label":"Eco"}]},"featured_image_src_large":["https:\/\/toit.uk\/wp-content\/uploads\/2023\/12\/Split-Ring-Pliers-ECO-1-1-800x800-1.jpg",800,800,false],"author_info":[],"comment_info":0,"_links":{"self":[{"href":"https:\/\/toit.uk\/fr\/wp-json\/wp\/v2\/product\/5958","targetHints":{"allow":["GET"]}}],"collection":[{"href":"https:\/\/toit.uk\/fr\/wp-json\/wp\/v2\/product"}],"about":[{"href":"https:\/\/toit.uk\/fr\/wp-json\/wp\/v2\/types\/product"}],"replies":[{"embeddable":true,"href":"https:\/\/toit.uk\/fr\/wp-json\/wp\/v2\/comments?post=5958"}],"wp:featuredmedia":[{"embeddable":true,"href":"https:\/\/toit.uk\/fr\/wp-json\/wp\/v2\/media\/6938"}],"wp:attachment":[{"href":"https:\/\/toit.uk\/fr\/wp-json\/wp\/v2\/media?parent=5958"}],"wp:term":[{"taxonomy":"product_brand","embeddable":true,"href":"https:\/\/toit.uk\/fr\/wp-json\/wp\/v2\/product_brand?post=5958"},{"taxonomy":"product_cat","embeddable":true,"href":"https:\/\/toit.uk\/fr\/wp-json\/wp\/v2\/product_cat?post=5958"},{"taxonomy":"product_tag","embeddable":true,"href":"https:\/\/toit.uk\/fr\/wp-json\/wp\/v2\/product_tag?post=5958"}],"curies":[{"name":"wp","href":"https:\/\/api.w.org\/{rel}","templated":true}]}}