{"id":5950,"date":"2023-12-29T09:11:11","date_gmt":"2023-12-29T09:11:11","guid":{"rendered":"https:\/\/toit.uk\/product\/pince-a-anneaux-fendus-al-kit\/"},"modified":"2024-05-25T17:35:44","modified_gmt":"2024-05-25T16:35:44","slug":"pince-a-anneaux-fendus-al-kit","status":"publish","type":"product","link":"https:\/\/toit.uk\/fr\/produit\/pince-a-anneaux-fendus-al-kit\/","title":{"rendered":"Pince \u00e0 anneaux fendus AL-Kit"},"content":{"rendered":"<p>Voici la gamme d&rsquo;outils \u00ab\u00a0ONLY\u00a0\u00bb de Toit Fishing. Fabriqu\u00e9 au Royaume-Uni. Cette pince \u00e0 anneaux fendus unique en son genre incarne les prouesses de l&rsquo;ing\u00e9niosit\u00e9 et de l&rsquo;ing\u00e9nierie du design britannique. La poign\u00e9e est usin\u00e9e avec pr\u00e9cision selon des tol\u00e9rances exactes gr\u00e2ce \u00e0 la technologie CNC 5 axes et usin\u00e9e dans de l&rsquo;aluminium 6082-T6. Le kit comprend 9 plaquettes en acier inoxydable 60HRC, capables d&rsquo;ouvrir des anneaux fendus de tailles allant de #1 \u00e0 #12. Dot\u00e9 d&rsquo;un rev\u00eatement unique en technologie c\u00e9ramique-polym\u00e8re &#8211; Cerakote de couleur prussienne &#8211; le rev\u00eatement am\u00e9liore la r\u00e9sistance \u00e0 la corrosion, la durabilit\u00e9 et la duret\u00e9, est stable aux UV et pr\u00e9sente une r\u00e9sistance chimique et une stabilit\u00e9 thermique. Il est log\u00e9 dans un \u00e9tui ext\u00e9rieur en polyester bleu thermoform\u00e9 avec un insert en EVA dans le couvercle et la base. Livr\u00e9 avec une cl\u00e9 Gedore-Red de 6 mm en chrome vanadium. La technologie en instance de brevet est \u00e0 la base de la plus grande \u00e9volution dans la conception de pinces innovantes de ce si\u00e8cle, avec un concept de m\u00e2choire amovible et un d\u00e9tail de c\u00f4ne de nez qui d\u00e9finit une nouvelle \u00e8re d&rsquo;excellence britannique. Gagnant du prix \u00ab\u00a0Best Game Fishing Accesory\u00a0\u00bb lors des 2023 AFTA awards en Australie.<\/p>\n","protected":false},"excerpt":{"rendered":"<p>Kit de pinces \u00e0 anneaux fendus modulaires. Capable d&rsquo;ouvrir des anneaux fendus de taille 1 \u00e0 12. Technologie CNC 5 axes, usin\u00e9 \u00e0 partir d&rsquo;aluminium 6082 T6. Rev\u00eatement en technologie c\u00e9ramique-polym\u00e8re, couleur prussienne Cerakote. Fourni avec 9 inserts en acier inoxydable 440C trait\u00e9s thermiquement. Comprend une cl\u00e9 Gedore de 6 mm en chrome vanadium. Comprend un \u00e9tui ext\u00e9rieur en polyester bleu thermoform\u00e9 avec un insert en EVA dans le couvercle et la base.<\/p>\n","protected":false},"featured_media":5799,"comment_status":"open","ping_status":"closed","template":"","meta":{"_acf_changed":false,"_kad_blocks_custom_css":"","_kad_blocks_head_custom_js":"","_kad_blocks_body_custom_js":"","_kad_blocks_footer_custom_js":"","_kad_post_transparent":"","_kad_post_title":"","_kad_post_layout":"","_kad_post_sidebar_id":"","_kad_post_content_style":"","_kad_post_vertical_padding":"","_kad_post_feature":"","_kad_post_feature_position":"","_kad_post_header":false,"_kad_post_footer":false,"_kad_post_classname":""},"product_brand":[],"product_cat":[58],"product_tag":[],"class_list":{"0":"post-5950","1":"product","2":"type-product","3":"status-publish","4":"has-post-thumbnail","6":"product_cat-only-fr","8":"first","9":"instock","10":"taxable","11":"shipping-taxable","12":"purchasable","13":"product-type-variable","14":"entry","15":"content-bg","16":"loop-entry"},"acf":[],"taxonomy_info":{"product_cat":[{"value":58,"label":"Only"}]},"featured_image_src_large":["https:\/\/toit.uk\/wp-content\/uploads\/2023\/12\/Modular-Split-Ring-Piers-4-800X800.jpg",800,800,false],"author_info":[],"comment_info":0,"_links":{"self":[{"href":"https:\/\/toit.uk\/fr\/wp-json\/wp\/v2\/product\/5950","targetHints":{"allow":["GET"]}}],"collection":[{"href":"https:\/\/toit.uk\/fr\/wp-json\/wp\/v2\/product"}],"about":[{"href":"https:\/\/toit.uk\/fr\/wp-json\/wp\/v2\/types\/product"}],"replies":[{"embeddable":true,"href":"https:\/\/toit.uk\/fr\/wp-json\/wp\/v2\/comments?post=5950"}],"wp:featuredmedia":[{"embeddable":true,"href":"https:\/\/toit.uk\/fr\/wp-json\/wp\/v2\/media\/5799"}],"wp:attachment":[{"href":"https:\/\/toit.uk\/fr\/wp-json\/wp\/v2\/media?parent=5950"}],"wp:term":[{"taxonomy":"product_brand","embeddable":true,"href":"https:\/\/toit.uk\/fr\/wp-json\/wp\/v2\/product_brand?post=5950"},{"taxonomy":"product_cat","embeddable":true,"href":"https:\/\/toit.uk\/fr\/wp-json\/wp\/v2\/product_cat?post=5950"},{"taxonomy":"product_tag","embeddable":true,"href":"https:\/\/toit.uk\/fr\/wp-json\/wp\/v2\/product_tag?post=5950"}],"curies":[{"name":"wp","href":"https:\/\/api.w.org\/{rel}","templated":true}]}}