{"id":5933,"date":"2023-12-29T09:11:11","date_gmt":"2023-12-29T09:11:11","guid":{"rendered":"https:\/\/toit.uk\/product\/pince-a-anneaux-fendus-al\/"},"modified":"2025-06-27T23:30:04","modified_gmt":"2025-06-27T22:30:04","slug":"pince-a-anneaux-fendus-al","status":"publish","type":"product","link":"https:\/\/toit.uk\/fr\/produit\/pince-a-anneaux-fendus-al\/","title":{"rendered":"Pince \u00e0 anneaux fendus AL"},"content":{"rendered":"<p>Fait partie de la gamme d&rsquo;outils Toit Fishing ONLY, fabriqu\u00e9s au Royaume-Uni. Le manche de cette pince \u00e0 anneaux fendus unique incarne les prouesses de l&rsquo;ing\u00e9niosit\u00e9 et de l&rsquo;ing\u00e9nierie du design britannique. La poign\u00e9e est usin\u00e9e avec pr\u00e9cision selon des tol\u00e9rances exactes gr\u00e2ce \u00e0 la technologie CNC 5 axes et usin\u00e9e dans de l&rsquo;aluminium 6082-T6. Dot\u00e9 d&rsquo;un rev\u00eatement unique en technologie c\u00e9ramique-polym\u00e8re &#8211; Cerakote couleur prusse &#8211; le rev\u00eatement am\u00e9liore la r\u00e9sistance \u00e0 la corrosion, la durabilit\u00e9 et la duret\u00e9, est stable aux UV et pr\u00e9sente une r\u00e9sistance chimique et une stabilit\u00e9 thermique. Livr\u00e9 avec une cl\u00e9 Gedore-Red de 6 mm en chrome vanadium. La technologie en instance de brevet est \u00e0 la base de la plus grande \u00e9volution dans la conception de pinces innovantes de ce si\u00e8cle, avec un concept de m\u00e2choire amovible et un d\u00e9tail de c\u00f4ne de nez qui d\u00e9finit une nouvelle \u00e8re d&rsquo;excellence britannique. Les inserts pour anneaux fendus et la bo\u00eete de pinces pour anneaux fendus sont vendus s\u00e9par\u00e9ment.<\/p>\n","protected":false},"excerpt":{"rendered":"<p>Pince \u00e0 anneaux fendus Poign\u00e9e. Capable d&rsquo;ouvrir des anneaux fendus de taille 1 \u00e0 12. Technologie CNC 5 axes, usin\u00e9 \u00e0 partir d&rsquo;aluminium 6082 T6. Rev\u00eatement en technologie c\u00e9ramique-polym\u00e8re, couleur prussienne Cerakote. Acier inoxydable 316 Fulcrum. Les inserts Split Ring et l&rsquo;\u00e9tui sont vendus s\u00e9par\u00e9ment. Comprend une cl\u00e9 Gedore de 6 mm en chrome vanadium.<\/p>\n","protected":false},"featured_media":5826,"comment_status":"open","ping_status":"closed","template":"","meta":{"_acf_changed":false,"_kad_blocks_custom_css":"","_kad_blocks_head_custom_js":"","_kad_blocks_body_custom_js":"","_kad_blocks_footer_custom_js":"","_kad_post_transparent":"","_kad_post_title":"","_kad_post_layout":"","_kad_post_sidebar_id":"","_kad_post_content_style":"","_kad_post_vertical_padding":"","_kad_post_feature":"","_kad_post_feature_position":"","_kad_post_header":false,"_kad_post_footer":false,"_kad_post_classname":""},"product_brand":[],"product_cat":[58],"product_tag":[],"class_list":{"0":"post-5933","1":"product","2":"type-product","3":"status-publish","4":"has-post-thumbnail","6":"product_cat-only-fr","8":"first","9":"instock","10":"taxable","11":"shipping-taxable","12":"purchasable","13":"product-type-variable","14":"entry","15":"content-bg","16":"loop-entry"},"acf":[],"taxonomy_info":{"product_cat":[{"value":58,"label":"Only"}]},"featured_image_src_large":["https:\/\/toit.uk\/wp-content\/uploads\/2023\/12\/Modular-Split-Ring-Piers-14-800X800.jpg",800,800,false],"author_info":[],"comment_info":0,"_links":{"self":[{"href":"https:\/\/toit.uk\/fr\/wp-json\/wp\/v2\/product\/5933","targetHints":{"allow":["GET"]}}],"collection":[{"href":"https:\/\/toit.uk\/fr\/wp-json\/wp\/v2\/product"}],"about":[{"href":"https:\/\/toit.uk\/fr\/wp-json\/wp\/v2\/types\/product"}],"replies":[{"embeddable":true,"href":"https:\/\/toit.uk\/fr\/wp-json\/wp\/v2\/comments?post=5933"}],"wp:featuredmedia":[{"embeddable":true,"href":"https:\/\/toit.uk\/fr\/wp-json\/wp\/v2\/media\/5826"}],"wp:attachment":[{"href":"https:\/\/toit.uk\/fr\/wp-json\/wp\/v2\/media?parent=5933"}],"wp:term":[{"taxonomy":"product_brand","embeddable":true,"href":"https:\/\/toit.uk\/fr\/wp-json\/wp\/v2\/product_brand?post=5933"},{"taxonomy":"product_cat","embeddable":true,"href":"https:\/\/toit.uk\/fr\/wp-json\/wp\/v2\/product_cat?post=5933"},{"taxonomy":"product_tag","embeddable":true,"href":"https:\/\/toit.uk\/fr\/wp-json\/wp\/v2\/product_tag?post=5933"}],"curies":[{"name":"wp","href":"https:\/\/api.w.org\/{rel}","templated":true}]}}