{"id":5921,"date":"2023-12-22T13:16:27","date_gmt":"2023-12-22T13:16:27","guid":{"rendered":"https:\/\/toit.uk\/product\/outil-de-torsion-haywire-eco\/"},"modified":"2024-05-25T17:36:19","modified_gmt":"2024-05-25T16:36:19","slug":"outil-de-torsion-haywire-eco","status":"publish","type":"product","link":"https:\/\/toit.uk\/fr\/produit\/outil-de-torsion-haywire-eco\/","title":{"rendered":"Outil de torsion Haywire &#8211; Eco"},"content":{"rendered":"<p>Le Haywire Twist est probablement l&rsquo;une des connexions les plus sous-estim\u00e9es que tout p\u00eacheur poss\u00e8de dans son arsenal. Si vous n&rsquo;\u00eates pas s\u00fbr de vous ou si vous manquez d&rsquo;assurance pour r\u00e9aliser des torsades de foin, cet outil vous permettra d&rsquo;y rem\u00e9dier. Il est con\u00e7u pour cr\u00e9er 3 tailles diff\u00e9rentes de torsades de foin. Notre outil forg\u00e9 en acier inoxydable comprend une m\u00e2choire de forme, qui permet de cr\u00e9er une boucle initiale parfaite pour votre connexion Haywire Twist. La vie est simple si vous pouvez tenir votre Haywire Twist facilement. Cet outil peut \u00eatre utilis\u00e9 pour fabriquer un Shark Rig, un Pike Rig ou n&rsquo;importe quel gr\u00e9ement pour les cr\u00e9atures \u00e0 dents. Notre outil de torsion Haywire peut \u00e9galement \u00eatre utilis\u00e9 pour r\u00e9aliser un Tokyo Rig ou un Dingle Dangle Rig, pour n&rsquo;en citer que quelques-uns. L&rsquo;arr\u00eat du mouvement de l&rsquo;extr\u00e9mit\u00e9 de la boucle pendant que vous essayez de cr\u00e9er des enroulements nets et r\u00e9guliers sur deux plans est la cl\u00e9 du succ\u00e8s de cet outil.<\/p>\n","protected":false},"excerpt":{"rendered":"<p>Acier inoxydable 410 J1 Drop Forging, Utilis\u00e9 pour faire une torsion Haywire, Utilis\u00e9 pour former un fil simple, Choix de 3 diam\u00e8tres, Chargement interne par ressort pour un fonctionnement facile, Design ergonomique, Con\u00e7u pour le confort de la main, L\u00e9ger, Con\u00e7u pour s&rsquo;adapter au fourreau en cuir Toit (vendu s\u00e9par\u00e9ment), Produit respectueux de l&rsquo;environnement, pas de poign\u00e9e en caoutchouc\/plastique\/silicone, Conception enti\u00e8rement m\u00e9tallique &#8211; Pas de plastique qui tombe, se r\u00e9tr\u00e9cit ou s&rsquo;ab\u00eeme, Finition de surface hautement polie.<\/p>\n","protected":false},"featured_media":6671,"comment_status":"open","ping_status":"closed","template":"","meta":{"_acf_changed":false,"_kad_blocks_custom_css":"","_kad_blocks_head_custom_js":"","_kad_blocks_body_custom_js":"","_kad_blocks_footer_custom_js":"","_kad_post_transparent":"","_kad_post_title":"","_kad_post_layout":"","_kad_post_sidebar_id":"","_kad_post_content_style":"","_kad_post_vertical_padding":"","_kad_post_feature":"","_kad_post_feature_position":"","_kad_post_header":false,"_kad_post_footer":false,"_kad_post_classname":""},"product_brand":[],"product_cat":[66],"product_tag":[],"class_list":{"0":"post-5921","1":"product","2":"type-product","3":"status-publish","4":"has-post-thumbnail","6":"product_cat-eco-fr","8":"first","9":"instock","10":"taxable","11":"shipping-taxable","12":"purchasable","13":"product-type-simple","14":"entry","15":"content-bg","16":"loop-entry"},"acf":[],"taxonomy_info":{"product_cat":[{"value":66,"label":"Eco"}]},"featured_image_src_large":["https:\/\/toit.uk\/wp-content\/uploads\/2023\/12\/Toit-204-16.jpg",800,800,false],"author_info":[],"comment_info":0,"_links":{"self":[{"href":"https:\/\/toit.uk\/fr\/wp-json\/wp\/v2\/product\/5921","targetHints":{"allow":["GET"]}}],"collection":[{"href":"https:\/\/toit.uk\/fr\/wp-json\/wp\/v2\/product"}],"about":[{"href":"https:\/\/toit.uk\/fr\/wp-json\/wp\/v2\/types\/product"}],"replies":[{"embeddable":true,"href":"https:\/\/toit.uk\/fr\/wp-json\/wp\/v2\/comments?post=5921"}],"wp:featuredmedia":[{"embeddable":true,"href":"https:\/\/toit.uk\/fr\/wp-json\/wp\/v2\/media\/6671"}],"wp:attachment":[{"href":"https:\/\/toit.uk\/fr\/wp-json\/wp\/v2\/media?parent=5921"}],"wp:term":[{"taxonomy":"product_brand","embeddable":true,"href":"https:\/\/toit.uk\/fr\/wp-json\/wp\/v2\/product_brand?post=5921"},{"taxonomy":"product_cat","embeddable":true,"href":"https:\/\/toit.uk\/fr\/wp-json\/wp\/v2\/product_cat?post=5921"},{"taxonomy":"product_tag","embeddable":true,"href":"https:\/\/toit.uk\/fr\/wp-json\/wp\/v2\/product_tag?post=5921"}],"curies":[{"name":"wp","href":"https:\/\/api.w.org\/{rel}","templated":true}]}}