{"id":5919,"date":"2023-12-22T13:16:27","date_gmt":"2023-12-22T13:16:27","guid":{"rendered":"https:\/\/toit.uk\/product\/pince-a-bec-court-eco\/"},"modified":"2024-05-25T17:36:21","modified_gmt":"2024-05-25T16:36:21","slug":"pince-a-bec-court-eco","status":"publish","type":"product","link":"https:\/\/toit.uk\/fr\/produit\/pince-a-bec-court-eco\/","title":{"rendered":"Pince \u00e0 bec court &#8211; Eco"},"content":{"rendered":"<p>Si le confort et la facilit\u00e9 d&rsquo;utilisation vous viennent \u00e0 l&rsquo;esprit lorsque vous cherchez l&rsquo;outil de d\u00e9hookage id\u00e9al, alors la pince \u00e0 bec court de Toit est peut-\u00eatre ce que vous recherchez. Non seulement il est con\u00e7u pour le d\u00e9crochage, mais il comporte plusieurs trous dans les poign\u00e9es pour y passer votre hame\u00e7on et serrer votre n\u0153ud de p\u00eache. Fabriqu\u00e9e en acier inoxydable, cette pince \u00e0 bec court est id\u00e9ale pour retirer les hame\u00e7ons des petites esp\u00e8ces d&rsquo;eau douce et d&rsquo;eau de mer. Cet outil a une prise am\u00e9lior\u00e9e avec une longueur de m\u00e2choire plus courte, ce qui permet une plus grande rigidit\u00e9 et une meilleure force de pr\u00e9hension lors du retrait du crochet. La conception unique du manche permet \u00e0 l&rsquo;outil de p\u00e9n\u00e9trer dans des espaces assez restreints, notamment pour travailler autour des branchies des poissons \u00e0 l&rsquo;int\u00e9rieur de la bouche. La longueur r\u00e9duite de la m\u00e2choire et la distance du point d&rsquo;appui emp\u00eachent \u00e9galement la flexion et la torsion des extr\u00e9mit\u00e9s de la m\u00e2choire. Le chargement par ressort pour une utilisation r\u00e9p\u00e9t\u00e9e peut donner \u00e0 cet outil une longueur d&rsquo;avance.<\/p>\n","protected":false},"excerpt":{"rendered":"<p>Acier inoxydable 410 J1 Drop Forging, Longueur optimale pour \u00e9viter les d\u00e9formations, Dents dentel\u00e9es, Ressort interne pour un fonctionnement facile, Design ergonomique, Con\u00e7u pour le confort de la main, L\u00e9ger, Con\u00e7u pour s&rsquo;adapter au Toit Leather, Fourreau (vendu s\u00e9par\u00e9ment), Produit respectueux de l&rsquo;environnement, pas de poign\u00e9e en caoutchouc\/plastique\/silicone, Design enti\u00e8rement m\u00e9tallique &#8211; Pas de plastique qui tombe, r\u00e9tr\u00e9cit ou s&rsquo;ab\u00eeme, Finition hautement polie de la surface.<\/p>\n","protected":false},"featured_media":5397,"comment_status":"open","ping_status":"closed","template":"","meta":{"_acf_changed":false,"_kad_blocks_custom_css":"","_kad_blocks_head_custom_js":"","_kad_blocks_body_custom_js":"","_kad_blocks_footer_custom_js":"","_kad_post_transparent":"","_kad_post_title":"","_kad_post_layout":"","_kad_post_sidebar_id":"","_kad_post_content_style":"","_kad_post_vertical_padding":"","_kad_post_feature":"","_kad_post_feature_position":"","_kad_post_header":false,"_kad_post_footer":false,"_kad_post_classname":""},"product_brand":[],"product_cat":[66],"product_tag":[],"class_list":{"0":"post-5919","1":"product","2":"type-product","3":"status-publish","4":"has-post-thumbnail","6":"product_cat-eco-fr","8":"first","9":"instock","10":"taxable","11":"shipping-taxable","12":"purchasable","13":"product-type-simple","14":"entry","15":"content-bg","16":"loop-entry"},"acf":[],"taxonomy_info":{"product_cat":[{"value":66,"label":"Eco"}]},"featured_image_src_large":["https:\/\/toit.uk\/wp-content\/uploads\/2024\/03\/Toit-202-4.jpg",800,800,false],"author_info":[],"comment_info":0,"_links":{"self":[{"href":"https:\/\/toit.uk\/fr\/wp-json\/wp\/v2\/product\/5919","targetHints":{"allow":["GET"]}}],"collection":[{"href":"https:\/\/toit.uk\/fr\/wp-json\/wp\/v2\/product"}],"about":[{"href":"https:\/\/toit.uk\/fr\/wp-json\/wp\/v2\/types\/product"}],"replies":[{"embeddable":true,"href":"https:\/\/toit.uk\/fr\/wp-json\/wp\/v2\/comments?post=5919"}],"wp:featuredmedia":[{"embeddable":true,"href":"https:\/\/toit.uk\/fr\/wp-json\/wp\/v2\/media\/5397"}],"wp:attachment":[{"href":"https:\/\/toit.uk\/fr\/wp-json\/wp\/v2\/media?parent=5919"}],"wp:term":[{"taxonomy":"product_brand","embeddable":true,"href":"https:\/\/toit.uk\/fr\/wp-json\/wp\/v2\/product_brand?post=5919"},{"taxonomy":"product_cat","embeddable":true,"href":"https:\/\/toit.uk\/fr\/wp-json\/wp\/v2\/product_cat?post=5919"},{"taxonomy":"product_tag","embeddable":true,"href":"https:\/\/toit.uk\/fr\/wp-json\/wp\/v2\/product_tag?post=5919"}],"curies":[{"name":"wp","href":"https:\/\/api.w.org\/{rel}","templated":true}]}}