{"id":5917,"date":"2023-12-22T13:16:27","date_gmt":"2023-12-22T13:16:27","guid":{"rendered":"https:\/\/toit.uk\/product\/couteaux-lateraux-eco\/"},"modified":"2024-05-25T17:36:26","modified_gmt":"2024-05-25T16:36:26","slug":"couteaux-lateraux-eco","status":"publish","type":"product","link":"https:\/\/toit.uk\/fr\/produit\/couteaux-lateraux-eco\/","title":{"rendered":"Couteaux lat\u00e9raux &#8211; Eco"},"content":{"rendered":"<p>Ces coupe-c\u00e2bles lat\u00e9raux sont con\u00e7us sp\u00e9cifiquement pour couper le fil de p\u00eache \u00e0 brin unique. Non seulement ils sont en acier inoxydable, mais nous avons \u00e9galement ins\u00e9r\u00e9 un insert en carbure de tungst\u00e8ne dans la m\u00e2choire sup\u00e9rieure et inf\u00e9rieure. Vous en avez assez de voir ces outils \u00e0 insert amovible se casser, se tordre, se d\u00e9former ? C&rsquo;est pr\u00e9cis\u00e9ment pour cette raison que nous avons opt\u00e9 pour une ar\u00eate de coupe fixe. Si vous recherchez des pinces \u00e0 d\u00e9couper lat\u00e9rales qui offrent \u00e0 la fois une r\u00e9sistance \u00e0 la corrosion et une poign\u00e9e ergonomique, c&rsquo;est peut-\u00eatre l&rsquo;outil qu&rsquo;il vous faut. Les Toit Side Cutters fonctionnent parfaitement avec notre outil Haywire Twist pour cr\u00e9er un Haywire Twist, un Tokyo Rig ou m\u00eame un Dingle Dangle Rig. Non recommand\u00e9 pour couper la tresse, le c\u00e2ble multibrins ou les hame\u00e7ons de p\u00eache.<\/p>\n","protected":false},"excerpt":{"rendered":"<p>Acier inoxydable 410 J1 Drop Forging, insert en carbure de tungst\u00e8ne bras\u00e9, design ergonomique fini \u00e0 la main, con\u00e7u pour le confort de la main et de la prise en main, ressort interne pour un fonctionnement facile, l\u00e9ger, con\u00e7u pour s&rsquo;adapter au fourreau en cuir Toit (vendu s\u00e9par\u00e9ment), produit respectueux de l&rsquo;environnement, pas de poign\u00e9e en caoutchouc\/plastique\/silicone, design enti\u00e8rement m\u00e9tallique &#8211; pas de plastique qui tombe, r\u00e9tr\u00e9cit ou s&rsquo;ab\u00eeme, finition de surface hautement polie, insert fixe pour \u00e9viter de bouger, tranchant stable. Il n&rsquo;est pas recommand\u00e9 de couper les tresses, les c\u00e2bles multibrins ou les hame\u00e7ons de p\u00eache.<\/p>\n","protected":false},"featured_media":5370,"comment_status":"open","ping_status":"closed","template":"","meta":{"_acf_changed":false,"_kad_blocks_custom_css":"","_kad_blocks_head_custom_js":"","_kad_blocks_body_custom_js":"","_kad_blocks_footer_custom_js":"","_kad_post_transparent":"","_kad_post_title":"","_kad_post_layout":"","_kad_post_sidebar_id":"","_kad_post_content_style":"","_kad_post_vertical_padding":"","_kad_post_feature":"","_kad_post_feature_position":"","_kad_post_header":false,"_kad_post_footer":false,"_kad_post_classname":""},"product_brand":[],"product_cat":[66],"product_tag":[],"class_list":{"0":"post-5917","1":"product","2":"type-product","3":"status-publish","4":"has-post-thumbnail","6":"product_cat-eco-fr","8":"first","9":"instock","10":"taxable","11":"shipping-taxable","12":"purchasable","13":"product-type-simple","14":"entry","15":"content-bg","16":"loop-entry"},"acf":[],"taxonomy_info":{"product_cat":[{"value":66,"label":"Eco"}]},"featured_image_src_large":["https:\/\/toit.uk\/wp-content\/uploads\/2024\/03\/Toit-201-3.jpg",800,800,false],"author_info":[],"comment_info":0,"_links":{"self":[{"href":"https:\/\/toit.uk\/fr\/wp-json\/wp\/v2\/product\/5917","targetHints":{"allow":["GET"]}}],"collection":[{"href":"https:\/\/toit.uk\/fr\/wp-json\/wp\/v2\/product"}],"about":[{"href":"https:\/\/toit.uk\/fr\/wp-json\/wp\/v2\/types\/product"}],"replies":[{"embeddable":true,"href":"https:\/\/toit.uk\/fr\/wp-json\/wp\/v2\/comments?post=5917"}],"wp:featuredmedia":[{"embeddable":true,"href":"https:\/\/toit.uk\/fr\/wp-json\/wp\/v2\/media\/5370"}],"wp:attachment":[{"href":"https:\/\/toit.uk\/fr\/wp-json\/wp\/v2\/media?parent=5917"}],"wp:term":[{"taxonomy":"product_brand","embeddable":true,"href":"https:\/\/toit.uk\/fr\/wp-json\/wp\/v2\/product_brand?post=5917"},{"taxonomy":"product_cat","embeddable":true,"href":"https:\/\/toit.uk\/fr\/wp-json\/wp\/v2\/product_cat?post=5917"},{"taxonomy":"product_tag","embeddable":true,"href":"https:\/\/toit.uk\/fr\/wp-json\/wp\/v2\/product_tag?post=5917"}],"curies":[{"name":"wp","href":"https:\/\/api.w.org\/{rel}","templated":true}]}}