{"id":5915,"date":"2023-12-22T13:16:27","date_gmt":"2023-12-22T13:16:27","guid":{"rendered":"https:\/\/toit.uk\/product\/pince-a-becs-ronds-eco\/"},"modified":"2024-05-25T17:36:25","modified_gmt":"2024-05-25T16:36:25","slug":"pince-a-becs-ronds-eco","status":"publish","type":"product","link":"https:\/\/toit.uk\/fr\/produit\/pince-a-becs-ronds-eco\/","title":{"rendered":"Pince \u00e0 becs ronds &#8211; Eco"},"content":{"rendered":"<p>Vous cherchez un outil pour plier et former votre fil de p\u00eache monobrin dans toutes les formes imaginables ? Ne cherchez plus ! Nos pinces \u00e0 becs ronds sont con\u00e7ues de mani\u00e8re \u00e0 ce que les bords int\u00e9rieurs des m\u00e2choires se touchent lorsque l&rsquo;outil est en position ferm\u00e9e. Cela permet de maintenir en toute s\u00e9curit\u00e9 des fils de tailles diff\u00e9rentes lors de leur mise en place. Nos pinces \u00e0 becs ronds sont fabriqu\u00e9es \u00e0 partir d&rsquo;une pi\u00e8ce forg\u00e9e en acier inoxydable. Il peut \u00eatre utilis\u00e9 avec l&rsquo;outil Haywire Twist. C&rsquo;est l&rsquo;outil id\u00e9al pour toutes vos applications de nouage. Avez-vous d\u00e9j\u00e0 eu du mal \u00e0 faire un n\u0153ud terminal sur un \u00e9merillon ou un hame\u00e7on ou \u00e0 tenir l&rsquo;objet ? Ces pinces \u00e0 becs ronds sont la solution id\u00e9ale et vous permettront d&rsquo;exercer une pression suffisante sur votre n\u0153ud lorsque vous le refermez. Les trous dans les poign\u00e9es permettent \u00e9galement de tenir un hame\u00e7on simple ou triple pendant que vous faites votre n\u0153ud.<\/p>\n","protected":false},"excerpt":{"rendered":"<p>Acier inoxydable 410 J1 Drop Forging, Face int\u00e9rieure des m\u00e2choires parall\u00e8le, Utilis\u00e9 pour former un fil simple, Peut \u00eatre utilis\u00e9 pour former une torsion Haywire, Ressort interne pour un fonctionnement facile, Design ergonomique, Con\u00e7u pour le confort de la main, L\u00e9ger, Con\u00e7u pour s&rsquo;adapter au fourreau en cuir Toit (vendu s\u00e9par\u00e9ment), Produit respectueux de l&rsquo;environnement, pas de poign\u00e9e en caoutchouc\/plastique\/silicone, Conception enti\u00e8rement m\u00e9tallique &#8211; Pas de plastique qui tombe, se r\u00e9tr\u00e9cit ou s&rsquo;ab\u00eeme, Finition de surface hautement polie.<\/p>\n","protected":false},"featured_media":5415,"comment_status":"open","ping_status":"closed","template":"","meta":{"_acf_changed":false,"_kad_blocks_custom_css":"","_kad_blocks_head_custom_js":"","_kad_blocks_body_custom_js":"","_kad_blocks_footer_custom_js":"","_kad_post_transparent":"","_kad_post_title":"","_kad_post_layout":"","_kad_post_sidebar_id":"","_kad_post_content_style":"","_kad_post_vertical_padding":"","_kad_post_feature":"","_kad_post_feature_position":"","_kad_post_header":false,"_kad_post_footer":false,"_kad_post_classname":""},"product_brand":[],"product_cat":[66],"product_tag":[],"class_list":{"0":"post-5915","1":"product","2":"type-product","3":"status-publish","4":"has-post-thumbnail","6":"product_cat-eco-fr","8":"first","9":"instock","10":"taxable","11":"shipping-taxable","12":"purchasable","13":"product-type-simple","14":"entry","15":"content-bg","16":"loop-entry"},"acf":[],"taxonomy_info":{"product_cat":[{"value":66,"label":"Eco"}]},"featured_image_src_large":["https:\/\/toit.uk\/wp-content\/uploads\/2024\/03\/Toit-203-4.jpg",800,800,false],"author_info":[],"comment_info":0,"_links":{"self":[{"href":"https:\/\/toit.uk\/fr\/wp-json\/wp\/v2\/product\/5915","targetHints":{"allow":["GET"]}}],"collection":[{"href":"https:\/\/toit.uk\/fr\/wp-json\/wp\/v2\/product"}],"about":[{"href":"https:\/\/toit.uk\/fr\/wp-json\/wp\/v2\/types\/product"}],"replies":[{"embeddable":true,"href":"https:\/\/toit.uk\/fr\/wp-json\/wp\/v2\/comments?post=5915"}],"wp:featuredmedia":[{"embeddable":true,"href":"https:\/\/toit.uk\/fr\/wp-json\/wp\/v2\/media\/5415"}],"wp:attachment":[{"href":"https:\/\/toit.uk\/fr\/wp-json\/wp\/v2\/media?parent=5915"}],"wp:term":[{"taxonomy":"product_brand","embeddable":true,"href":"https:\/\/toit.uk\/fr\/wp-json\/wp\/v2\/product_brand?post=5915"},{"taxonomy":"product_cat","embeddable":true,"href":"https:\/\/toit.uk\/fr\/wp-json\/wp\/v2\/product_cat?post=5915"},{"taxonomy":"product_tag","embeddable":true,"href":"https:\/\/toit.uk\/fr\/wp-json\/wp\/v2\/product_tag?post=5915"}],"curies":[{"name":"wp","href":"https:\/\/api.w.org\/{rel}","templated":true}]}}