{"id":5904,"date":"2023-12-22T13:16:27","date_gmt":"2023-12-22T13:16:27","guid":{"rendered":"https:\/\/toit.uk\/product\/etiquette-de-remplacement-et-aiguille-devent\/"},"modified":"2024-05-25T17:36:34","modified_gmt":"2024-05-25T16:36:34","slug":"etiquette-de-remplacement-et-aiguille-devent","status":"publish","type":"product","link":"https:\/\/toit.uk\/fr\/produit\/etiquette-de-remplacement-et-aiguille-devent\/","title":{"rendered":"Etiquette de remplacement et aiguille d&rsquo;\u00e9vent"},"content":{"rendered":"<p>Fabriqu\u00e9 en deux parties distinctes. Le tube en acier inoxydable 304 est sp\u00e9cialement con\u00e7u pour \u00eatre utilis\u00e9 avec les \u00e9tiquettes pour petits poissons. Le tube est ouvert des deux c\u00f4t\u00e9s. Cela permet d&rsquo;utiliser le produit comme aiguille d&rsquo;insertion Ikejime et comme outil d&rsquo;a\u00e9ration pour les esp\u00e8ces de poissons plus grandes. La pince de serrage en acier inoxydable 316 est bidirectionnelle, ce qui permet au p\u00eacheur de ranger l&rsquo;aiguille en toute s\u00e9curit\u00e9 \u00e0 l&rsquo;int\u00e9rieur du manche lorsqu&rsquo;il ne l&rsquo;utilise pas.<\/p>\n","protected":false},"excerpt":{"rendered":"<p>Etiquette de remplacement et aiguille de ventilation. Fabriqu\u00e9 en acier inoxydable 316 et 304. Syst\u00e8me de pince de serrage innovant, faisant partie du syst\u00e8me d&rsquo;outils modulaire Toit. La pince de serrage bidirectionnelle permet de ranger la poign\u00e9e droite en toute s\u00e9curit\u00e9 lorsqu&rsquo;elle n&rsquo;est pas utilis\u00e9e. Utilisez le produit en conjonction avec l&rsquo;accessoire modulaire \u00e0 poign\u00e9e droite ou en T. Utilisez l&rsquo;outil de remplacement Tag &amp; Vent pour marquer les esp\u00e8ces de poissons et ventiler les gros poissons avant de les remettre \u00e0 l&rsquo;eau. Il ne convient pas du tout \u00e0 une utilisation par des enfants.<\/p>\n","protected":false},"featured_media":5352,"comment_status":"open","ping_status":"closed","template":"","meta":{"_acf_changed":false,"_kad_blocks_custom_css":"","_kad_blocks_head_custom_js":"","_kad_blocks_body_custom_js":"","_kad_blocks_footer_custom_js":"","_kad_post_transparent":"","_kad_post_title":"","_kad_post_layout":"","_kad_post_sidebar_id":"","_kad_post_content_style":"","_kad_post_vertical_padding":"","_kad_post_feature":"","_kad_post_feature_position":"","_kad_post_header":false,"_kad_post_footer":false,"_kad_post_classname":""},"product_brand":[],"product_cat":[61],"product_tag":[],"class_list":{"0":"post-5904","1":"product","2":"type-product","3":"status-publish","4":"has-post-thumbnail","6":"product_cat-accessoires","8":"first","9":"instock","10":"taxable","11":"shipping-taxable","12":"purchasable","13":"product-type-simple","14":"entry","15":"content-bg","16":"loop-entry"},"acf":[],"taxonomy_info":{"product_cat":[{"value":61,"label":"Accessoires"}]},"featured_image_src_large":["https:\/\/toit.uk\/wp-content\/uploads\/2024\/03\/Toit-128-9.jpg",800,800,false],"author_info":[],"comment_info":0,"_links":{"self":[{"href":"https:\/\/toit.uk\/fr\/wp-json\/wp\/v2\/product\/5904","targetHints":{"allow":["GET"]}}],"collection":[{"href":"https:\/\/toit.uk\/fr\/wp-json\/wp\/v2\/product"}],"about":[{"href":"https:\/\/toit.uk\/fr\/wp-json\/wp\/v2\/types\/product"}],"replies":[{"embeddable":true,"href":"https:\/\/toit.uk\/fr\/wp-json\/wp\/v2\/comments?post=5904"}],"wp:featuredmedia":[{"embeddable":true,"href":"https:\/\/toit.uk\/fr\/wp-json\/wp\/v2\/media\/5352"}],"wp:attachment":[{"href":"https:\/\/toit.uk\/fr\/wp-json\/wp\/v2\/media?parent=5904"}],"wp:term":[{"taxonomy":"product_brand","embeddable":true,"href":"https:\/\/toit.uk\/fr\/wp-json\/wp\/v2\/product_brand?post=5904"},{"taxonomy":"product_cat","embeddable":true,"href":"https:\/\/toit.uk\/fr\/wp-json\/wp\/v2\/product_cat?post=5904"},{"taxonomy":"product_tag","embeddable":true,"href":"https:\/\/toit.uk\/fr\/wp-json\/wp\/v2\/product_tag?post=5904"}],"curies":[{"name":"wp","href":"https:\/\/api.w.org\/{rel}","templated":true}]}}