{"id":5903,"date":"2023-12-22T13:16:27","date_gmt":"2023-12-22T13:16:27","guid":{"rendered":"https:\/\/toit.uk\/product\/outil-de-marquage-et-devacuation-des-poissons\/"},"modified":"2024-05-25T17:36:46","modified_gmt":"2024-05-25T16:36:46","slug":"outil-de-marquage-et-devacuation-des-poissons","status":"publish","type":"product","link":"https:\/\/toit.uk\/fr\/produit\/outil-de-marquage-et-devacuation-des-poissons\/","title":{"rendered":"Outil de marquage et d&rsquo;\u00e9vacuation des poissons"},"content":{"rendered":"<p>Pr\u00e9sentation de l&rsquo;outil de marquage des poissons de l&rsquo;ACC. Fabriqu\u00e9 au Royaume-Uni. Ce produit exquis est le fruit d&rsquo;un partenariat entre le design am\u00e9ricain et le design britannique. Fabriqu\u00e9 \u00e0 partir d&rsquo;acier inoxydable 316 usin\u00e9 dans la masse \u00e0 l&rsquo;aide de la technologie CNC 8 axes, le syst\u00e8me modulaire commence son voyage. Gr\u00e2ce \u00e0 un syst\u00e8me de pinces, l&rsquo;outil permet de marquer et de capturer des donn\u00e9es sur les poissons, mais il permet \u00e9galement au p\u00eacheur de retourner rapidement l&rsquo;aiguille pour ranger le produit en toute s\u00e9curit\u00e9 lorsqu&rsquo;il n&rsquo;est pas utilis\u00e9. Le tube en acier inoxydable 304 est sp\u00e9cialement con\u00e7u pour \u00eatre utilis\u00e9 avec les \u00e9tiquettes pour petits poissons. Le tube est ouvert des deux c\u00f4t\u00e9s. Le produit peut ainsi \u00eatre utilis\u00e9 comme aiguille d&rsquo;insertion Ikejime et comme outil d&rsquo;a\u00e9ration. Il permet \u00e9galement d&rsquo;\u00e9largir la gamme de produits \u00e0 l&rsquo;avenir. Il est dot\u00e9 d&rsquo;un cordon d&rsquo;attache pour faciliter le rangement et la fixation \u00e0 la ceinture. La poign\u00e9e en forme de goutte d&rsquo;eau est tr\u00e8s confortable, mais elle permet \u00e9galement une pression s\u00fbre dans la paume de l&rsquo;utilisateur pour assurer un marquage rapide. Gr\u00e2ce au d\u00e9tail de pr\u00e9hension ajout\u00e9 au niveau des index, l&rsquo;aiguille peut \u00eatre retir\u00e9e tr\u00e8s efficacement. Dot\u00e9 d&rsquo;un rev\u00eatement unique en technologie c\u00e9ramique-polym\u00e8re &#8211; Cerakote de couleur rouge et blanche &#8211; le rev\u00eatement am\u00e9liore la r\u00e9sistance \u00e0 la corrosion, la durabilit\u00e9 et la duret\u00e9, est stable aux UV et pr\u00e9sente une r\u00e9sistance chimique et une stabilit\u00e9 thermique. La saisie des donn\u00e9es relatives aux poissons est \u00e0 la base de l&rsquo;avenir de notre p\u00eache. Il permet aux personnes et aux organisations de prendre des d\u00e9cisions \u00e9clair\u00e9es sur les diff\u00e9rentes p\u00eacheries afin de prot\u00e9ger le plus grand sport de la plan\u00e8te : la p\u00eache ! Cet outil aide les p\u00eacheurs du monde entier \u00e0 fournir des donn\u00e9es qui placent la conservation des c\u00f4tes au premier plan.<\/p>\n","protected":false},"excerpt":{"rendered":"<p>Outil de marquage et d&rsquo;\u00e9vacuation des poissons CCA. Fabriqu\u00e9 en acier inoxydable 316 \u00e0 l&rsquo;aide de la technologie CNC 8 axes. L&rsquo;aiguille de marquage et de ventilation est fabriqu\u00e9e en acier inoxydable 316 et 304. L&rsquo;utilisation d&rsquo;un syst\u00e8me de pince innovant permet de marquer et de capturer des donn\u00e9es sur les poissons, mais aussi de retourner rapidement l&rsquo;extr\u00e9mit\u00e9 de l&rsquo;aiguille pour ranger le produit en toute s\u00e9curit\u00e9 lorsqu&rsquo;il n&rsquo;est pas utilis\u00e9. Fixation de la lani\u00e8re pour le rangement. L&rsquo;insertion de l&rsquo;\u00e9tiquette est facilit\u00e9e par la poign\u00e9e en forme de goutte d&rsquo;eau et les d\u00e9tails de pr\u00e9hension ajout\u00e9s au niveau des index. Dot\u00e9 d&rsquo;un rev\u00eatement unique en technologie c\u00e9ramique-polym\u00e8re, Cerakote. Utilisez l&rsquo;outil Tag &amp; Vent pour marquer les esp\u00e8ces de poissons et ventiler les gros poissons avant de les remettre \u00e0 l&rsquo;eau. Une partie des recettes de chaque outil vendu est revers\u00e9e au programme de recherche sur le marquage des poissons du CCA. Il ne convient pas du tout \u00e0 une utilisation par des enfants.<\/p>\n","protected":false},"featured_media":5301,"comment_status":"open","ping_status":"closed","template":"","meta":{"_acf_changed":false,"_kad_blocks_custom_css":"","_kad_blocks_head_custom_js":"","_kad_blocks_body_custom_js":"","_kad_blocks_footer_custom_js":"","_kad_post_transparent":"","_kad_post_title":"","_kad_post_layout":"","_kad_post_sidebar_id":"","_kad_post_content_style":"","_kad_post_vertical_padding":"","_kad_post_feature":"","_kad_post_feature_position":"","_kad_post_header":false,"_kad_post_footer":false,"_kad_post_classname":""},"product_brand":[],"product_cat":[61],"product_tag":[],"class_list":{"0":"post-5903","1":"product","2":"type-product","3":"status-publish","4":"has-post-thumbnail","6":"product_cat-accessoires","8":"first","9":"instock","10":"taxable","11":"shipping-taxable","12":"purchasable","13":"product-type-simple","14":"entry","15":"content-bg","16":"loop-entry"},"acf":[],"taxonomy_info":{"product_cat":[{"value":61,"label":"Accessoires"}]},"featured_image_src_large":["https:\/\/toit.uk\/wp-content\/uploads\/2024\/03\/Toit-118-2.jpg",800,800,false],"author_info":[],"comment_info":0,"_links":{"self":[{"href":"https:\/\/toit.uk\/fr\/wp-json\/wp\/v2\/product\/5903","targetHints":{"allow":["GET"]}}],"collection":[{"href":"https:\/\/toit.uk\/fr\/wp-json\/wp\/v2\/product"}],"about":[{"href":"https:\/\/toit.uk\/fr\/wp-json\/wp\/v2\/types\/product"}],"replies":[{"embeddable":true,"href":"https:\/\/toit.uk\/fr\/wp-json\/wp\/v2\/comments?post=5903"}],"wp:featuredmedia":[{"embeddable":true,"href":"https:\/\/toit.uk\/fr\/wp-json\/wp\/v2\/media\/5301"}],"wp:attachment":[{"href":"https:\/\/toit.uk\/fr\/wp-json\/wp\/v2\/media?parent=5903"}],"wp:term":[{"taxonomy":"product_brand","embeddable":true,"href":"https:\/\/toit.uk\/fr\/wp-json\/wp\/v2\/product_brand?post=5903"},{"taxonomy":"product_cat","embeddable":true,"href":"https:\/\/toit.uk\/fr\/wp-json\/wp\/v2\/product_cat?post=5903"},{"taxonomy":"product_tag","embeddable":true,"href":"https:\/\/toit.uk\/fr\/wp-json\/wp\/v2\/product_tag?post=5903"}],"curies":[{"name":"wp","href":"https:\/\/api.w.org\/{rel}","templated":true}]}}