{"id":5902,"date":"2023-12-22T13:16:24","date_gmt":"2023-12-22T13:16:24","guid":{"rendered":"https:\/\/toit.uk\/product\/pince-a-anneaux-fendus-etui-souple\/"},"modified":"2024-05-25T17:37:01","modified_gmt":"2024-05-25T16:37:01","slug":"pince-a-anneaux-fendus-etui-souple","status":"publish","type":"product","link":"https:\/\/toit.uk\/fr\/produit\/pince-a-anneaux-fendus-etui-souple\/","title":{"rendered":"Pince \u00e0 anneaux fendus \u00c9tui souple"},"content":{"rendered":"<p>Il y a des cas et il y a \u00ab\u00a0SEULEMENT\u00a0\u00bb des cas. Ce produit haut de gamme abritera votre SEULE pince \u00e0 anneaux fendus modulaire de choix. Coque ext\u00e9rieure thermoform\u00e9e en textile polyester bleu, encapsulant et prot\u00e9geant votre produit Toit lorsqu&rsquo;il n&rsquo;est pas utilis\u00e9. Lorsque vous ouvrez la seule tirette micro zip, le bo\u00eetier de protection interne en EVA se d\u00e9voile. Les pinces, les inserts et les cl\u00e9s sont vendus s\u00e9par\u00e9ment. Convient pour les pinces \u00e0 anneau fendu de la gamme Toit 151 &#8211; 159. Capable de contenir les 9 anneaux fendus et une cl\u00e9 de 6 mm en chrome vanadium Gedore-Red.<\/p>\n","protected":false},"excerpt":{"rendered":"<p>Coffret de rangement pour les pinces \u00e0 anneaux fendus. Tissu polyester entrelac\u00e9 bleu Etui moul\u00e9 thermoform\u00e9. Inserts int\u00e9rieurs en EVA dans le couvercle et la base. Con\u00e7u pour accueillir la gamme d&rsquo;outils \u00e0 bague fendue en aluminium de Toit. Les pinces et les inserts sont vendus s\u00e9par\u00e9ment.<\/p>\n","protected":false},"featured_media":5292,"comment_status":"open","ping_status":"closed","template":"","meta":{"_acf_changed":false,"_kad_blocks_custom_css":"","_kad_blocks_head_custom_js":"","_kad_blocks_body_custom_js":"","_kad_blocks_footer_custom_js":"","_kad_post_transparent":"","_kad_post_title":"","_kad_post_layout":"","_kad_post_sidebar_id":"","_kad_post_content_style":"","_kad_post_vertical_padding":"","_kad_post_feature":"","_kad_post_feature_position":"","_kad_post_header":false,"_kad_post_footer":false,"_kad_post_classname":""},"product_brand":[],"product_cat":[58],"product_tag":[],"class_list":{"0":"post-5902","1":"product","2":"type-product","3":"status-publish","4":"has-post-thumbnail","6":"product_cat-only-fr","8":"first","9":"instock","10":"taxable","11":"shipping-taxable","12":"purchasable","13":"product-type-simple","14":"entry","15":"content-bg","16":"loop-entry"},"acf":[],"taxonomy_info":{"product_cat":[{"value":58,"label":"Only"}]},"featured_image_src_large":["https:\/\/toit.uk\/wp-content\/uploads\/2024\/03\/Toit-149-2.jpg",800,800,false],"author_info":[],"comment_info":0,"_links":{"self":[{"href":"https:\/\/toit.uk\/fr\/wp-json\/wp\/v2\/product\/5902","targetHints":{"allow":["GET"]}}],"collection":[{"href":"https:\/\/toit.uk\/fr\/wp-json\/wp\/v2\/product"}],"about":[{"href":"https:\/\/toit.uk\/fr\/wp-json\/wp\/v2\/types\/product"}],"replies":[{"embeddable":true,"href":"https:\/\/toit.uk\/fr\/wp-json\/wp\/v2\/comments?post=5902"}],"wp:featuredmedia":[{"embeddable":true,"href":"https:\/\/toit.uk\/fr\/wp-json\/wp\/v2\/media\/5292"}],"wp:attachment":[{"href":"https:\/\/toit.uk\/fr\/wp-json\/wp\/v2\/media?parent=5902"}],"wp:term":[{"taxonomy":"product_brand","embeddable":true,"href":"https:\/\/toit.uk\/fr\/wp-json\/wp\/v2\/product_brand?post=5902"},{"taxonomy":"product_cat","embeddable":true,"href":"https:\/\/toit.uk\/fr\/wp-json\/wp\/v2\/product_cat?post=5902"},{"taxonomy":"product_tag","embeddable":true,"href":"https:\/\/toit.uk\/fr\/wp-json\/wp\/v2\/product_tag?post=5902"}],"curies":[{"name":"wp","href":"https:\/\/api.w.org\/{rel}","templated":true}]}}