{"id":5900,"date":"2023-12-22T13:16:27","date_gmt":"2023-12-22T13:16:27","guid":{"rendered":"https:\/\/toit.uk\/product\/euthanasier-spike\/"},"modified":"2024-05-25T17:36:43","modified_gmt":"2024-05-25T16:36:43","slug":"euthanasier-spike","status":"publish","type":"product","link":"https:\/\/toit.uk\/fr\/produit\/euthanasier-spike\/","title":{"rendered":"Euthanasier Spike"},"content":{"rendered":"<p>Ce produit est d&rsquo;une qualit\u00e9 et d&rsquo;une r\u00e9sistance exceptionnelles. Il s&rsquo;agit d&rsquo;une conception monobloc en acier inoxydable 316 de qualit\u00e9 chirurgicale. Ce produit fait partie de notre gamme Toit Modulaire. L&rsquo;angle peu prononc\u00e9 de la pointe r\u00e9duit les meurtrissures et assure une p\u00e9n\u00e9tration rapide et sans effort dans la chair du poisson lors de la p\u00eache. Veillez toujours \u00e0 ce que le produit soit stock\u00e9 en toute s\u00e9curit\u00e9 lorsqu&rsquo;il n&rsquo;est pas utilis\u00e9. La conception bidirectionnelle de l&rsquo;extr\u00e9mit\u00e9 de la pince permet de ranger l&rsquo;extr\u00e9mit\u00e9 de la pointe dans le manche droit. L&rsquo;acier inoxydable 316 offre une r\u00e9sistance optimale \u00e0 la corrosion.<\/p>\n","protected":false},"excerpt":{"rendered":"<p>Euthanasier Spike. Fabriqu\u00e9 en acier inoxydable 316. Syst\u00e8me de pince de serrage innovant, faisant partie du syst\u00e8me d&rsquo;outils modulaire Toit. La pince de serrage bidirectionnelle permet de ranger la poign\u00e9e droite en toute s\u00e9curit\u00e9 lorsqu&rsquo;elle n&rsquo;est pas utilis\u00e9e. Utilisez le produit en conjonction avec l&rsquo;accessoire modulaire \u00e0 poign\u00e9e droite ou en T. Utilisez la pointe Eunthanizing pour \u00e9liminer sans cruaut\u00e9 les poissons captur\u00e9s. Il ne convient pas du tout \u00e0 une utilisation par des enfants.<\/p>\n","protected":false},"featured_media":5334,"comment_status":"open","ping_status":"closed","template":"","meta":{"_acf_changed":false,"_kad_blocks_custom_css":"","_kad_blocks_head_custom_js":"","_kad_blocks_body_custom_js":"","_kad_blocks_footer_custom_js":"","_kad_post_transparent":"","_kad_post_title":"","_kad_post_layout":"","_kad_post_sidebar_id":"","_kad_post_content_style":"","_kad_post_vertical_padding":"","_kad_post_feature":"","_kad_post_feature_position":"","_kad_post_header":false,"_kad_post_footer":false,"_kad_post_classname":""},"product_brand":[],"product_cat":[61],"product_tag":[],"class_list":{"0":"post-5900","1":"product","2":"type-product","3":"status-publish","4":"has-post-thumbnail","6":"product_cat-accessoires","8":"first","9":"instock","10":"taxable","11":"shipping-taxable","12":"purchasable","13":"product-type-simple","14":"entry","15":"content-bg","16":"loop-entry"},"acf":[],"taxonomy_info":{"product_cat":[{"value":61,"label":"Accessoires"}]},"featured_image_src_large":["https:\/\/toit.uk\/wp-content\/uploads\/2024\/03\/Toit-121-5.jpg",800,800,false],"author_info":[],"comment_info":0,"_links":{"self":[{"href":"https:\/\/toit.uk\/fr\/wp-json\/wp\/v2\/product\/5900","targetHints":{"allow":["GET"]}}],"collection":[{"href":"https:\/\/toit.uk\/fr\/wp-json\/wp\/v2\/product"}],"about":[{"href":"https:\/\/toit.uk\/fr\/wp-json\/wp\/v2\/types\/product"}],"replies":[{"embeddable":true,"href":"https:\/\/toit.uk\/fr\/wp-json\/wp\/v2\/comments?post=5900"}],"wp:featuredmedia":[{"embeddable":true,"href":"https:\/\/toit.uk\/fr\/wp-json\/wp\/v2\/media\/5334"}],"wp:attachment":[{"href":"https:\/\/toit.uk\/fr\/wp-json\/wp\/v2\/media?parent=5900"}],"wp:term":[{"taxonomy":"product_brand","embeddable":true,"href":"https:\/\/toit.uk\/fr\/wp-json\/wp\/v2\/product_brand?post=5900"},{"taxonomy":"product_cat","embeddable":true,"href":"https:\/\/toit.uk\/fr\/wp-json\/wp\/v2\/product_cat?post=5900"},{"taxonomy":"product_tag","embeddable":true,"href":"https:\/\/toit.uk\/fr\/wp-json\/wp\/v2\/product_tag?post=5900"}],"curies":[{"name":"wp","href":"https:\/\/api.w.org\/{rel}","templated":true}]}}