{"id":5888,"date":"2023-12-22T13:16:24","date_gmt":"2023-12-22T13:16:24","guid":{"rendered":"https:\/\/toit.uk\/product\/machoire-ronde-micro\/"},"modified":"2024-11-11T12:17:14","modified_gmt":"2024-11-11T12:17:14","slug":"machoire-ronde-micro","status":"publish","type":"product","link":"https:\/\/toit.uk\/fr\/produit\/machoire-ronde-micro\/","title":{"rendered":"M\u00e2choire ronde Micro"},"content":{"rendered":"<p>Si vous recherchez un outil de pr\u00e9cision, ne cherchez pas plus loin. Usin\u00e9 CNC avec une tol\u00e9rance de 30 microns. La finition de pr\u00e9cision red\u00e9finit le contr\u00f4le lorsqu&rsquo;il s&rsquo;agit de placer et d&rsquo;enlever l&rsquo;anneau fendu sur les leurres et les hame\u00e7ons. Les anneaux fendus se brisent ou s&rsquo;\u00e9tendent trop lorsque la limite de ductilit\u00e9 du mat\u00e9riau de base est atteinte, ce qui fait que l&rsquo;ouverture de l&rsquo;anneau fendu ne se referme pas. Cela entra\u00eenera la perte de poissons ou une diminution de la r\u00e9sistance de l&rsquo;anneau fendu. Un contr\u00f4le pr\u00e9cis est n\u00e9cessaire lors de l&rsquo;ouverture de l&rsquo;anneau fendu, ce qui permet au p\u00eacheur de comprendre la ductilit\u00e9 du m\u00e9tal de sa marque d&rsquo;anneau fendu. Utilisez cet insert en combinaison avec l&rsquo;insert moyen \u00e0 m\u00e2choire ronde Toit &#8211; 65&amp;66 pour ouvrir les anneaux fendus dans la gamme de tailles #1 &#8211; #4. Fabriqu\u00e9 en acier inoxydable 440C tremp\u00e9 pour donner \u00e0 l&rsquo;outil une r\u00e9sistance \u00e0 la corrosion et un tranchant r\u00e9sistant \u00e0 l&rsquo;usure.<\/p>\n","protected":false},"excerpt":{"rendered":"<p>Insert pour anneau fendu, acier inoxydable 440C, convient aux anneaux fendus de taille #1 \u00e0 #4, longueur totale de 31mm, \u00e0 utiliser avec Toit &#8211; 65&amp;66<\/p>\n","protected":false},"featured_media":5274,"comment_status":"open","ping_status":"closed","template":"","meta":{"_acf_changed":false,"_kad_blocks_custom_css":"","_kad_blocks_head_custom_js":"","_kad_blocks_body_custom_js":"","_kad_blocks_footer_custom_js":"","_kad_post_transparent":"","_kad_post_title":"","_kad_post_layout":"","_kad_post_sidebar_id":"","_kad_post_content_style":"","_kad_post_vertical_padding":"","_kad_post_feature":"","_kad_post_feature_position":"","_kad_post_header":false,"_kad_post_footer":false,"_kad_post_classname":""},"product_brand":[],"product_cat":[58],"product_tag":[],"class_list":{"0":"post-5888","1":"product","2":"type-product","3":"status-publish","4":"has-post-thumbnail","6":"product_cat-only-fr","8":"first","9":"instock","10":"taxable","11":"shipping-taxable","12":"purchasable","13":"product-type-simple","14":"entry","15":"content-bg","16":"loop-entry"},"acf":[],"taxonomy_info":{"product_cat":[{"value":58,"label":"Only"}]},"featured_image_src_large":["https:\/\/toit.uk\/wp-content\/uploads\/2024\/03\/Toit-69-3.jpg",800,800,false],"author_info":[],"comment_info":1,"_links":{"self":[{"href":"https:\/\/toit.uk\/fr\/wp-json\/wp\/v2\/product\/5888","targetHints":{"allow":["GET"]}}],"collection":[{"href":"https:\/\/toit.uk\/fr\/wp-json\/wp\/v2\/product"}],"about":[{"href":"https:\/\/toit.uk\/fr\/wp-json\/wp\/v2\/types\/product"}],"replies":[{"embeddable":true,"href":"https:\/\/toit.uk\/fr\/wp-json\/wp\/v2\/comments?post=5888"}],"wp:featuredmedia":[{"embeddable":true,"href":"https:\/\/toit.uk\/fr\/wp-json\/wp\/v2\/media\/5274"}],"wp:attachment":[{"href":"https:\/\/toit.uk\/fr\/wp-json\/wp\/v2\/media?parent=5888"}],"wp:term":[{"taxonomy":"product_brand","embeddable":true,"href":"https:\/\/toit.uk\/fr\/wp-json\/wp\/v2\/product_brand?post=5888"},{"taxonomy":"product_cat","embeddable":true,"href":"https:\/\/toit.uk\/fr\/wp-json\/wp\/v2\/product_cat?post=5888"},{"taxonomy":"product_tag","embeddable":true,"href":"https:\/\/toit.uk\/fr\/wp-json\/wp\/v2\/product_tag?post=5888"}],"curies":[{"name":"wp","href":"https:\/\/api.w.org\/{rel}","templated":true}]}}