{"id":6362,"date":"2023-12-22T13:16:24","date_gmt":"2023-12-22T13:16:24","guid":{"rendered":"https:\/\/toit.uk\/product\/kit-de-alicates-para-anillos-partidos-ss-negro\/"},"modified":"2025-08-18T16:45:14","modified_gmt":"2025-08-18T15:45:14","slug":"kit-de-alicates-para-anillos-partidos-ss-negro","status":"publish","type":"product","link":"https:\/\/toit.uk\/es\/producto\/kit-de-alicates-para-anillos-partidos-ss-negro\/","title":{"rendered":"Kit de alicates para anillos partidos SS-Negro"},"content":{"rendered":"<p>Presentamos la gama de herramientas \u00abONLY\u00bb de Toit Fishing. Fabricado en el Reino Unido. Este exclusivo alicate de anillas divididas encierra la destreza de la ingenier\u00eda brit\u00e1nica. Desde el coraz\u00f3n palpitante de Sheffield comienza el viaje. Estos alicates est\u00e1n forjados en acero inoxidable 17-4, y de los valles de Devon salen los 9 insertos de acero inoxidable 60HRC, capaces de abrir anillos hendidos de tama\u00f1os comprendidos entre el 1 y el 12. Una vez forjadas, las empu\u00f1aduras se mecanizan en Cambridgeshire con tecnolog\u00eda CNC de 5 ejes y, a continuaci\u00f3n, se recubren con DLC. Alojado en un estuche r\u00edgido de EVA impermeable y suministrado con una llave Gedore de 6 mm. La tecnolog\u00eda patentada sustenta la mayor evoluci\u00f3n en dise\u00f1o de alicates innovadores de este siglo, con un concepto de mand\u00edbula desmontable y un detalle en el cono de la nariz que define una nueva era de excelencia brit\u00e1nica.<\/p>\n","protected":false},"excerpt":{"rendered":"<p>Alicates modulares de anillas partidas. Tama\u00f1os de abertura del anillo partido #1-#12, mangos de acero inoxidable forjado 17-4 con revestimiento DLC, 9 insertos de acero inoxidable de dureza 60 Rockwell, llave inglesa de cromo vanadio, estuche r\u00edgido con insertos de EVA<\/p>\n","protected":false},"featured_media":5759,"comment_status":"open","ping_status":"closed","template":"","meta":{"_acf_changed":false,"_kad_blocks_custom_css":"","_kad_blocks_head_custom_js":"","_kad_blocks_body_custom_js":"","_kad_blocks_footer_custom_js":"","_kad_post_transparent":"","_kad_post_title":"","_kad_post_layout":"","_kad_post_sidebar_id":"","_kad_post_content_style":"","_kad_post_vertical_padding":"","_kad_post_feature":"","_kad_post_feature_position":"","_kad_post_header":false,"_kad_post_footer":false,"_kad_post_classname":""},"product_brand":[],"product_cat":[60],"product_tag":[],"class_list":{"0":"post-6362","1":"product","2":"type-product","3":"status-publish","4":"has-post-thumbnail","6":"product_cat-only-es","8":"first","9":"instock","10":"taxable","11":"shipping-taxable","12":"purchasable","13":"product-type-simple","14":"entry","15":"content-bg","16":"loop-entry"},"acf":[],"taxonomy_info":{"product_cat":[{"value":60,"label":"Only"}]},"featured_image_src_large":["https:\/\/toit.uk\/wp-content\/uploads\/2023\/12\/Toit-110-6.jpg",800,800,false],"author_info":[],"comment_info":0,"_links":{"self":[{"href":"https:\/\/toit.uk\/es\/wp-json\/wp\/v2\/product\/6362","targetHints":{"allow":["GET"]}}],"collection":[{"href":"https:\/\/toit.uk\/es\/wp-json\/wp\/v2\/product"}],"about":[{"href":"https:\/\/toit.uk\/es\/wp-json\/wp\/v2\/types\/product"}],"replies":[{"embeddable":true,"href":"https:\/\/toit.uk\/es\/wp-json\/wp\/v2\/comments?post=6362"}],"wp:featuredmedia":[{"embeddable":true,"href":"https:\/\/toit.uk\/es\/wp-json\/wp\/v2\/media\/5759"}],"wp:attachment":[{"href":"https:\/\/toit.uk\/es\/wp-json\/wp\/v2\/media?parent=6362"}],"wp:term":[{"taxonomy":"product_brand","embeddable":true,"href":"https:\/\/toit.uk\/es\/wp-json\/wp\/v2\/product_brand?post=6362"},{"taxonomy":"product_cat","embeddable":true,"href":"https:\/\/toit.uk\/es\/wp-json\/wp\/v2\/product_cat?post=6362"},{"taxonomy":"product_tag","embeddable":true,"href":"https:\/\/toit.uk\/es\/wp-json\/wp\/v2\/product_tag?post=6362"}],"curies":[{"name":"wp","href":"https:\/\/api.w.org\/{rel}","templated":true}]}}