{"id":5999,"date":"2023-12-22T13:16:28","date_gmt":"2023-12-22T13:16:28","guid":{"rendered":"https:\/\/toit.uk\/product\/microengarzadoras-eco\/"},"modified":"2024-05-25T17:36:08","modified_gmt":"2024-05-25T16:36:08","slug":"microengarzadoras-eco","status":"publish","type":"product","link":"https:\/\/toit.uk\/es\/producto\/microengarzadoras-eco\/","title":{"rendered":"Microengarzadoras &#8211; Eco"},"content":{"rendered":"<p>Si alguna vez te encuentras buscando unas tenazas para prensar, unos alicates para prensar o una esp\u00e1tula nuevos, haz primero un par de preguntas. \u00bfQu\u00e9 es la torsi\u00f3n y la resistencia a la compresi\u00f3n? La fuerza de rotaci\u00f3n del par representa la capacidad de la fuerza para afectar a algo en un movimiento de rotaci\u00f3n. La resistencia a la compresi\u00f3n es b\u00e1sicamente la cantidad de carga que puede soportar un \u00e1rea espec\u00edfica de un material. Estas 2 \u00e1reas eran los problemas m\u00e1s esenciales a resolver con la estrategia de dise\u00f1o de nuestros alicates de engarce. La superficie reducida en el extremo empresarial, junto con la corta distancia hasta el fulcro de las tenazas (punto de giro donde giran las tenazas), nos ha permitido maximizar el par de torsi\u00f3n y deformar los engarces. Esto nos permite engarzar f\u00e1cilmente cables multifilares inoxidables de 150 lb y cables conductores mono o fluorados de 150 lb utilizando engarces de aluminio, cobre o lat\u00f3n. Tambi\u00e9n engarza el alambre de acero inoxidable de un solo filamento y el conductor de alambre de titanio. \u00a1Y cabe en el bolsillo! Dise\u00f1adas espec\u00edficamente para engarzar, son perfectas para viajes de pesca al extranjero y viajes en barco, ahorrando espacio y peso. Echa un vistazo a nuestra t\u00e9cnica de prensado \u00abToit\u00bb utilizada en todas las prensas de aluminio.<\/p>\n","protected":false},"excerpt":{"rendered":"<p>Superficie de prensado focalizada, Adecuada para prensar cables de acero inoxidable mono y multifilamento de 150 lb, cables de acero inoxidable de un solo filamento y conductores de titanio Mordaza de prensado macho de 2 mm, mordaza de prensado hembra de 1,5 mm, mordaza de prensado hembra de 1 mm, mordaza de prensado hembra de 0,7 mm. Adecuada para prensar aluminio ovalado y cobre y lat\u00f3n de barril simple y doble, Acero inoxidable 410 J1 forjado por estampaci\u00f3n, Cargada internamente por resorte para facilitar el manejo, Dise\u00f1o ergon\u00f3mico acabado a mano, Dise\u00f1ada para la comodidad de la mano\/agarre, Ligera, Dise\u00f1ada para adaptarse a la funda de cuero Toit y al soporte de alicates Toit (Se venden por separado), Producto respetuoso con el medio ambiente, sin mango de goma\/pl\u00e1stico\/silicona, Dise\u00f1o totalmente met\u00e1lico &#8211; Sin pl\u00e1stico que se caiga, se encoja o se da\u00f1e, Acabado superficial muy pulido<\/p>\n","protected":false},"featured_media":5459,"comment_status":"open","ping_status":"closed","template":"","meta":{"_acf_changed":false,"_kad_blocks_custom_css":"","_kad_blocks_head_custom_js":"","_kad_blocks_body_custom_js":"","_kad_blocks_footer_custom_js":"","_kad_post_transparent":"","_kad_post_title":"","_kad_post_layout":"","_kad_post_sidebar_id":"","_kad_post_content_style":"","_kad_post_vertical_padding":"","_kad_post_feature":"","_kad_post_feature_position":"","_kad_post_header":false,"_kad_post_footer":false,"_kad_post_classname":""},"product_brand":[],"product_cat":[62],"product_tag":[],"class_list":{"0":"post-5999","1":"product","2":"type-product","3":"status-publish","4":"has-post-thumbnail","6":"product_cat-eco-es","8":"first","9":"instock","10":"taxable","11":"shipping-taxable","12":"purchasable","13":"product-type-simple","14":"entry","15":"content-bg","16":"loop-entry"},"acf":[],"taxonomy_info":{"product_cat":[{"value":62,"label":"Eco"}]},"featured_image_src_large":["https:\/\/toit.uk\/wp-content\/uploads\/2024\/03\/Toit-209-7.jpg",800,800,false],"author_info":[],"comment_info":0,"_links":{"self":[{"href":"https:\/\/toit.uk\/es\/wp-json\/wp\/v2\/product\/5999","targetHints":{"allow":["GET"]}}],"collection":[{"href":"https:\/\/toit.uk\/es\/wp-json\/wp\/v2\/product"}],"about":[{"href":"https:\/\/toit.uk\/es\/wp-json\/wp\/v2\/types\/product"}],"replies":[{"embeddable":true,"href":"https:\/\/toit.uk\/es\/wp-json\/wp\/v2\/comments?post=5999"}],"wp:featuredmedia":[{"embeddable":true,"href":"https:\/\/toit.uk\/es\/wp-json\/wp\/v2\/media\/5459"}],"wp:attachment":[{"href":"https:\/\/toit.uk\/es\/wp-json\/wp\/v2\/media?parent=5999"}],"wp:term":[{"taxonomy":"product_brand","embeddable":true,"href":"https:\/\/toit.uk\/es\/wp-json\/wp\/v2\/product_brand?post=5999"},{"taxonomy":"product_cat","embeddable":true,"href":"https:\/\/toit.uk\/es\/wp-json\/wp\/v2\/product_cat?post=5999"},{"taxonomy":"product_tag","embeddable":true,"href":"https:\/\/toit.uk\/es\/wp-json\/wp\/v2\/product_tag?post=5999"}],"curies":[{"name":"wp","href":"https:\/\/api.w.org\/{rel}","templated":true}]}}