{"id":5994,"date":"2023-12-22T13:16:28","date_gmt":"2023-12-22T13:16:28","guid":{"rendered":"https:\/\/toit.uk\/product\/alicate-vaina-simple-eco\/"},"modified":"2024-11-01T21:47:45","modified_gmt":"2024-11-01T21:47:45","slug":"alicate-vaina-simple-eco","status":"publish","type":"product","link":"https:\/\/toit.uk\/es\/producto\/alicate-vaina-simple-eco\/","title":{"rendered":"Alicate Vaina Simple &#8211; Eco"},"content":{"rendered":"<p>Fabricado con el mejor cuero de b\u00fafalo indio, de curtido vegetal, doble costura, ojales de lat\u00f3n, pulido y abrillantado con los mejores aceites vegetales. La gama Toit ECO es perfecta para todos nuestros alicates Toit de 6&#8243;. Doble trabilla cosida que proporciona seguridad adicional para esa preciada carga. Nuestra gama ECO ofrece un precio asequible sin renunciar a la calidad. \u00bfQu\u00e9 m\u00e1s necesitas? Dependiendo de tus productos para el cuidado del cuero, podr\u00e1s poner tu propio sello a este producto a medida que envejece con el tiempo.<\/p>\n","protected":false},"excerpt":{"rendered":"<p>Cuero de b\u00fafalo de curtido vegetal, perfil exterior con doble costura, ojales de lat\u00f3n de 6 mm de di\u00e1metro interior, trabilla completa de cuero, dise\u00f1ado para adaptarse a todos nuestros alicates y correas de 6&#8243; (se venden por separado). Dise\u00f1o totalmente de cuero: s\u00f3lo el cuero aut\u00e9ntico mejora con el tiempo<\/p>\n","protected":false},"featured_media":5531,"comment_status":"open","ping_status":"closed","template":"","meta":{"_acf_changed":false,"_kad_blocks_custom_css":"","_kad_blocks_head_custom_js":"","_kad_blocks_body_custom_js":"","_kad_blocks_footer_custom_js":"","_kad_post_transparent":"","_kad_post_title":"","_kad_post_layout":"","_kad_post_sidebar_id":"","_kad_post_content_style":"","_kad_post_vertical_padding":"","_kad_post_feature":"","_kad_post_feature_position":"","_kad_post_header":false,"_kad_post_footer":false,"_kad_post_classname":""},"product_brand":[],"product_cat":[62],"product_tag":[],"class_list":{"0":"post-5994","1":"product","2":"type-product","3":"status-publish","4":"has-post-thumbnail","6":"product_cat-eco-es","8":"first","9":"instock","10":"taxable","11":"shipping-taxable","12":"purchasable","13":"product-type-simple","14":"entry","15":"content-bg","16":"loop-entry"},"acf":[],"taxonomy_info":{"product_cat":[{"value":62,"label":"Eco"}]},"featured_image_src_large":["https:\/\/toit.uk\/wp-content\/uploads\/2024\/03\/Toit-207-6.jpg",800,800,false],"author_info":[],"comment_info":1,"_links":{"self":[{"href":"https:\/\/toit.uk\/es\/wp-json\/wp\/v2\/product\/5994","targetHints":{"allow":["GET"]}}],"collection":[{"href":"https:\/\/toit.uk\/es\/wp-json\/wp\/v2\/product"}],"about":[{"href":"https:\/\/toit.uk\/es\/wp-json\/wp\/v2\/types\/product"}],"replies":[{"embeddable":true,"href":"https:\/\/toit.uk\/es\/wp-json\/wp\/v2\/comments?post=5994"}],"wp:featuredmedia":[{"embeddable":true,"href":"https:\/\/toit.uk\/es\/wp-json\/wp\/v2\/media\/5531"}],"wp:attachment":[{"href":"https:\/\/toit.uk\/es\/wp-json\/wp\/v2\/media?parent=5994"}],"wp:term":[{"taxonomy":"product_brand","embeddable":true,"href":"https:\/\/toit.uk\/es\/wp-json\/wp\/v2\/product_brand?post=5994"},{"taxonomy":"product_cat","embeddable":true,"href":"https:\/\/toit.uk\/es\/wp-json\/wp\/v2\/product_cat?post=5994"},{"taxonomy":"product_tag","embeddable":true,"href":"https:\/\/toit.uk\/es\/wp-json\/wp\/v2\/product_tag?post=5994"}],"curies":[{"name":"wp","href":"https:\/\/api.w.org\/{rel}","templated":true}]}}