{"id":5990,"date":"2023-12-22T13:16:28","date_gmt":"2023-12-22T13:16:28","guid":{"rendered":"https:\/\/toit.uk\/product\/alicates-de-punta-larga-eco\/"},"modified":"2024-05-25T17:36:08","modified_gmt":"2024-05-25T16:36:08","slug":"alicates-de-punta-larga-eco","status":"publish","type":"product","link":"https:\/\/toit.uk\/es\/producto\/alicates-de-punta-larga-eco\/","title":{"rendered":"Alicates de punta larga &#8211; Eco"},"content":{"rendered":"<p>Trabajar alrededor de las agallas de un pez requiere delicadeza y control. Al asegurarnos de que el extremo comercial est\u00e1 totalmente pulido, sin bordes afilados, podemos proporcionar una herramienta de desenganche que cuida las zonas delicadas alrededor de las branquias. Tambi\u00e9n hemos optado por poner toda la longitud en el mango en lugar de en las mordazas, lo que proporciona la m\u00e1xima rigidez y fuerza de agarre durante la extracci\u00f3n del gancho. El dise\u00f1o compacto en el extremo comercial tambi\u00e9n ofrece al pescador la posibilidad de empujar hacia abajo y hacia fuera para extraer el anzuelo gracias a la empu\u00f1adura de alto par y a la nariz corta. El dise\u00f1o \u00fanico del mango permite que la herramienta entre en espacios bastante estrechos, especialmente cuando se trabaja alrededor de las branquias de los peces dentro de la boca. La menor longitud de la mand\u00edbula y la distancia del fulcro tambi\u00e9n evitan la flexi\u00f3n y torsi\u00f3n de las puntas de la mand\u00edbula. La carga por resorte para un uso repetido puede dar ventaja a esta herramienta. La longitud total de 9&#8243; proporciona la herramienta perfecta para esos anzuelos dif\u00edciles de alcanzar.<\/p>\n","protected":false},"excerpt":{"rendered":"<p>9&#8243; Acero inoxidable 410 J1 Forjado por estampaci\u00f3n, longitud \u00f3ptima para evitar que se deforme, dientes dentados, accionamiento interno por resorte para facilitar el manejo, dise\u00f1o ergon\u00f3mico acabado a mano, dise\u00f1ado para la comodidad de la mano\/agarre, ligero, dise\u00f1ado para ajustarse al soporte del alicate Toit, producto respetuoso con el medio ambiente, sin mango de goma\/pl\u00e1stico\/silicona, dise\u00f1o totalmente met\u00e1lico &#8211; No hay pl\u00e1stico que se caiga, se encoja o se da\u00f1e, acabado superficial muy pulido<\/p>\n","protected":false},"featured_media":5513,"comment_status":"open","ping_status":"closed","template":"","meta":{"_acf_changed":false,"_kad_blocks_custom_css":"","_kad_blocks_head_custom_js":"","_kad_blocks_body_custom_js":"","_kad_blocks_footer_custom_js":"","_kad_post_transparent":"","_kad_post_title":"","_kad_post_layout":"","_kad_post_sidebar_id":"","_kad_post_content_style":"","_kad_post_vertical_padding":"","_kad_post_feature":"","_kad_post_feature_position":"","_kad_post_header":false,"_kad_post_footer":false,"_kad_post_classname":""},"product_brand":[],"product_cat":[62],"product_tag":[],"class_list":{"0":"post-5990","1":"product","2":"type-product","3":"status-publish","4":"has-post-thumbnail","6":"product_cat-eco-es","8":"first","9":"instock","10":"taxable","11":"shipping-taxable","12":"purchasable","13":"product-type-simple","14":"entry","15":"content-bg","16":"loop-entry"},"acf":[],"taxonomy_info":{"product_cat":[{"value":62,"label":"Eco"}]},"featured_image_src_large":["https:\/\/toit.uk\/wp-content\/uploads\/2024\/03\/Toit-232-1.jpg",800,800,false],"author_info":[],"comment_info":0,"_links":{"self":[{"href":"https:\/\/toit.uk\/es\/wp-json\/wp\/v2\/product\/5990","targetHints":{"allow":["GET"]}}],"collection":[{"href":"https:\/\/toit.uk\/es\/wp-json\/wp\/v2\/product"}],"about":[{"href":"https:\/\/toit.uk\/es\/wp-json\/wp\/v2\/types\/product"}],"replies":[{"embeddable":true,"href":"https:\/\/toit.uk\/es\/wp-json\/wp\/v2\/comments?post=5990"}],"wp:featuredmedia":[{"embeddable":true,"href":"https:\/\/toit.uk\/es\/wp-json\/wp\/v2\/media\/5513"}],"wp:attachment":[{"href":"https:\/\/toit.uk\/es\/wp-json\/wp\/v2\/media?parent=5990"}],"wp:term":[{"taxonomy":"product_brand","embeddable":true,"href":"https:\/\/toit.uk\/es\/wp-json\/wp\/v2\/product_brand?post=5990"},{"taxonomy":"product_cat","embeddable":true,"href":"https:\/\/toit.uk\/es\/wp-json\/wp\/v2\/product_cat?post=5990"},{"taxonomy":"product_tag","embeddable":true,"href":"https:\/\/toit.uk\/es\/wp-json\/wp\/v2\/product_tag?post=5990"}],"curies":[{"name":"wp","href":"https:\/\/api.w.org\/{rel}","templated":true}]}}