{"id":5986,"date":"2023-12-22T13:16:28","date_gmt":"2023-12-22T13:16:28","guid":{"rendered":"https:\/\/toit.uk\/product\/tijeras-toit\/"},"modified":"2024-05-25T17:36:03","modified_gmt":"2024-05-25T16:36:03","slug":"tijeras-toit","status":"publish","type":"product","link":"https:\/\/toit.uk\/es\/producto\/tijeras-toit\/","title":{"rendered":"Tijeras Toit"},"content":{"rendered":"","protected":false},"excerpt":{"rendered":"<p>Tijeras dentadas de acero inoxidable de 7&#8243; y 8&#8243; (pulgadas), acero inoxidable japon\u00e9s de grado 2, filo curvado para una precisi\u00f3n milim\u00e9trica, revestimiento de cromo negro para mejorar la resistencia a la corrosi\u00f3n, hoja de 4 mm de grosor para garantizar la m\u00e1xima robustez, hoja forjada para asegurar el enganche del filo en toda su longitud<\/p>\n","protected":false},"featured_media":12189,"comment_status":"open","ping_status":"closed","template":"","meta":{"_acf_changed":false,"_kad_blocks_custom_css":"","_kad_blocks_head_custom_js":"","_kad_blocks_body_custom_js":"","_kad_blocks_footer_custom_js":"","_kad_post_transparent":"","_kad_post_title":"","_kad_post_layout":"","_kad_post_sidebar_id":"","_kad_post_content_style":"","_kad_post_vertical_padding":"","_kad_post_feature":"","_kad_post_feature_position":"","_kad_post_header":false,"_kad_post_footer":false,"_kad_post_classname":""},"product_brand":[],"product_cat":[62],"product_tag":[],"class_list":{"0":"post-5986","1":"product","2":"type-product","3":"status-publish","4":"has-post-thumbnail","6":"product_cat-eco-es","8":"first","9":"instock","10":"taxable","11":"shipping-taxable","12":"purchasable","13":"product-type-variable","14":"entry","15":"content-bg","16":"loop-entry"},"acf":[],"taxonomy_info":{"product_cat":[{"value":62,"label":"Eco"}]},"featured_image_src_large":["https:\/\/toit.uk\/wp-content\/uploads\/2023\/12\/Toit-21222324-6-1.jpg",800,800,false],"author_info":[],"comment_info":0,"_links":{"self":[{"href":"https:\/\/toit.uk\/es\/wp-json\/wp\/v2\/product\/5986","targetHints":{"allow":["GET"]}}],"collection":[{"href":"https:\/\/toit.uk\/es\/wp-json\/wp\/v2\/product"}],"about":[{"href":"https:\/\/toit.uk\/es\/wp-json\/wp\/v2\/types\/product"}],"replies":[{"embeddable":true,"href":"https:\/\/toit.uk\/es\/wp-json\/wp\/v2\/comments?post=5986"}],"wp:featuredmedia":[{"embeddable":true,"href":"https:\/\/toit.uk\/es\/wp-json\/wp\/v2\/media\/12189"}],"wp:attachment":[{"href":"https:\/\/toit.uk\/es\/wp-json\/wp\/v2\/media?parent=5986"}],"wp:term":[{"taxonomy":"product_brand","embeddable":true,"href":"https:\/\/toit.uk\/es\/wp-json\/wp\/v2\/product_brand?post=5986"},{"taxonomy":"product_cat","embeddable":true,"href":"https:\/\/toit.uk\/es\/wp-json\/wp\/v2\/product_cat?post=5986"},{"taxonomy":"product_tag","embeddable":true,"href":"https:\/\/toit.uk\/es\/wp-json\/wp\/v2\/product_tag?post=5986"}],"curies":[{"name":"wp","href":"https:\/\/api.w.org\/{rel}","templated":true}]}}