{"id":5983,"date":"2023-12-29T09:11:11","date_gmt":"2023-12-29T09:11:11","guid":{"rendered":"https:\/\/toit.uk\/product\/toit-tether\/"},"modified":"2024-05-25T17:35:46","modified_gmt":"2024-05-25T16:35:46","slug":"toit-tether","status":"publish","type":"product","link":"https:\/\/toit.uk\/es\/producto\/toit-tether\/","title":{"rendered":"Toit Tether"},"content":{"rendered":"<p>Disponibles en azul claro (Mediana) y negro claro (Grande) \u00bfQu\u00e9 diferencia a nuestras correas de sujeci\u00f3n para alicates o herramientas del resto del paquete? Hemos optado por eslabones r\u00e1pidos de acero inoxidable M3,5 en lugar del mosquet\u00f3n normal, ya que tienen menos zonas en las que la arena, la arenilla y la suciedad puedan afectar a la funcionalidad de la conexi\u00f3n. La espiral de TPU transparente es de \u00d84 mm y hace todo lo posible por recuperar su forma original, a diferencia de algunas espirales de 1 mm a 2 mm de di\u00e1metro. La correa de sujeci\u00f3n tiene un cable de acero inoxidable recubierto de elast\u00f3mero de poliuretano termopl\u00e1stico azul transparente o negro transparente para formar una correa de sujeci\u00f3n en espiral de \u00d84 mm. Se adapta perfectamente a todos nuestros alicates Toit de 6&#8243;, a nuestra funda de cuero Toit y a nuestros portaalicates Toit.<\/p>\n","protected":false},"excerpt":{"rendered":"<p>Cable de sujeci\u00f3n azul transparente con revestimiento de TPU, 10&#8243; de longitud retra\u00edda, 36 pulgadas de longitud extendida, Cable de sujeci\u00f3n negro transparente con revestimiento de TPU, 14&#8243; de longitud retra\u00edda, 69 pulgadas de longitud extendida, eslabones r\u00e1pidos M3,5 de acero inoxidable, dise\u00f1ados para soportar las condiciones extremas de la pesca en agua salada, engarces de aluminio con tapones de vinilo, dise\u00f1ados para adaptarse a la funda de cuero Toit, al soporte de alicates Toit y a las herramientas de 6&#8243; (se venden por separado), cable en espiral con revestimiento de \u00d84 mm, que proporciona una espiral el\u00e1stica superior<\/p>\n","protected":false},"featured_media":5573,"comment_status":"open","ping_status":"closed","template":"","meta":{"_acf_changed":false,"_kad_blocks_custom_css":"","_kad_blocks_head_custom_js":"","_kad_blocks_body_custom_js":"","_kad_blocks_footer_custom_js":"","_kad_post_transparent":"","_kad_post_title":"","_kad_post_layout":"","_kad_post_sidebar_id":"","_kad_post_content_style":"","_kad_post_vertical_padding":"","_kad_post_feature":"","_kad_post_feature_position":"","_kad_post_header":false,"_kad_post_footer":false,"_kad_post_classname":""},"product_brand":[],"product_cat":[65],"product_tag":[],"class_list":{"0":"post-5983","1":"product","2":"type-product","3":"status-publish","4":"has-post-thumbnail","6":"product_cat-accesorios","8":"first","9":"instock","10":"taxable","11":"shipping-taxable","12":"purchasable","13":"product-type-variable","14":"entry","15":"content-bg","16":"loop-entry"},"acf":[],"taxonomy_info":{"product_cat":[{"value":65,"label":"Accesorios"}]},"featured_image_src_large":["https:\/\/toit.uk\/wp-content\/uploads\/2024\/03\/Toit-Tether-Medium-and-Large-Comparison-3.jpg",800,800,false],"author_info":[],"comment_info":0,"_links":{"self":[{"href":"https:\/\/toit.uk\/es\/wp-json\/wp\/v2\/product\/5983","targetHints":{"allow":["GET"]}}],"collection":[{"href":"https:\/\/toit.uk\/es\/wp-json\/wp\/v2\/product"}],"about":[{"href":"https:\/\/toit.uk\/es\/wp-json\/wp\/v2\/types\/product"}],"replies":[{"embeddable":true,"href":"https:\/\/toit.uk\/es\/wp-json\/wp\/v2\/comments?post=5983"}],"wp:featuredmedia":[{"embeddable":true,"href":"https:\/\/toit.uk\/es\/wp-json\/wp\/v2\/media\/5573"}],"wp:attachment":[{"href":"https:\/\/toit.uk\/es\/wp-json\/wp\/v2\/media?parent=5983"}],"wp:term":[{"taxonomy":"product_brand","embeddable":true,"href":"https:\/\/toit.uk\/es\/wp-json\/wp\/v2\/product_brand?post=5983"},{"taxonomy":"product_cat","embeddable":true,"href":"https:\/\/toit.uk\/es\/wp-json\/wp\/v2\/product_cat?post=5983"},{"taxonomy":"product_tag","embeddable":true,"href":"https:\/\/toit.uk\/es\/wp-json\/wp\/v2\/product_tag?post=5983"}],"curies":[{"name":"wp","href":"https:\/\/api.w.org\/{rel}","templated":true}]}}