{"id":5967,"date":"2023-12-29T06:52:04","date_gmt":"2023-12-29T06:52:04","guid":{"rendered":"https:\/\/toit.uk\/product\/alicates-de-anillas-eco\/"},"modified":"2024-05-25T17:35:56","modified_gmt":"2024-05-25T16:35:56","slug":"alicates-de-anillas-eco","status":"publish","type":"product","link":"https:\/\/toit.uk\/es\/producto\/alicates-de-anillas-eco\/","title":{"rendered":"Alicates de anillas &#8211; Eco"},"content":{"rendered":"<p>Frustrado por a\u00f1os y a\u00f1os de clavarte las u\u00f1as o forzar los anzuelos entre las anillas hendidas porque la abertura de la anilla nunca es lo bastante grande, o porque la anilla hendida se mueve mientras intentas montar el se\u00f1uelo. Molesto por da\u00f1ar y rayar tus Anillas Partidas o los revestimientos superficiales de tus Anillas Partidas, con el filo cortante de un tri\u00e1ngulo bidimensional o las sierras de unos Alicates de Punta Larga. Perm\u00edteme presentarte nuestros alicates de anillas hendidas de dise\u00f1o propio y patentado. Empezando con un detalle de cono de nariz tridimensional. Esto permite un trabajo r\u00edgido sujetando, en nuestro caso, un Anillo partido, el Anillo partido no se mueve de un lado a otro. Funcionalidad opcional de 2 fases, incluido el microajuste para un movimiento controlado y un dimensionamiento controlado de tu abertura. \u00bfNecesitas esa abertura extra? Pues s\u00f3lo tienes que darle un giro a los alicates de anilla hendida y a la anilla hendida en el ajuste opcional de la 2\u00aa etapa. El Alicate de Anillas Partidas Toit est\u00e1 disponible en 3 tama\u00f1os: peque\u00f1o, mediano y grande. Fabricado a partir de una forja de acero inoxidable 410 J1. La vida es sencilla si puedes abrir un Anillo partido con facilidad. Tabla de tallas de anillas hendidas a continuaci\u00f3n, averigua qu\u00e9 talla de herramienta necesitas en tu anilla hendida.<\/p>\n","protected":false},"excerpt":{"rendered":"<p>Revolucionaria Tecnolog\u00eda Patentada (GB2113512.4),3 Tama\u00f1os a elegir, Peque\u00f1o, Mediano y Grande,Funcionalidad opcional de 2 etapas, 2 estrategias para conseguir la m\u00e1xima abertura, Sujeci\u00f3n r\u00edgida del trabajo en la Etapa 1 y en la Etapa 2, el anillo partido se sujeta con firmeza, Microajuste, conoce los l\u00edmites de cu\u00e1nto puedes abrir el anillo partido que elijas, Movimiento controlado estabilidad total del anillo partido durante el uso, Acero inoxidable 410 J1 forjado por estampaci\u00f3n, Cargado internamente por resorte para facilitar el manejo, Dise\u00f1o ergon\u00f3mico acabado a mano, Dise\u00f1ado para la comodidad de la mano\/agarre, Ligero, Dise\u00f1ado para adaptarse a la funda de cuero Toit (Se vende por separado), Producto respetuoso con el medio ambiente, sin mango de goma\/pl\u00e1stico\/silicona, Dise\u00f1o totalmente met\u00e1lico &#8211; No hay pl\u00e1stico que se caiga, se encoja o se da\u00f1e, Acabado superficial muy pulido<\/p>\n","protected":false},"featured_media":6940,"comment_status":"open","ping_status":"closed","template":"","meta":{"_acf_changed":false,"_kad_blocks_custom_css":"","_kad_blocks_head_custom_js":"","_kad_blocks_body_custom_js":"","_kad_blocks_footer_custom_js":"","_kad_post_transparent":"","_kad_post_title":"","_kad_post_layout":"","_kad_post_sidebar_id":"","_kad_post_content_style":"","_kad_post_vertical_padding":"","_kad_post_feature":"","_kad_post_feature_position":"","_kad_post_header":false,"_kad_post_footer":false,"_kad_post_classname":""},"product_brand":[],"product_cat":[62],"product_tag":[],"class_list":{"0":"post-5967","1":"product","2":"type-product","3":"status-publish","4":"has-post-thumbnail","6":"product_cat-eco-es","8":"first","9":"instock","10":"taxable","11":"shipping-taxable","12":"purchasable","13":"product-type-variable","14":"entry","15":"content-bg","16":"loop-entry"},"acf":[],"taxonomy_info":{"product_cat":[{"value":62,"label":"Eco"}]},"featured_image_src_large":["https:\/\/toit.uk\/wp-content\/uploads\/2023\/12\/Split-Ring-Pliers-ECO-1-1-800x800-1.jpg",800,800,false],"author_info":[],"comment_info":0,"_links":{"self":[{"href":"https:\/\/toit.uk\/es\/wp-json\/wp\/v2\/product\/5967","targetHints":{"allow":["GET"]}}],"collection":[{"href":"https:\/\/toit.uk\/es\/wp-json\/wp\/v2\/product"}],"about":[{"href":"https:\/\/toit.uk\/es\/wp-json\/wp\/v2\/types\/product"}],"replies":[{"embeddable":true,"href":"https:\/\/toit.uk\/es\/wp-json\/wp\/v2\/comments?post=5967"}],"wp:featuredmedia":[{"embeddable":true,"href":"https:\/\/toit.uk\/es\/wp-json\/wp\/v2\/media\/6940"}],"wp:attachment":[{"href":"https:\/\/toit.uk\/es\/wp-json\/wp\/v2\/media?parent=5967"}],"wp:term":[{"taxonomy":"product_brand","embeddable":true,"href":"https:\/\/toit.uk\/es\/wp-json\/wp\/v2\/product_brand?post=5967"},{"taxonomy":"product_cat","embeddable":true,"href":"https:\/\/toit.uk\/es\/wp-json\/wp\/v2\/product_cat?post=5967"},{"taxonomy":"product_tag","embeddable":true,"href":"https:\/\/toit.uk\/es\/wp-json\/wp\/v2\/product_tag?post=5967"}],"curies":[{"name":"wp","href":"https:\/\/api.w.org\/{rel}","templated":true}]}}