{"id":5959,"date":"2023-12-29T09:11:11","date_gmt":"2023-12-29T09:11:11","guid":{"rendered":"https:\/\/toit.uk\/product\/alicates-para-anillos-partidos-al-kit\/"},"modified":"2024-05-25T17:35:51","modified_gmt":"2024-05-25T16:35:51","slug":"alicates-para-anillos-partidos-al-kit","status":"publish","type":"product","link":"https:\/\/toit.uk\/es\/producto\/alicates-para-anillos-partidos-al-kit\/","title":{"rendered":"Alicates para anillos partidos AL-Kit"},"content":{"rendered":"<p>Presentamos la gama de herramientas \u00abONLY\u00bb de Toit Fishing. Fabricado en el Reino Unido. Este exclusivo alicate de anillas divididas encierra las proezas del ingenio y la ingenier\u00eda brit\u00e1nicos. El mango est\u00e1 mecanizado con precisi\u00f3n y tolerancias exactas, con tecnolog\u00eda CNC de 5 ejes y mecanizado en aluminio 6082-T6. El kit incluye 9 insertos de acero inoxidable de 60 HRC, capaces de abrir anillos hendidos de tama\u00f1os comprendidos entre el 1 y el 12. Con un revestimiento exclusivo de Tecnolog\u00eda Cer\u00e1mica-Pol\u00edmero -Cerakote color Prusia-, el revestimiento mejora la resistencia a la corrosi\u00f3n, la durabilidad y la dureza, es estable a los rayos UV y tiene resistencia qu\u00edmica y estabilidad t\u00e9rmica. Alojada en un Estuche exterior moldeado termoformado de poli\u00e9ster azul con una inserci\u00f3n de EVA tanto en la tapa como en la base. Se suministra con una llave Gedore-Red de cromo vanadio de 6 mm. La tecnolog\u00eda pendiente de patente sustenta la mayor evoluci\u00f3n en dise\u00f1o de alicates innovadores de este siglo, con un concepto de mand\u00edbula desmontable y un detalle en el cono de la nariz que define una nueva era de excelencia brit\u00e1nica. Ganador del premio al \u00abMejor Accesorio de Pesca Deportiva\u00bb en los premios AFTA 2023 de Australia.<\/p>\n","protected":false},"excerpt":{"rendered":"<p>Kit de alicates modulares para anillos partidos. Capaz de abrir anillas hendidas de tama\u00f1o 1 a 12. Tecnolog\u00eda CNC de 5 ejes, mecanizado en aluminio billet 6082 T6. Revestimiento con Tecnolog\u00eda Cer\u00e1mica-Pol\u00edmero, Color Prusia Cerakote. Se suministra con 9 plaquitas de acero inoxidable 440C tratadas t\u00e9rmicamente. Incluye una llave Gedore de cromo vanadio de 6 mm. Incluye una Funda exterior moldeada termoformada de poli\u00e9ster azul con una inserci\u00f3n de EVA tanto en la tapa como en la base.<\/p>\n","protected":false},"featured_media":5801,"comment_status":"open","ping_status":"closed","template":"","meta":{"_acf_changed":false,"_kad_blocks_custom_css":"","_kad_blocks_head_custom_js":"","_kad_blocks_body_custom_js":"","_kad_blocks_footer_custom_js":"","_kad_post_transparent":"","_kad_post_title":"","_kad_post_layout":"","_kad_post_sidebar_id":"","_kad_post_content_style":"","_kad_post_vertical_padding":"","_kad_post_feature":"","_kad_post_feature_position":"","_kad_post_header":false,"_kad_post_footer":false,"_kad_post_classname":""},"product_brand":[],"product_cat":[60],"product_tag":[],"class_list":{"0":"post-5959","1":"product","2":"type-product","3":"status-publish","4":"has-post-thumbnail","6":"product_cat-only-es","8":"first","9":"instock","10":"taxable","11":"shipping-taxable","12":"purchasable","13":"product-type-variable","14":"entry","15":"content-bg","16":"loop-entry"},"acf":[],"taxonomy_info":{"product_cat":[{"value":60,"label":"Only"}]},"featured_image_src_large":["https:\/\/toit.uk\/wp-content\/uploads\/2023\/12\/Modular-Split-Ring-Piers-4-800X800.jpg",800,800,false],"author_info":[],"comment_info":0,"_links":{"self":[{"href":"https:\/\/toit.uk\/es\/wp-json\/wp\/v2\/product\/5959","targetHints":{"allow":["GET"]}}],"collection":[{"href":"https:\/\/toit.uk\/es\/wp-json\/wp\/v2\/product"}],"about":[{"href":"https:\/\/toit.uk\/es\/wp-json\/wp\/v2\/types\/product"}],"replies":[{"embeddable":true,"href":"https:\/\/toit.uk\/es\/wp-json\/wp\/v2\/comments?post=5959"}],"wp:featuredmedia":[{"embeddable":true,"href":"https:\/\/toit.uk\/es\/wp-json\/wp\/v2\/media\/5801"}],"wp:attachment":[{"href":"https:\/\/toit.uk\/es\/wp-json\/wp\/v2\/media?parent=5959"}],"wp:term":[{"taxonomy":"product_brand","embeddable":true,"href":"https:\/\/toit.uk\/es\/wp-json\/wp\/v2\/product_brand?post=5959"},{"taxonomy":"product_cat","embeddable":true,"href":"https:\/\/toit.uk\/es\/wp-json\/wp\/v2\/product_cat?post=5959"},{"taxonomy":"product_tag","embeddable":true,"href":"https:\/\/toit.uk\/es\/wp-json\/wp\/v2\/product_tag?post=5959"}],"curies":[{"name":"wp","href":"https:\/\/api.w.org\/{rel}","templated":true}]}}