{"id":5920,"date":"2023-12-22T13:16:27","date_gmt":"2023-12-22T13:16:27","guid":{"rendered":"https:\/\/toit.uk\/product\/herramienta-de-torsion-haywire-eco\/"},"modified":"2024-05-25T17:36:14","modified_gmt":"2024-05-25T16:36:14","slug":"herramienta-de-torsion-haywire-eco","status":"publish","type":"product","link":"https:\/\/toit.uk\/es\/producto\/herramienta-de-torsion-haywire-eco\/","title":{"rendered":"Herramienta de torsi\u00f3n Haywire &#8211; Eco"},"content":{"rendered":"<p>Posiblemente una de las conexiones m\u00e1s infravaloradas que cualquier pescador tiene en su arsenal, un Giro Haywire. Si te sientes inseguro o te falta confianza para hacer un Torsi\u00f3n de Heno, esta herramienta sin duda pondr\u00e1 fin a esa situaci\u00f3n. Est\u00e1 dise\u00f1ado para crear torsiones Haywire de 3 tama\u00f1os diferentes. Nuestra herramienta forjada de acero inoxidable incorpora una mordaza con forma, que ayuda a crear un bucle inicial perfecto para tu conexi\u00f3n Haywire Twist. La vida es sencilla si puedes sujetar tu Haywire Twist con facilidad. Con esta herramienta puedes fabricar un aparejo para tiburones, lucios o cualquier otro animal con dientes. Nuestra Herramienta de Torsi\u00f3n Haywire tambi\u00e9n se puede utilizar para hacer un Aparejo Tokio o un Aparejo Colgante Dingle, por nombrar s\u00f3lo algunos. Detener el movimiento del extremo del bucle mientras intentas crear envolturas n\u00edtidas y uniformes en dos planos es la clave del \u00e9xito de esta herramienta.<\/p>\n","protected":false},"excerpt":{"rendered":"<p>Forja de acero inoxidable 410 J1, Se utiliza para hacer una torsi\u00f3n Haywire, Se utiliza para formar alambre de un solo filamento, Elecci\u00f3n de 3 di\u00e1metros, Cargado internamente por resorte para facilitar el manejo, Dise\u00f1o ergon\u00f3mico acabado a mano, Dise\u00f1ado para la comodidad de la mano\/agarre, Ligero, Dise\u00f1ado para adaptarse a la funda de cuero Toit (Se vende por separado), Producto respetuoso con el medio ambiente, sin mango de goma\/pl\u00e1stico\/silicona, Dise\u00f1o totalmente met\u00e1lico &#8211; No hay pl\u00e1stico que se caiga, se encoja o se da\u00f1e, Acabado superficial muy pulido<\/p>\n","protected":false},"featured_media":6673,"comment_status":"open","ping_status":"closed","template":"","meta":{"_acf_changed":false,"_kad_blocks_custom_css":"","_kad_blocks_head_custom_js":"","_kad_blocks_body_custom_js":"","_kad_blocks_footer_custom_js":"","_kad_post_transparent":"","_kad_post_title":"","_kad_post_layout":"","_kad_post_sidebar_id":"","_kad_post_content_style":"","_kad_post_vertical_padding":"","_kad_post_feature":"","_kad_post_feature_position":"","_kad_post_header":false,"_kad_post_footer":false,"_kad_post_classname":""},"product_brand":[],"product_cat":[62],"product_tag":[],"class_list":{"0":"post-5920","1":"product","2":"type-product","3":"status-publish","4":"has-post-thumbnail","6":"product_cat-eco-es","8":"first","9":"instock","10":"taxable","11":"shipping-taxable","12":"purchasable","13":"product-type-simple","14":"entry","15":"content-bg","16":"loop-entry"},"acf":[],"taxonomy_info":{"product_cat":[{"value":62,"label":"Eco"}]},"featured_image_src_large":["https:\/\/toit.uk\/wp-content\/uploads\/2023\/12\/Toit-204-16.jpg",800,800,false],"author_info":[],"comment_info":0,"_links":{"self":[{"href":"https:\/\/toit.uk\/es\/wp-json\/wp\/v2\/product\/5920","targetHints":{"allow":["GET"]}}],"collection":[{"href":"https:\/\/toit.uk\/es\/wp-json\/wp\/v2\/product"}],"about":[{"href":"https:\/\/toit.uk\/es\/wp-json\/wp\/v2\/types\/product"}],"replies":[{"embeddable":true,"href":"https:\/\/toit.uk\/es\/wp-json\/wp\/v2\/comments?post=5920"}],"wp:featuredmedia":[{"embeddable":true,"href":"https:\/\/toit.uk\/es\/wp-json\/wp\/v2\/media\/6673"}],"wp:attachment":[{"href":"https:\/\/toit.uk\/es\/wp-json\/wp\/v2\/media?parent=5920"}],"wp:term":[{"taxonomy":"product_brand","embeddable":true,"href":"https:\/\/toit.uk\/es\/wp-json\/wp\/v2\/product_brand?post=5920"},{"taxonomy":"product_cat","embeddable":true,"href":"https:\/\/toit.uk\/es\/wp-json\/wp\/v2\/product_cat?post=5920"},{"taxonomy":"product_tag","embeddable":true,"href":"https:\/\/toit.uk\/es\/wp-json\/wp\/v2\/product_tag?post=5920"}],"curies":[{"name":"wp","href":"https:\/\/api.w.org\/{rel}","templated":true}]}}