{"id":5918,"date":"2023-12-22T13:16:27","date_gmt":"2023-12-22T13:16:27","guid":{"rendered":"https:\/\/toit.uk\/product\/alicates-de-punta-redonda-eco\/"},"modified":"2024-05-25T17:36:21","modified_gmt":"2024-05-25T16:36:21","slug":"alicates-de-punta-redonda-eco","status":"publish","type":"product","link":"https:\/\/toit.uk\/es\/producto\/alicates-de-punta-redonda-eco\/","title":{"rendered":"Alicates de punta redonda &#8211; Eco"},"content":{"rendered":"<p>\u00bfBuscas una herramienta para doblar y dar forma a tu hilo de pescar de una sola hebra en cualquier forma imaginable? \u00a1Pues no busques m\u00e1s! Nuestros alicates de punta redonda est\u00e1n dise\u00f1ados para que los bordes interiores de las mordazas se toquen cuando la herramienta est\u00e1 en posici\u00f3n cerrada. Esto permitir\u00e1 sujetar con seguridad varios tama\u00f1os de alambre mientras se moldea en su posici\u00f3n. Nuestros alicates de punta redonda est\u00e1n fabricados con acero inoxidable forjado por estampaci\u00f3n. Puede utilizarse junto con la Herramienta de Torsi\u00f3n Haywire. Es la herramienta perfecta para todas tus aplicaciones de atado de nudos. \u00bfAlguna vez te ha costado hacer un nudo terminal en un eslab\u00f3n giratorio o en un anzuelo, o has tenido dificultades para sujetarlo? Estos alicates de punta redonda son la soluci\u00f3n ideal y te permitir\u00e1n ejercer una gran presi\u00f3n sobre el nudo al cerrarlo. Los agujeros de las asas tambi\u00e9n son una buena forma de sujetar un anzuelo simple o triple mientras haces el nudo.<\/p>\n","protected":false},"excerpt":{"rendered":"<p>Acero inoxidable 410 J1 Forjado por estampaci\u00f3n, La cara interna de las mordazas es paralela, Se utiliza para formar alambre de un solo filamento, Se puede utilizar para formar una torsi\u00f3n Haywire, Cargado internamente por resorte para facilitar el funcionamiento, Dise\u00f1o ergon\u00f3mico acabado a mano, Dise\u00f1ado para la comodidad de la mano\/agarre, Ligero, Dise\u00f1ado para adaptarse a la funda de cuero Toit (Se vende por separado), Producto respetuoso con el medio ambiente, sin mango de goma\/pl\u00e1stico\/silicona, Dise\u00f1o totalmente met\u00e1lico &#8211; No hay pl\u00e1stico que se caiga, se encoja o se da\u00f1e, Acabado superficial muy pulido<\/p>\n","protected":false},"featured_media":5417,"comment_status":"open","ping_status":"closed","template":"","meta":{"_acf_changed":false,"_kad_blocks_custom_css":"","_kad_blocks_head_custom_js":"","_kad_blocks_body_custom_js":"","_kad_blocks_footer_custom_js":"","_kad_post_transparent":"","_kad_post_title":"","_kad_post_layout":"","_kad_post_sidebar_id":"","_kad_post_content_style":"","_kad_post_vertical_padding":"","_kad_post_feature":"","_kad_post_feature_position":"","_kad_post_header":false,"_kad_post_footer":false,"_kad_post_classname":""},"product_brand":[],"product_cat":[62],"product_tag":[],"class_list":{"0":"post-5918","1":"product","2":"type-product","3":"status-publish","4":"has-post-thumbnail","6":"product_cat-eco-es","8":"first","9":"instock","10":"taxable","11":"shipping-taxable","12":"purchasable","13":"product-type-simple","14":"entry","15":"content-bg","16":"loop-entry"},"acf":[],"taxonomy_info":{"product_cat":[{"value":62,"label":"Eco"}]},"featured_image_src_large":["https:\/\/toit.uk\/wp-content\/uploads\/2024\/03\/Toit-203-4.jpg",800,800,false],"author_info":[],"comment_info":0,"_links":{"self":[{"href":"https:\/\/toit.uk\/es\/wp-json\/wp\/v2\/product\/5918","targetHints":{"allow":["GET"]}}],"collection":[{"href":"https:\/\/toit.uk\/es\/wp-json\/wp\/v2\/product"}],"about":[{"href":"https:\/\/toit.uk\/es\/wp-json\/wp\/v2\/types\/product"}],"replies":[{"embeddable":true,"href":"https:\/\/toit.uk\/es\/wp-json\/wp\/v2\/comments?post=5918"}],"wp:featuredmedia":[{"embeddable":true,"href":"https:\/\/toit.uk\/es\/wp-json\/wp\/v2\/media\/5417"}],"wp:attachment":[{"href":"https:\/\/toit.uk\/es\/wp-json\/wp\/v2\/media?parent=5918"}],"wp:term":[{"taxonomy":"product_brand","embeddable":true,"href":"https:\/\/toit.uk\/es\/wp-json\/wp\/v2\/product_brand?post=5918"},{"taxonomy":"product_cat","embeddable":true,"href":"https:\/\/toit.uk\/es\/wp-json\/wp\/v2\/product_cat?post=5918"},{"taxonomy":"product_tag","embeddable":true,"href":"https:\/\/toit.uk\/es\/wp-json\/wp\/v2\/product_tag?post=5918"}],"curies":[{"name":"wp","href":"https:\/\/api.w.org\/{rel}","templated":true}]}}