{"id":5914,"date":"2023-12-22T13:16:27","date_gmt":"2023-12-22T13:16:27","guid":{"rendered":"https:\/\/toit.uk\/product\/eutanasia-a-spike\/"},"modified":"2024-05-25T17:36:36","modified_gmt":"2024-05-25T16:36:36","slug":"eutanasia-a-spike","status":"publish","type":"product","link":"https:\/\/toit.uk\/es\/producto\/eutanasia-a-spike\/","title":{"rendered":"Eutanasia a Spike"},"content":{"rendered":"<p>Este producto rezuma una calidad y resistencia excepcionales. Con un dise\u00f1o de acero inoxidable quir\u00fargico 316 de una sola pieza. Este producto forma parte de nuestra gama Toit Modular. El \u00e1ngulo poco pronunciado de la punta disminuye las magulladuras y garantiza una penetraci\u00f3n r\u00e1pida y sin esfuerzo en la carne del pez al extraerlo. Aseg\u00farate siempre de que el producto se guarda de forma segura cuando no se utiliza. El dise\u00f1o bidireccional del extremo de la pinza permite guardar el extremo de la pinza dentro del mango recto. El acero inoxidable 316 proporcionar\u00e1 una resistencia \u00f3ptima a la corrosi\u00f3n.<\/p>\n","protected":false},"excerpt":{"rendered":"<p>Eutanasia a Spike. Fabricado en acero inoxidable 316. Innovador sistema de pinzas, que forma parte del sistema modular de herramientas Toit. Pinza bidireccional, permite guardarla de forma segura en el mango recto cuando no se utiliza. Utiliza el producto junto con el accesorio modular de mango recto o en T. Utiliza el pincho Euntanizador para despachar humanitariamente a cualquier pez una vez capturado. No es adecuado en absoluto para uso infantil.<\/p>\n","protected":false},"featured_media":5336,"comment_status":"open","ping_status":"closed","template":"","meta":{"_acf_changed":false,"_kad_blocks_custom_css":"","_kad_blocks_head_custom_js":"","_kad_blocks_body_custom_js":"","_kad_blocks_footer_custom_js":"","_kad_post_transparent":"","_kad_post_title":"","_kad_post_layout":"","_kad_post_sidebar_id":"","_kad_post_content_style":"","_kad_post_vertical_padding":"","_kad_post_feature":"","_kad_post_feature_position":"","_kad_post_header":false,"_kad_post_footer":false,"_kad_post_classname":""},"product_brand":[],"product_cat":[65],"product_tag":[],"class_list":{"0":"post-5914","1":"product","2":"type-product","3":"status-publish","4":"has-post-thumbnail","6":"product_cat-accesorios","8":"first","9":"instock","10":"taxable","11":"shipping-taxable","12":"purchasable","13":"product-type-simple","14":"entry","15":"content-bg","16":"loop-entry"},"acf":[],"taxonomy_info":{"product_cat":[{"value":65,"label":"Accesorios"}]},"featured_image_src_large":["https:\/\/toit.uk\/wp-content\/uploads\/2024\/03\/Toit-121-5.jpg",800,800,false],"author_info":[],"comment_info":0,"_links":{"self":[{"href":"https:\/\/toit.uk\/es\/wp-json\/wp\/v2\/product\/5914","targetHints":{"allow":["GET"]}}],"collection":[{"href":"https:\/\/toit.uk\/es\/wp-json\/wp\/v2\/product"}],"about":[{"href":"https:\/\/toit.uk\/es\/wp-json\/wp\/v2\/types\/product"}],"replies":[{"embeddable":true,"href":"https:\/\/toit.uk\/es\/wp-json\/wp\/v2\/comments?post=5914"}],"wp:featuredmedia":[{"embeddable":true,"href":"https:\/\/toit.uk\/es\/wp-json\/wp\/v2\/media\/5336"}],"wp:attachment":[{"href":"https:\/\/toit.uk\/es\/wp-json\/wp\/v2\/media?parent=5914"}],"wp:term":[{"taxonomy":"product_brand","embeddable":true,"href":"https:\/\/toit.uk\/es\/wp-json\/wp\/v2\/product_brand?post=5914"},{"taxonomy":"product_cat","embeddable":true,"href":"https:\/\/toit.uk\/es\/wp-json\/wp\/v2\/product_cat?post=5914"},{"taxonomy":"product_tag","embeddable":true,"href":"https:\/\/toit.uk\/es\/wp-json\/wp\/v2\/product_tag?post=5914"}],"curies":[{"name":"wp","href":"https:\/\/api.w.org\/{rel}","templated":true}]}}