{"id":5912,"date":"2023-12-22T13:16:27","date_gmt":"2023-12-22T13:16:27","guid":{"rendered":"https:\/\/toit.uk\/product\/herramienta-de-marcado-y-venteo-de-peces\/"},"modified":"2024-05-25T17:36:50","modified_gmt":"2024-05-25T16:36:50","slug":"herramienta-de-marcado-y-venteo-de-peces","status":"publish","type":"product","link":"https:\/\/toit.uk\/es\/producto\/herramienta-de-marcado-y-venteo-de-peces\/","title":{"rendered":"Herramienta de marcado y venteo de peces"},"content":{"rendered":"<p>Presentaci\u00f3n de la herramienta de marcado de peces de la CCA. Fabricado en el Reino Unido. Este exquisito producto muestra una asociaci\u00f3n de dise\u00f1o americano y brit\u00e1nico. Fabricado a partir de acero inoxidable 316 mecanizado con tecnolog\u00eda CNC de 8 ejes, el sistema modular comienza su andadura. Mediante un sistema de pinza, la herramienta funciona en el extremo comercial al marcar y capturar datos de los peces, pero tambi\u00e9n permite al pescador girar r\u00e1pidamente el extremo de la aguja para guardar el producto de forma segura cuando no se utiliza. El Tubo de acero inoxidable 304 est\u00e1 dise\u00f1ado espec\u00edficamente para utilizarlo con marcas de peces peque\u00f1os. El tubo est\u00e1 abierto por ambos lados. Esto permitir\u00e1 utilizar el producto como aguja de inserci\u00f3n Ikejime, y tambi\u00e9n como herramienta de ventilaci\u00f3n. Tambi\u00e9n permite ampliar la l\u00ednea de productos en el futuro. Tiene un detalle de enganche de cord\u00f3n para guardarlo f\u00e1cilmente y sujetarlo al cintur\u00f3n. El mango en forma de l\u00e1grima rezuma comodidad, pero tambi\u00e9n permite una presi\u00f3n segura en la palma de la mano del usuario para garantizar un marcado r\u00e1pido. Con el detalle de agarre a\u00f1adido en los dedos \u00edndice, la aguja puede extraerse con gran eficacia. Con un exclusivo recubrimiento de Tecnolog\u00eda Cer\u00e1mica-Pol\u00edmero -Cerakote de color rojo y blanco-, el recubrimiento mejora la resistencia a la corrosi\u00f3n, la durabilidad y la dureza, es estable a los rayos UV y tiene resistencia qu\u00edmica y estabilidad t\u00e9rmica. La captura de datos pesqueros sustenta el futuro de nuestra pesca. Permite a personas y organizaciones tomar una decisi\u00f3n informada sobre pesquer\u00edas individuales para proteger el mayor deporte del planeta: \u00a1la pesca! Esta herramienta ayuda a los pescadores de todo el mundo a proporcionar datos que ponen la conservaci\u00f3n de las costas en primer plano.<\/p>\n","protected":false},"excerpt":{"rendered":"<p>Herramienta de marcado y venteo de peces CCA. Fabricado en acero inoxidable 316 con tecnolog\u00eda CNC de 8 ejes. La etiqueta y la aguja de venteo se fabrican en acero inoxidable 316 y 304. Utiliza un innovador sistema de pinza para marcar y capturar los datos de los peces, pero tambi\u00e9n permite al pescador girar r\u00e1pidamente el extremo de la aguja para guardar el producto de forma segura cuando no se utiliza. Enganche de cord\u00f3n para guardarlo. La inserci\u00f3n de la etiqueta se ve facilitada por el mango en forma de l\u00e1grima y el detalle de agarre a\u00f1adido en los dedos \u00edndices. Con un exclusivo revestimiento de Tecnolog\u00eda Cer\u00e1mica-Pol\u00edmero, Cerakote. Utiliza la herramienta Marcar y Ventear para marcar especies de peces y ventear peces grandes antes de devolverlos al agua. Una parte de lo recaudado por cada herramienta vendida se destina al programa de investigaci\u00f3n de marcado de peces de la CCA. No es adecuado en absoluto para uso infantil.<\/p>\n","protected":false},"featured_media":5303,"comment_status":"open","ping_status":"closed","template":"","meta":{"_acf_changed":false,"_kad_blocks_custom_css":"","_kad_blocks_head_custom_js":"","_kad_blocks_body_custom_js":"","_kad_blocks_footer_custom_js":"","_kad_post_transparent":"","_kad_post_title":"","_kad_post_layout":"","_kad_post_sidebar_id":"","_kad_post_content_style":"","_kad_post_vertical_padding":"","_kad_post_feature":"","_kad_post_feature_position":"","_kad_post_header":false,"_kad_post_footer":false,"_kad_post_classname":""},"product_brand":[],"product_cat":[65],"product_tag":[],"class_list":{"0":"post-5912","1":"product","2":"type-product","3":"status-publish","4":"has-post-thumbnail","6":"product_cat-accesorios","8":"first","9":"instock","10":"taxable","11":"shipping-taxable","12":"purchasable","13":"product-type-simple","14":"entry","15":"content-bg","16":"loop-entry"},"acf":[],"taxonomy_info":{"product_cat":[{"value":65,"label":"Accesorios"}]},"featured_image_src_large":["https:\/\/toit.uk\/wp-content\/uploads\/2024\/03\/Toit-118-2.jpg",800,800,false],"author_info":[],"comment_info":0,"_links":{"self":[{"href":"https:\/\/toit.uk\/es\/wp-json\/wp\/v2\/product\/5912","targetHints":{"allow":["GET"]}}],"collection":[{"href":"https:\/\/toit.uk\/es\/wp-json\/wp\/v2\/product"}],"about":[{"href":"https:\/\/toit.uk\/es\/wp-json\/wp\/v2\/types\/product"}],"replies":[{"embeddable":true,"href":"https:\/\/toit.uk\/es\/wp-json\/wp\/v2\/comments?post=5912"}],"wp:featuredmedia":[{"embeddable":true,"href":"https:\/\/toit.uk\/es\/wp-json\/wp\/v2\/media\/5303"}],"wp:attachment":[{"href":"https:\/\/toit.uk\/es\/wp-json\/wp\/v2\/media?parent=5912"}],"wp:term":[{"taxonomy":"product_brand","embeddable":true,"href":"https:\/\/toit.uk\/es\/wp-json\/wp\/v2\/product_brand?post=5912"},{"taxonomy":"product_cat","embeddable":true,"href":"https:\/\/toit.uk\/es\/wp-json\/wp\/v2\/product_cat?post=5912"},{"taxonomy":"product_tag","embeddable":true,"href":"https:\/\/toit.uk\/es\/wp-json\/wp\/v2\/product_tag?post=5912"}],"curies":[{"name":"wp","href":"https:\/\/api.w.org\/{rel}","templated":true}]}}