{"id":5911,"date":"2023-12-22T13:16:27","date_gmt":"2023-12-22T13:16:27","guid":{"rendered":"https:\/\/toit.uk\/product\/alicates-de-punta-corta-eco\/"},"modified":"2024-05-25T17:36:26","modified_gmt":"2024-05-25T16:36:26","slug":"alicates-de-punta-corta-eco","status":"publish","type":"product","link":"https:\/\/toit.uk\/es\/producto\/alicates-de-punta-corta-eco\/","title":{"rendered":"Alicates de punta corta &#8211; Eco"},"content":{"rendered":"<p>Si la comodidad y la facilidad de uso te vienen a la mente cuando buscas la herramienta perfecta para desanudar, entonces el Alicate de punta corta Toit puede ser justo lo que est\u00e1s buscando. No s\u00f3lo est\u00e1 dise\u00f1ado para desenganchar, sino que dispone de varios orificios en las asas para pasar el anzuelo y apretar el nudo de pesca. Fabricados en acero inoxidable, estos alicates de punta corta son ideales para extraer anzuelos de peque\u00f1as especies de agua dulce y salada. Esta herramienta tiene un agarre mejorado con una longitud de mordaza m\u00e1s corta que proporciona mayor rigidez y fuerza de agarre durante la extracci\u00f3n del gancho. El dise\u00f1o \u00fanico del mango permite que la herramienta entre en espacios bastante estrechos, especialmente cuando se trabaja alrededor de las branquias de los peces dentro de la boca. La menor longitud de la mand\u00edbula y la distancia del fulcro tambi\u00e9n evitan la flexi\u00f3n y torsi\u00f3n de las puntas de la mand\u00edbula. La carga por resorte para un uso repetido puede dar ventaja a esta herramienta.<\/p>\n","protected":false},"excerpt":{"rendered":"<p>Acero inoxidable 410 J1 forjado por estampaci\u00f3n, Longitud \u00f3ptima para evitar que se deforme, Dientes dentados, Cargado internamente por resorte para facilitar el manejo, Dise\u00f1o ergon\u00f3mico acabado a mano, Dise\u00f1ado para la comodidad de la mano\/agarre, Ligero, Dise\u00f1ado para ajustarse al cuero Toit, Funda (Se vende por separado), Producto respetuoso con el medio ambiente, sin mango de goma\/pl\u00e1stico\/silicona, Dise\u00f1o totalmente met\u00e1lico &#8211; No hay pl\u00e1stico que se caiga, se encoja o se da\u00f1e, Acabado superficial muy pulido<\/p>\n","protected":false},"featured_media":5399,"comment_status":"open","ping_status":"closed","template":"","meta":{"_acf_changed":false,"_kad_blocks_custom_css":"","_kad_blocks_head_custom_js":"","_kad_blocks_body_custom_js":"","_kad_blocks_footer_custom_js":"","_kad_post_transparent":"","_kad_post_title":"","_kad_post_layout":"","_kad_post_sidebar_id":"","_kad_post_content_style":"","_kad_post_vertical_padding":"","_kad_post_feature":"","_kad_post_feature_position":"","_kad_post_header":false,"_kad_post_footer":false,"_kad_post_classname":""},"product_brand":[],"product_cat":[62],"product_tag":[],"class_list":{"0":"post-5911","1":"product","2":"type-product","3":"status-publish","4":"has-post-thumbnail","6":"product_cat-eco-es","8":"first","9":"instock","10":"taxable","11":"shipping-taxable","12":"purchasable","13":"product-type-simple","14":"entry","15":"content-bg","16":"loop-entry"},"acf":[],"taxonomy_info":{"product_cat":[{"value":62,"label":"Eco"}]},"featured_image_src_large":["https:\/\/toit.uk\/wp-content\/uploads\/2024\/03\/Toit-202-4.jpg",800,800,false],"author_info":[],"comment_info":0,"_links":{"self":[{"href":"https:\/\/toit.uk\/es\/wp-json\/wp\/v2\/product\/5911","targetHints":{"allow":["GET"]}}],"collection":[{"href":"https:\/\/toit.uk\/es\/wp-json\/wp\/v2\/product"}],"about":[{"href":"https:\/\/toit.uk\/es\/wp-json\/wp\/v2\/types\/product"}],"replies":[{"embeddable":true,"href":"https:\/\/toit.uk\/es\/wp-json\/wp\/v2\/comments?post=5911"}],"wp:featuredmedia":[{"embeddable":true,"href":"https:\/\/toit.uk\/es\/wp-json\/wp\/v2\/media\/5399"}],"wp:attachment":[{"href":"https:\/\/toit.uk\/es\/wp-json\/wp\/v2\/media?parent=5911"}],"wp:term":[{"taxonomy":"product_brand","embeddable":true,"href":"https:\/\/toit.uk\/es\/wp-json\/wp\/v2\/product_brand?post=5911"},{"taxonomy":"product_cat","embeddable":true,"href":"https:\/\/toit.uk\/es\/wp-json\/wp\/v2\/product_cat?post=5911"},{"taxonomy":"product_tag","embeddable":true,"href":"https:\/\/toit.uk\/es\/wp-json\/wp\/v2\/product_tag?post=5911"}],"curies":[{"name":"wp","href":"https:\/\/api.w.org\/{rel}","templated":true}]}}