{"id":5908,"date":"2023-12-22T13:16:27","date_gmt":"2023-12-22T13:16:27","guid":{"rendered":"https:\/\/toit.uk\/product\/etiqueta-de-recambio-y-aguja-de-ventilacion\/"},"modified":"2024-05-25T17:36:30","modified_gmt":"2024-05-25T16:36:30","slug":"etiqueta-de-recambio-y-aguja-de-ventilacion","status":"publish","type":"product","link":"https:\/\/toit.uk\/es\/producto\/etiqueta-de-recambio-y-aguja-de-ventilacion\/","title":{"rendered":"Etiqueta de recambio y aguja de ventilaci\u00f3n"},"content":{"rendered":"<p>Fabricado en dos partes separadas. El Tubo de acero inoxidable 304 est\u00e1 dise\u00f1ado espec\u00edficamente para utilizarlo con marcas de peces peque\u00f1os. El tubo est\u00e1 abierto por ambos lados. Esto permitir\u00e1 utilizar el producto como aguja de inserci\u00f3n Ikejime y como herramienta de ventilaci\u00f3n en especies de peces m\u00e1s grandes. La pinza de acero inoxidable 316 es bidireccional, lo que permite al pescador guardar la aguja con seguridad en el interior del mango cuando no la utiliza.<\/p>\n","protected":false},"excerpt":{"rendered":"<p>Etiqueta de recambio y aguja de ventilaci\u00f3n. Fabricado en acero inoxidable 316 y 304. Innovador sistema de pinzas, que forma parte del sistema modular de herramientas Toit. Pinza bidireccional, permite guardarla de forma segura en el mango recto cuando no se utiliza. Utiliza el producto junto con el accesorio modular de mango recto o en T. Utiliza la herramienta de recambio Marca y Ventea para marcar especies de peces y ventear peces grandes antes de devolverlos al agua. No es adecuado en absoluto para uso infantil.<\/p>\n","protected":false},"featured_media":5354,"comment_status":"open","ping_status":"closed","template":"","meta":{"_acf_changed":false,"_kad_blocks_custom_css":"","_kad_blocks_head_custom_js":"","_kad_blocks_body_custom_js":"","_kad_blocks_footer_custom_js":"","_kad_post_transparent":"","_kad_post_title":"","_kad_post_layout":"","_kad_post_sidebar_id":"","_kad_post_content_style":"","_kad_post_vertical_padding":"","_kad_post_feature":"","_kad_post_feature_position":"","_kad_post_header":false,"_kad_post_footer":false,"_kad_post_classname":""},"product_brand":[],"product_cat":[65],"product_tag":[],"class_list":{"0":"post-5908","1":"product","2":"type-product","3":"status-publish","4":"has-post-thumbnail","6":"product_cat-accesorios","8":"first","9":"instock","10":"taxable","11":"shipping-taxable","12":"purchasable","13":"product-type-simple","14":"entry","15":"content-bg","16":"loop-entry"},"acf":[],"taxonomy_info":{"product_cat":[{"value":65,"label":"Accesorios"}]},"featured_image_src_large":["https:\/\/toit.uk\/wp-content\/uploads\/2024\/03\/Toit-128-9.jpg",800,800,false],"author_info":[],"comment_info":0,"_links":{"self":[{"href":"https:\/\/toit.uk\/es\/wp-json\/wp\/v2\/product\/5908","targetHints":{"allow":["GET"]}}],"collection":[{"href":"https:\/\/toit.uk\/es\/wp-json\/wp\/v2\/product"}],"about":[{"href":"https:\/\/toit.uk\/es\/wp-json\/wp\/v2\/types\/product"}],"replies":[{"embeddable":true,"href":"https:\/\/toit.uk\/es\/wp-json\/wp\/v2\/comments?post=5908"}],"wp:featuredmedia":[{"embeddable":true,"href":"https:\/\/toit.uk\/es\/wp-json\/wp\/v2\/media\/5354"}],"wp:attachment":[{"href":"https:\/\/toit.uk\/es\/wp-json\/wp\/v2\/media?parent=5908"}],"wp:term":[{"taxonomy":"product_brand","embeddable":true,"href":"https:\/\/toit.uk\/es\/wp-json\/wp\/v2\/product_brand?post=5908"},{"taxonomy":"product_cat","embeddable":true,"href":"https:\/\/toit.uk\/es\/wp-json\/wp\/v2\/product_cat?post=5908"},{"taxonomy":"product_tag","embeddable":true,"href":"https:\/\/toit.uk\/es\/wp-json\/wp\/v2\/product_tag?post=5908"}],"curies":[{"name":"wp","href":"https:\/\/api.w.org\/{rel}","templated":true}]}}