{"id":5901,"date":"2023-12-22T13:16:27","date_gmt":"2023-12-22T13:16:27","guid":{"rendered":"https:\/\/toit.uk\/product\/cortadores-laterales-eco\/"},"modified":"2024-05-25T17:36:23","modified_gmt":"2024-05-25T16:36:23","slug":"cortadores-laterales-eco","status":"publish","type":"product","link":"https:\/\/toit.uk\/es\/producto\/cortadores-laterales-eco\/","title":{"rendered":"Cortadores laterales &#8211; Eco"},"content":{"rendered":"<p>Estos cortadores laterales est\u00e1n dise\u00f1ados espec\u00edficamente para cortar hilo de pescar de un solo filamento. No s\u00f3lo son de acero inoxidable, sino que tambi\u00e9n hemos incorporado un inserto de carburo de tungsteno tanto en la mand\u00edbula superior como en la inferior. \u00bfEst\u00e1s cansado de ver c\u00f3mo estas herramientas de tipo inserto extra\u00edble se rompen, se retuercen y se deforman los tornillos? Pues precisamente por eso optamos por un filo fijo. Si buscas cortadores laterales que ofrezcan resistencia a la corrosi\u00f3n y un mango ergon\u00f3mico, \u00e9sta puede ser la herramienta que debes probar. Los cortadores laterales Toit funcionan a la perfecci\u00f3n junto con nuestra Herramienta de Torsi\u00f3n Haywire para crear una Torsi\u00f3n Haywire, un Aparejo Tokio o incluso un Aparejo Dingle Dangle. No se recomienda para cortar trenza, cable multifilar o anzuelos de pesca.<\/p>\n","protected":false},"excerpt":{"rendered":"<p>Acero inoxidable 410 J1 forjado por estampaci\u00f3n, Inserto de carburo de tungsteno soldado, Dise\u00f1o ergon\u00f3mico acabado a mano, Dise\u00f1ado para la comodidad de la mano\/agarre, Cargado internamente por resorte para facilitar el manejo, Ligero, Dise\u00f1ado para adaptarse a la funda de cuero Toit (se vende por separado), Producto respetuoso con el medio ambiente, sin mango de goma\/pl\u00e1stico\/silicona, Dise\u00f1o totalmente met\u00e1lico &#8211; Sin pl\u00e1stico que se caiga, se encoja o se da\u00f1e, Acabado superficial muy pulido, Inserto fijo para evitar que se mueva, Filo de corte estable. No se recomienda para cortar cables trenzados o multifilares ni anzuelos de pesca.<\/p>\n","protected":false},"featured_media":5372,"comment_status":"open","ping_status":"closed","template":"","meta":{"_acf_changed":false,"_kad_blocks_custom_css":"","_kad_blocks_head_custom_js":"","_kad_blocks_body_custom_js":"","_kad_blocks_footer_custom_js":"","_kad_post_transparent":"","_kad_post_title":"","_kad_post_layout":"","_kad_post_sidebar_id":"","_kad_post_content_style":"","_kad_post_vertical_padding":"","_kad_post_feature":"","_kad_post_feature_position":"","_kad_post_header":false,"_kad_post_footer":false,"_kad_post_classname":""},"product_brand":[],"product_cat":[62],"product_tag":[],"class_list":{"0":"post-5901","1":"product","2":"type-product","3":"status-publish","4":"has-post-thumbnail","6":"product_cat-eco-es","8":"first","9":"instock","10":"taxable","11":"shipping-taxable","12":"purchasable","13":"product-type-simple","14":"entry","15":"content-bg","16":"loop-entry"},"acf":[],"taxonomy_info":{"product_cat":[{"value":62,"label":"Eco"}]},"featured_image_src_large":["https:\/\/toit.uk\/wp-content\/uploads\/2024\/03\/Toit-201-3.jpg",800,800,false],"author_info":[],"comment_info":0,"_links":{"self":[{"href":"https:\/\/toit.uk\/es\/wp-json\/wp\/v2\/product\/5901","targetHints":{"allow":["GET"]}}],"collection":[{"href":"https:\/\/toit.uk\/es\/wp-json\/wp\/v2\/product"}],"about":[{"href":"https:\/\/toit.uk\/es\/wp-json\/wp\/v2\/types\/product"}],"replies":[{"embeddable":true,"href":"https:\/\/toit.uk\/es\/wp-json\/wp\/v2\/comments?post=5901"}],"wp:featuredmedia":[{"embeddable":true,"href":"https:\/\/toit.uk\/es\/wp-json\/wp\/v2\/media\/5372"}],"wp:attachment":[{"href":"https:\/\/toit.uk\/es\/wp-json\/wp\/v2\/media?parent=5901"}],"wp:term":[{"taxonomy":"product_brand","embeddable":true,"href":"https:\/\/toit.uk\/es\/wp-json\/wp\/v2\/product_brand?post=5901"},{"taxonomy":"product_cat","embeddable":true,"href":"https:\/\/toit.uk\/es\/wp-json\/wp\/v2\/product_cat?post=5901"},{"taxonomy":"product_tag","embeddable":true,"href":"https:\/\/toit.uk\/es\/wp-json\/wp\/v2\/product_tag?post=5901"}],"curies":[{"name":"wp","href":"https:\/\/api.w.org\/{rel}","templated":true}]}}