{"id":5898,"date":"2023-12-22T13:16:24","date_gmt":"2023-12-22T13:16:24","guid":{"rendered":"https:\/\/toit.uk\/product\/estuche-blando-para-alicates-de-anillas-divididas\/"},"modified":"2024-05-25T17:36:49","modified_gmt":"2024-05-25T16:36:49","slug":"estuche-blando-para-alicates-de-anillas-divididas","status":"publish","type":"product","link":"https:\/\/toit.uk\/es\/producto\/estuche-blando-para-alicates-de-anillas-divididas\/","title":{"rendered":"Estuche blando para alicates de anillas divididas"},"content":{"rendered":"<p>Hay casos y luego hay \u00abS\u00d3LO\u00bb casos. Este producto de primera calidad albergar\u00e1 tus \u00daNICOS Alicates Modulares de Anillas Partidas de elecci\u00f3n. Carcasa exterior termoformada textil de poli\u00e9ster azul, que encapsula y protege tu producto Toit cuando no se utiliza. Al abrir el \u00fanico tirador de la microcremallera, quedar\u00e1 al descubierto la carcasa protectora interior de EVA. Los alicates, los insertos y la llave se venden por separado. Adecuado para alojar cualquiera de los alicates de anilla hendida de la gama Toit 151 &#8211; 159. Capaz de alojar los 9 insertos de anilla hendida y una llave Gedore-Red de cromo vanadio de 6 mm.<\/p>\n","protected":false},"excerpt":{"rendered":"<p>Estuche para alicates de anillas divididas. Tejido de poli\u00e9ster entrelazado azul Funda moldeada termoformada. Inserciones interiores de EVA tanto en la tapa como en la base. Dise\u00f1ado para alojar la gama de \u00danicas Herramientas de Anillas Partidas de aluminio fabricadas por Toit. Los alicates y los insertos se venden por separado.<\/p>\n","protected":false},"featured_media":5294,"comment_status":"open","ping_status":"closed","template":"","meta":{"_acf_changed":false,"_kad_blocks_custom_css":"","_kad_blocks_head_custom_js":"","_kad_blocks_body_custom_js":"","_kad_blocks_footer_custom_js":"","_kad_post_transparent":"","_kad_post_title":"","_kad_post_layout":"","_kad_post_sidebar_id":"","_kad_post_content_style":"","_kad_post_vertical_padding":"","_kad_post_feature":"","_kad_post_feature_position":"","_kad_post_header":false,"_kad_post_footer":false,"_kad_post_classname":""},"product_brand":[],"product_cat":[60],"product_tag":[],"class_list":{"0":"post-5898","1":"product","2":"type-product","3":"status-publish","4":"has-post-thumbnail","6":"product_cat-only-es","8":"first","9":"instock","10":"taxable","11":"shipping-taxable","12":"purchasable","13":"product-type-simple","14":"entry","15":"content-bg","16":"loop-entry"},"acf":[],"taxonomy_info":{"product_cat":[{"value":60,"label":"Only"}]},"featured_image_src_large":["https:\/\/toit.uk\/wp-content\/uploads\/2024\/03\/Toit-149-2.jpg",800,800,false],"author_info":[],"comment_info":0,"_links":{"self":[{"href":"https:\/\/toit.uk\/es\/wp-json\/wp\/v2\/product\/5898","targetHints":{"allow":["GET"]}}],"collection":[{"href":"https:\/\/toit.uk\/es\/wp-json\/wp\/v2\/product"}],"about":[{"href":"https:\/\/toit.uk\/es\/wp-json\/wp\/v2\/types\/product"}],"replies":[{"embeddable":true,"href":"https:\/\/toit.uk\/es\/wp-json\/wp\/v2\/comments?post=5898"}],"wp:featuredmedia":[{"embeddable":true,"href":"https:\/\/toit.uk\/es\/wp-json\/wp\/v2\/media\/5294"}],"wp:attachment":[{"href":"https:\/\/toit.uk\/es\/wp-json\/wp\/v2\/media?parent=5898"}],"wp:term":[{"taxonomy":"product_brand","embeddable":true,"href":"https:\/\/toit.uk\/es\/wp-json\/wp\/v2\/product_brand?post=5898"},{"taxonomy":"product_cat","embeddable":true,"href":"https:\/\/toit.uk\/es\/wp-json\/wp\/v2\/product_cat?post=5898"},{"taxonomy":"product_tag","embeddable":true,"href":"https:\/\/toit.uk\/es\/wp-json\/wp\/v2\/product_tag?post=5898"}],"curies":[{"name":"wp","href":"https:\/\/api.w.org\/{rel}","templated":true}]}}