{"id":5886,"date":"2023-12-22T13:16:24","date_gmt":"2023-12-22T13:16:24","guid":{"rendered":"https:\/\/toit.uk\/product\/mandibula-conica-micro\/"},"modified":"2024-05-25T17:36:59","modified_gmt":"2024-05-25T16:36:59","slug":"mandibula-conica-micro","status":"publish","type":"product","link":"https:\/\/toit.uk\/es\/producto\/mandibula-conica-micro\/","title":{"rendered":"Mand\u00edbula c\u00f3nica Micro"},"content":{"rendered":"<p>Si lo que buscas en una herramienta es ingenier\u00eda de precisi\u00f3n, no busques m\u00e1s. Mecanizado CNC con una tolerancia de 30 micras. El acabado de precisi\u00f3n redefine el control a la hora de colocar y retirar la anilla partida en se\u00f1uelos y anzuelos. Los anillos partidos fallan o se extienden en exceso cuando se alcanza el l\u00edmite d\u00factil del material base, dejando sin cerrar la abertura del anillo partido. Esto provocar\u00e1 la p\u00e9rdida de peces o comprometer\u00e1 la resistencia del anillo partido. Es necesario un control preciso al abrir la anilla hendida, lo que permite al pescador comprender la ductilidad del metal de su marca de anilla hendida. Utiliza esta plaquita en combinaci\u00f3n con la plaquita Toit &#8211; 69 de mand\u00edbula redonda mediana para abrir anillas hendidas de los tama\u00f1os 1 a 3. Fabricada en acero inoxidable 440C endurecido para proporcionar a la herramienta resistencia a la corrosi\u00f3n y un filo resistente al desgaste.<\/p>\n","protected":false},"excerpt":{"rendered":"<p>Inserto de anilla hendida, acero inoxidable 440C, adecuado para tama\u00f1os de anillas hendidas 1 &#8211; 3, 31 mm de longitud total, utilizar junto con Toit &#8211; 69<\/p>\n","protected":false},"featured_media":5231,"comment_status":"open","ping_status":"closed","template":"","meta":{"_acf_changed":false,"_kad_blocks_custom_css":"","_kad_blocks_head_custom_js":"","_kad_blocks_body_custom_js":"","_kad_blocks_footer_custom_js":"","_kad_post_transparent":"","_kad_post_title":"","_kad_post_layout":"","_kad_post_sidebar_id":"","_kad_post_content_style":"","_kad_post_vertical_padding":"","_kad_post_feature":"","_kad_post_feature_position":"","_kad_post_header":false,"_kad_post_footer":false,"_kad_post_classname":""},"product_brand":[],"product_cat":[60],"product_tag":[],"class_list":{"0":"post-5886","1":"product","2":"type-product","3":"status-publish","4":"has-post-thumbnail","6":"product_cat-only-es","8":"first","9":"instock","10":"taxable","11":"shipping-taxable","12":"purchasable","13":"product-type-simple","14":"entry","15":"content-bg","16":"loop-entry"},"acf":[],"taxonomy_info":{"product_cat":[{"value":60,"label":"Only"}]},"featured_image_src_large":["https:\/\/toit.uk\/wp-content\/uploads\/2024\/03\/Toit-66-3-1.jpg",800,800,false],"author_info":[],"comment_info":0,"_links":{"self":[{"href":"https:\/\/toit.uk\/es\/wp-json\/wp\/v2\/product\/5886","targetHints":{"allow":["GET"]}}],"collection":[{"href":"https:\/\/toit.uk\/es\/wp-json\/wp\/v2\/product"}],"about":[{"href":"https:\/\/toit.uk\/es\/wp-json\/wp\/v2\/types\/product"}],"replies":[{"embeddable":true,"href":"https:\/\/toit.uk\/es\/wp-json\/wp\/v2\/comments?post=5886"}],"wp:featuredmedia":[{"embeddable":true,"href":"https:\/\/toit.uk\/es\/wp-json\/wp\/v2\/media\/5231"}],"wp:attachment":[{"href":"https:\/\/toit.uk\/es\/wp-json\/wp\/v2\/media?parent=5886"}],"wp:term":[{"taxonomy":"product_brand","embeddable":true,"href":"https:\/\/toit.uk\/es\/wp-json\/wp\/v2\/product_brand?post=5886"},{"taxonomy":"product_cat","embeddable":true,"href":"https:\/\/toit.uk\/es\/wp-json\/wp\/v2\/product_cat?post=5886"},{"taxonomy":"product_tag","embeddable":true,"href":"https:\/\/toit.uk\/es\/wp-json\/wp\/v2\/product_tag?post=5886"}],"curies":[{"name":"wp","href":"https:\/\/api.w.org\/{rel}","templated":true}]}}